{"id":980,"date":"2024-01-19T20:04:50","date_gmt":"2024-01-20T02:04:50","guid":{"rendered":"https:\/\/mariareynadelapaz.com\/?post_type=product&#038;p=980"},"modified":"2024-03-08T12:17:12","modified_gmt":"2024-03-08T18:17:12","slug":"virgen-apostolica-para-jardin-grande-1-40m","status":"publish","type":"product","link":"https:\/\/mariareynadelapaz.com\/index.php\/product\/virgen-apostolica-para-jardin-grande-1-40m\/","title":{"rendered":"Virgen Apost\u00f3lica Grande para Jard\u00edn 1.40m"},"content":{"rendered":"<p>Virgen Apost\u00f3lica grande para jard\u00edn 1.40m<\/p>\n<p>Hecha de polvo de m\u00e1rmol en molde italiano<\/p>\n<p>pesa 47 Kg,\u00a0 Para adquirir este producto favor de comunicarse<\/p>\n<p>a la tienda.<\/p>\n","protected":false},"excerpt":{"rendered":"<p>Virgen Apost\u00f3lica grande para jard\u00edn\u00a0 1.40m<\/p>\n<p>Hecha de polvo de m\u00e1rmol en molde italiano<\/p>\n<p>pesa 47 Kg,\u00a0 Para adquirir este producto favor de comunicarse<\/p>\n<p>a la tienda.<\/p>\n","protected":false},"featured_media":981,"template":"","meta":[],"product_cat":[38],"product_tag":[],"featured_image_urls":{"full":["https:\/\/mariareynadelapaz.com\/wp-content\/uploads\/2024\/01\/VIRGEN-APOSTOLICA-POLVO-DE-MARMOL-e1706849625769.jpeg",901,1362,false],"thumbnail":["https:\/\/mariareynadelapaz.com\/wp-content\/uploads\/2024\/01\/VIRGEN-APOSTOLICA-POLVO-DE-MARMOL-e1706849625769-150x150.jpeg",150,150,true],"medium":["https:\/\/mariareynadelapaz.com\/wp-content\/uploads\/2024\/01\/VIRGEN-APOSTOLICA-POLVO-DE-MARMOL-e1706849625769-198x300.jpeg",198,300,true],"medium_large":["https:\/\/mariareynadelapaz.com\/wp-content\/uploads\/2024\/01\/VIRGEN-APOSTOLICA-POLVO-DE-MARMOL-e1706849625769-768x1161.jpeg",768,1161,true],"large":["https:\/\/mariareynadelapaz.com\/wp-content\/uploads\/2024\/01\/VIRGEN-APOSTOLICA-POLVO-DE-MARMOL-e1706849625769-677x1024.jpeg",677,1024,true],"1536x1536":["https:\/\/mariareynadelapaz.com\/wp-content\/uploads\/2024\/01\/VIRGEN-APOSTOLICA-POLVO-DE-MARMOL-865x1536.jpeg",865,1536,true],"2048x2048":["https:\/\/mariareynadelapaz.com\/wp-content\/uploads\/2024\/01\/VIRGEN-APOSTOLICA-POLVO-DE-MARMOL-e1706849625769.jpeg",901,1362,false],"woocommerce_archive_thumbnail":["https:\/\/mariareynadelapaz.com\/wp-content\/uploads\/2024\/01\/VIRGEN-APOSTOLICA-POLVO-DE-MARMOL-e1706849625769-300x453.jpeg",300,453,true],"woocommerce_thumbnail":["https:\/\/mariareynadelapaz.com\/wp-content\/uploads\/2024\/01\/VIRGEN-APOSTOLICA-POLVO-DE-MARMOL-e1706849625769-300x300.jpeg",300,300,true],"woocommerce_single":["https:\/\/mariareynadelapaz.com\/wp-content\/uploads\/2024\/01\/VIRGEN-APOSTOLICA-POLVO-DE-MARMOL-e1706849625769-600x907.jpeg",600,907,true],"woocommerce_gallery_thumbnail":["https:\/\/mariareynadelapaz.com\/wp-content\/uploads\/2024\/01\/VIRGEN-APOSTOLICA-POLVO-DE-MARMOL-e1706849625769-100x100.jpeg",100,100,true]},"post_excerpt_stackable":"<p>Virgen Apost\u00f3lica grande para jard\u00edn\u00a0 1.40m<\/p>\n<p>Hecha de polvo de m\u00e1rmol en molde italiano<\/p>\n<p>pesa 47 Kg,\u00a0 Para adquirir este producto favor de comunicarse<\/p>\n<p>a la tienda.<\/p>\n","category_list":"","author_info":{"name":"","url":""},"comments_num":"0 comments","_links":{"self":[{"href":"https:\/\/mariareynadelapaz.com\/index.php\/wp-json\/wp\/v2\/product\/980"}],"collection":[{"href":"https:\/\/mariareynadelapaz.com\/index.php\/wp-json\/wp\/v2\/product"}],"about":[{"href":"https:\/\/mariareynadelapaz.com\/index.php\/wp-json\/wp\/v2\/types\/product"}],"wp:featuredmedia":[{"embeddable":true,"href":"https:\/\/mariareynadelapaz.com\/index.php\/wp-json\/wp\/v2\/media\/981"}],"wp:attachment":[{"href":"https:\/\/mariareynadelapaz.com\/index.php\/wp-json\/wp\/v2\/media?parent=980"}],"wp:term":[{"taxonomy":"product_cat","embeddable":true,"href":"https:\/\/mariareynadelapaz.com\/index.php\/wp-json\/wp\/v2\/product_cat?post=980"},{"taxonomy":"product_tag","embeddable":true,"href":"https:\/\/mariareynadelapaz.com\/index.php\/wp-json\/wp\/v2\/product_tag?post=980"}],"curies":[{"name":"wp","href":"https:\/\/api.w.org\/{rel}","templated":true}]}}