{"id":959,"date":"2024-01-17T15:03:08","date_gmt":"2024-01-17T21:03:08","guid":{"rendered":"https:\/\/mariareynadelapaz.com\/?post_type=product&#038;p=959"},"modified":"2024-04-07T15:25:03","modified_gmt":"2024-04-07T21:25:03","slug":"sueno-de-maria-24-cm-rustico","status":"publish","type":"product","link":"https:\/\/mariareynadelapaz.com\/index.php\/product\/sueno-de-maria-24-cm-rustico\/","title":{"rendered":"Sue\u00f1o De Mar\u00eda 24 cm Rustico 20 \u00d7 24 \u00d7 16 cm"},"content":{"rendered":"<p>Sue\u00f1o De Mar\u00eda 24 cm Rustico<\/p>\n","protected":false},"excerpt":{"rendered":"<p>Sue\u00f1o De Mar\u00eda 24 cm Rustico<\/p>\n","protected":false},"featured_media":960,"template":"","meta":[],"product_cat":[38],"product_tag":[],"featured_image_urls":{"full":["https:\/\/mariareynadelapaz.com\/wp-content\/uploads\/2024\/01\/10931-SUENO-DE-MARIA-.jpg",736,615,false],"thumbnail":["https:\/\/mariareynadelapaz.com\/wp-content\/uploads\/2024\/01\/10931-SUENO-DE-MARIA--150x150.jpg",150,150,true],"medium":["https:\/\/mariareynadelapaz.com\/wp-content\/uploads\/2024\/01\/10931-SUENO-DE-MARIA--300x251.jpg",300,251,true],"medium_large":["https:\/\/mariareynadelapaz.com\/wp-content\/uploads\/2024\/01\/10931-SUENO-DE-MARIA-.jpg",736,615,false],"large":["https:\/\/mariareynadelapaz.com\/wp-content\/uploads\/2024\/01\/10931-SUENO-DE-MARIA-.jpg",736,615,false],"1536x1536":["https:\/\/mariareynadelapaz.com\/wp-content\/uploads\/2024\/01\/10931-SUENO-DE-MARIA-.jpg",736,615,false],"2048x2048":["https:\/\/mariareynadelapaz.com\/wp-content\/uploads\/2024\/01\/10931-SUENO-DE-MARIA-.jpg",736,615,false],"woocommerce_archive_thumbnail":["https:\/\/mariareynadelapaz.com\/wp-content\/uploads\/2024\/01\/10931-SUENO-DE-MARIA--300x251.jpg",300,251,true],"woocommerce_thumbnail":["https:\/\/mariareynadelapaz.com\/wp-content\/uploads\/2024\/01\/10931-SUENO-DE-MARIA--300x300.jpg",300,300,true],"woocommerce_single":["https:\/\/mariareynadelapaz.com\/wp-content\/uploads\/2024\/01\/10931-SUENO-DE-MARIA--600x501.jpg",600,501,true],"woocommerce_gallery_thumbnail":["https:\/\/mariareynadelapaz.com\/wp-content\/uploads\/2024\/01\/10931-SUENO-DE-MARIA--100x100.jpg",100,100,true]},"post_excerpt_stackable":"<p>Sue\u00f1o De Mar\u00eda 24 cm Rustico<\/p>\n","category_list":"","author_info":{"name":"","url":""},"comments_num":"0 comments","_links":{"self":[{"href":"https:\/\/mariareynadelapaz.com\/index.php\/wp-json\/wp\/v2\/product\/959"}],"collection":[{"href":"https:\/\/mariareynadelapaz.com\/index.php\/wp-json\/wp\/v2\/product"}],"about":[{"href":"https:\/\/mariareynadelapaz.com\/index.php\/wp-json\/wp\/v2\/types\/product"}],"wp:featuredmedia":[{"embeddable":true,"href":"https:\/\/mariareynadelapaz.com\/index.php\/wp-json\/wp\/v2\/media\/960"}],"wp:attachment":[{"href":"https:\/\/mariareynadelapaz.com\/index.php\/wp-json\/wp\/v2\/media?parent=959"}],"wp:term":[{"taxonomy":"product_cat","embeddable":true,"href":"https:\/\/mariareynadelapaz.com\/index.php\/wp-json\/wp\/v2\/product_cat?post=959"},{"taxonomy":"product_tag","embeddable":true,"href":"https:\/\/mariareynadelapaz.com\/index.php\/wp-json\/wp\/v2\/product_tag?post=959"}],"curies":[{"name":"wp","href":"https:\/\/api.w.org\/{rel}","templated":true}]}}