{"id":57,"date":"2020-03-13T10:07:44","date_gmt":"2020-03-13T10:07:44","guid":{"rendered":"https:\/\/demo.creativethemes.com\/blocksy\/modern-shop\/?post_type=product&#038;p=57"},"modified":"2025-03-03T15:14:20","modified_gmt":"2025-03-03T21:14:20","slug":"fringilla-phasellus-faucus-scelerisque-eleifend-donec","status":"publish","type":"product","link":"https:\/\/mariareynadelapaz.com\/index.php\/product\/fringilla-phasellus-faucus-scelerisque-eleifend-donec\/","title":{"rendered":"Sagrado Coraz\u00f3n De Jes\u00fas Tr\u00edptico De Madera"},"content":{"rendered":"<p>Sagrado Coraz\u00f3n De Jes\u00fas Tr\u00edptico De Madera 28x23x5 cm 650 gr.<\/p>\n","protected":false},"excerpt":{"rendered":"<p>Sagrado Coraz\u00f3n De Jes\u00fas Tr\u00edptico De Madera 28x23x5 cm 650 gr.<\/p>\n","protected":false},"featured_media":914,"template":"","meta":[],"product_cat":[42,38],"product_tag":[],"featured_image_urls":{"full":["https:\/\/mariareynadelapaz.com\/wp-content\/uploads\/2020\/03\/10-Sagrado-Corazon-de-Jesus.png",600,508,false],"thumbnail":["https:\/\/mariareynadelapaz.com\/wp-content\/uploads\/2020\/03\/10-Sagrado-Corazon-de-Jesus-150x150.png",150,150,true],"medium":["https:\/\/mariareynadelapaz.com\/wp-content\/uploads\/2020\/03\/10-Sagrado-Corazon-de-Jesus-300x254.png",300,254,true],"medium_large":["https:\/\/mariareynadelapaz.com\/wp-content\/uploads\/2020\/03\/10-Sagrado-Corazon-de-Jesus.png",600,508,false],"large":["https:\/\/mariareynadelapaz.com\/wp-content\/uploads\/2020\/03\/10-Sagrado-Corazon-de-Jesus.png",600,508,false],"1536x1536":["https:\/\/mariareynadelapaz.com\/wp-content\/uploads\/2020\/03\/10-Sagrado-Corazon-de-Jesus.png",600,508,false],"2048x2048":["https:\/\/mariareynadelapaz.com\/wp-content\/uploads\/2020\/03\/10-Sagrado-Corazon-de-Jesus.png",600,508,false],"woocommerce_archive_thumbnail":["https:\/\/mariareynadelapaz.com\/wp-content\/uploads\/2020\/03\/10-Sagrado-Corazon-de-Jesus-300x254.png",300,254,true],"woocommerce_thumbnail":["https:\/\/mariareynadelapaz.com\/wp-content\/uploads\/2020\/03\/10-Sagrado-Corazon-de-Jesus-300x300.png",300,300,true],"woocommerce_single":["https:\/\/mariareynadelapaz.com\/wp-content\/uploads\/2020\/03\/10-Sagrado-Corazon-de-Jesus.png",600,508,false],"woocommerce_gallery_thumbnail":["https:\/\/mariareynadelapaz.com\/wp-content\/uploads\/2020\/03\/10-Sagrado-Corazon-de-Jesus-100x100.png",100,100,true]},"post_excerpt_stackable":"<p>Sagrado Coraz\u00f3n De Jes\u00fas Tr\u00edptico De Madera 28x23x5 cm 650 gr.<\/p>\n","category_list":"","author_info":{"name":"","url":""},"comments_num":"0 comments","_links":{"self":[{"href":"https:\/\/mariareynadelapaz.com\/index.php\/wp-json\/wp\/v2\/product\/57"}],"collection":[{"href":"https:\/\/mariareynadelapaz.com\/index.php\/wp-json\/wp\/v2\/product"}],"about":[{"href":"https:\/\/mariareynadelapaz.com\/index.php\/wp-json\/wp\/v2\/types\/product"}],"wp:featuredmedia":[{"embeddable":true,"href":"https:\/\/mariareynadelapaz.com\/index.php\/wp-json\/wp\/v2\/media\/914"}],"wp:attachment":[{"href":"https:\/\/mariareynadelapaz.com\/index.php\/wp-json\/wp\/v2\/media?parent=57"}],"wp:term":[{"taxonomy":"product_cat","embeddable":true,"href":"https:\/\/mariareynadelapaz.com\/index.php\/wp-json\/wp\/v2\/product_cat?post=57"},{"taxonomy":"product_tag","embeddable":true,"href":"https:\/\/mariareynadelapaz.com\/index.php\/wp-json\/wp\/v2\/product_tag?post=57"}],"curies":[{"name":"wp","href":"https:\/\/api.w.org\/{rel}","templated":true}]}}