{"id":2335,"date":"2025-05-03T11:36:32","date_gmt":"2025-05-03T17:36:32","guid":{"rendered":"https:\/\/mariareynadelapaz.com\/?post_type=product&#038;p=2335"},"modified":"2025-05-03T12:04:23","modified_gmt":"2025-05-03T18:04:23","slug":"cuadro-sagrado-corazon-de-jesus-blanco-y-negro-del-detalles-a-color","status":"publish","type":"product","link":"https:\/\/mariareynadelapaz.com\/index.php\/product\/cuadro-sagrado-corazon-de-jesus-blanco-y-negro-del-detalles-a-color\/","title":{"rendered":"Cuadro Sagrado Coraz\u00f3n de Jes\u00fas Blanco y Negro con Detalles a Color"},"content":{"rendered":"<p>Cuadro Sagrado Coraz\u00f3n de Jes\u00fas Blanco y Negro con Detalles a Color <\/p>\n","protected":false},"excerpt":{"rendered":"<p>Cuadro Sagrado Coraz\u00f3n de Jes\u00fas Blanco y Negro con Detalles a Color <\/p>\n","protected":false},"featured_media":2336,"template":"","meta":[],"product_cat":[79,28,44],"product_tag":[],"featured_image_urls":{"full":["https:\/\/mariareynadelapaz.com\/wp-content\/uploads\/2025\/05\/WhatsApp-Image-2025-05-03-at-11.35.55-AM.jpeg",942,1600,false],"thumbnail":["https:\/\/mariareynadelapaz.com\/wp-content\/uploads\/2025\/05\/WhatsApp-Image-2025-05-03-at-11.35.55-AM-150x150.jpeg",150,150,true],"medium":["https:\/\/mariareynadelapaz.com\/wp-content\/uploads\/2025\/05\/WhatsApp-Image-2025-05-03-at-11.35.55-AM-177x300.jpeg",177,300,true],"medium_large":["https:\/\/mariareynadelapaz.com\/wp-content\/uploads\/2025\/05\/WhatsApp-Image-2025-05-03-at-11.35.55-AM-768x1304.jpeg",768,1304,true],"large":["https:\/\/mariareynadelapaz.com\/wp-content\/uploads\/2025\/05\/WhatsApp-Image-2025-05-03-at-11.35.55-AM-603x1024.jpeg",603,1024,true],"1536x1536":["https:\/\/mariareynadelapaz.com\/wp-content\/uploads\/2025\/05\/WhatsApp-Image-2025-05-03-at-11.35.55-AM-904x1536.jpeg",904,1536,true],"2048x2048":["https:\/\/mariareynadelapaz.com\/wp-content\/uploads\/2025\/05\/WhatsApp-Image-2025-05-03-at-11.35.55-AM.jpeg",942,1600,false],"woocommerce_archive_thumbnail":["https:\/\/mariareynadelapaz.com\/wp-content\/uploads\/2025\/05\/WhatsApp-Image-2025-05-03-at-11.35.55-AM-300x510.jpeg",300,510,true],"woocommerce_thumbnail":["https:\/\/mariareynadelapaz.com\/wp-content\/uploads\/2025\/05\/WhatsApp-Image-2025-05-03-at-11.35.55-AM-300x300.jpeg",300,300,true],"woocommerce_single":["https:\/\/mariareynadelapaz.com\/wp-content\/uploads\/2025\/05\/WhatsApp-Image-2025-05-03-at-11.35.55-AM-600x1019.jpeg",600,1019,true],"woocommerce_gallery_thumbnail":["https:\/\/mariareynadelapaz.com\/wp-content\/uploads\/2025\/05\/WhatsApp-Image-2025-05-03-at-11.35.55-AM-100x100.jpeg",100,100,true]},"post_excerpt_stackable":"<p>Cuadro Sagrado Coraz\u00f3n de Jes\u00fas Blanco y Negro con Detalles a Color <\/p>\n","category_list":"","author_info":{"name":"","url":""},"comments_num":"0 comments","_links":{"self":[{"href":"https:\/\/mariareynadelapaz.com\/index.php\/wp-json\/wp\/v2\/product\/2335"}],"collection":[{"href":"https:\/\/mariareynadelapaz.com\/index.php\/wp-json\/wp\/v2\/product"}],"about":[{"href":"https:\/\/mariareynadelapaz.com\/index.php\/wp-json\/wp\/v2\/types\/product"}],"wp:featuredmedia":[{"embeddable":true,"href":"https:\/\/mariareynadelapaz.com\/index.php\/wp-json\/wp\/v2\/media\/2336"}],"wp:attachment":[{"href":"https:\/\/mariareynadelapaz.com\/index.php\/wp-json\/wp\/v2\/media?parent=2335"}],"wp:term":[{"taxonomy":"product_cat","embeddable":true,"href":"https:\/\/mariareynadelapaz.com\/index.php\/wp-json\/wp\/v2\/product_cat?post=2335"},{"taxonomy":"product_tag","embeddable":true,"href":"https:\/\/mariareynadelapaz.com\/index.php\/wp-json\/wp\/v2\/product_tag?post=2335"}],"curies":[{"name":"wp","href":"https:\/\/api.w.org\/{rel}","templated":true}]}}