{"id":2312,"date":"2025-04-16T17:55:47","date_gmt":"2025-04-16T23:55:47","guid":{"rendered":"https:\/\/mariareynadelapaz.com\/?post_type=product&#038;p=2312"},"modified":"2025-05-12T15:44:42","modified_gmt":"2025-05-12T21:44:42","slug":"cirio-peregrinacion-de-la-adoracion","status":"publish","type":"product","link":"https:\/\/mariareynadelapaz.com\/index.php\/product\/cirio-peregrinacion-de-la-adoracion\/","title":{"rendered":"Cirio Peregrinaci\u00f3n de la Adoraci\u00f3n"},"content":{"rendered":"<p>Cirio Peregrinaci\u00f3n de la Adoraci\u00f3n <\/p>\n","protected":false},"excerpt":{"rendered":"<p>Cirio Peregrinaci\u00f3n de la Adoraci\u00f3n <\/p>\n","protected":false},"featured_media":2303,"template":"","meta":[],"product_cat":[70],"product_tag":[],"featured_image_urls":{"full":["https:\/\/mariareynadelapaz.com\/wp-content\/uploads\/2025\/04\/WhatsApp-Image-2025-04-16-at-5.08.08-PM-1.jpeg",1200,1600,false],"thumbnail":["https:\/\/mariareynadelapaz.com\/wp-content\/uploads\/2025\/04\/WhatsApp-Image-2025-04-16-at-5.08.08-PM-1-150x150.jpeg",150,150,true],"medium":["https:\/\/mariareynadelapaz.com\/wp-content\/uploads\/2025\/04\/WhatsApp-Image-2025-04-16-at-5.08.08-PM-1-225x300.jpeg",225,300,true],"medium_large":["https:\/\/mariareynadelapaz.com\/wp-content\/uploads\/2025\/04\/WhatsApp-Image-2025-04-16-at-5.08.08-PM-1-768x1024.jpeg",768,1024,true],"large":["https:\/\/mariareynadelapaz.com\/wp-content\/uploads\/2025\/04\/WhatsApp-Image-2025-04-16-at-5.08.08-PM-1-768x1024.jpeg",768,1024,true],"1536x1536":["https:\/\/mariareynadelapaz.com\/wp-content\/uploads\/2025\/04\/WhatsApp-Image-2025-04-16-at-5.08.08-PM-1-1152x1536.jpeg",1152,1536,true],"2048x2048":["https:\/\/mariareynadelapaz.com\/wp-content\/uploads\/2025\/04\/WhatsApp-Image-2025-04-16-at-5.08.08-PM-1.jpeg",1200,1600,false],"woocommerce_archive_thumbnail":["https:\/\/mariareynadelapaz.com\/wp-content\/uploads\/2025\/04\/WhatsApp-Image-2025-04-16-at-5.08.08-PM-1-300x400.jpeg",300,400,true],"woocommerce_thumbnail":["https:\/\/mariareynadelapaz.com\/wp-content\/uploads\/2025\/04\/WhatsApp-Image-2025-04-16-at-5.08.08-PM-1-300x300.jpeg",300,300,true],"woocommerce_single":["https:\/\/mariareynadelapaz.com\/wp-content\/uploads\/2025\/04\/WhatsApp-Image-2025-04-16-at-5.08.08-PM-1-600x800.jpeg",600,800,true],"woocommerce_gallery_thumbnail":["https:\/\/mariareynadelapaz.com\/wp-content\/uploads\/2025\/04\/WhatsApp-Image-2025-04-16-at-5.08.08-PM-1-100x100.jpeg",100,100,true]},"post_excerpt_stackable":"<p>Cirio Peregrinaci\u00f3n de la Adoraci\u00f3n <\/p>\n","category_list":"","author_info":{"name":"","url":""},"comments_num":"0 comments","_links":{"self":[{"href":"https:\/\/mariareynadelapaz.com\/index.php\/wp-json\/wp\/v2\/product\/2312"}],"collection":[{"href":"https:\/\/mariareynadelapaz.com\/index.php\/wp-json\/wp\/v2\/product"}],"about":[{"href":"https:\/\/mariareynadelapaz.com\/index.php\/wp-json\/wp\/v2\/types\/product"}],"wp:featuredmedia":[{"embeddable":true,"href":"https:\/\/mariareynadelapaz.com\/index.php\/wp-json\/wp\/v2\/media\/2303"}],"wp:attachment":[{"href":"https:\/\/mariareynadelapaz.com\/index.php\/wp-json\/wp\/v2\/media?parent=2312"}],"wp:term":[{"taxonomy":"product_cat","embeddable":true,"href":"https:\/\/mariareynadelapaz.com\/index.php\/wp-json\/wp\/v2\/product_cat?post=2312"},{"taxonomy":"product_tag","embeddable":true,"href":"https:\/\/mariareynadelapaz.com\/index.php\/wp-json\/wp\/v2\/product_tag?post=2312"}],"curies":[{"name":"wp","href":"https:\/\/api.w.org\/{rel}","templated":true}]}}