{"id":2187,"date":"2024-05-08T13:42:40","date_gmt":"2024-05-08T19:42:40","guid":{"rendered":"https:\/\/mariareynadelapaz.com\/?post_type=product&#038;p=2187"},"modified":"2024-05-08T13:42:40","modified_gmt":"2024-05-08T19:42:40","slug":"el-martirio-de-maria-jose-guadalupe-trevino-msps","status":"publish","type":"product","link":"https:\/\/mariareynadelapaz.com\/index.php\/product\/el-martirio-de-maria-jose-guadalupe-trevino-msps\/","title":{"rendered":"El Martirio de Mar\u00eda \/ Jos\u00e9 Guadalupe Trevi\u00f1o, MSpS"},"content":{"rendered":"<p>El Martirio de Mar\u00eda \/ Jos\u00e9 Guadalupe Trevi\u00f1o, MSpS<\/p>\n","protected":false},"excerpt":{"rendered":"<p>El Martirio de Mar\u00eda \/ Jos\u00e9 Guadalupe Trevi\u00f1o, MSpS<\/p>\n","protected":false},"featured_media":2188,"template":"","meta":[],"product_cat":[35],"product_tag":[],"featured_image_urls":{"full":["https:\/\/mariareynadelapaz.com\/wp-content\/uploads\/2024\/05\/WhatsApp-Image-2024-05-08-at-1.39.08-PM.jpeg",1200,1600,false],"thumbnail":["https:\/\/mariareynadelapaz.com\/wp-content\/uploads\/2024\/05\/WhatsApp-Image-2024-05-08-at-1.39.08-PM-150x150.jpeg",150,150,true],"medium":["https:\/\/mariareynadelapaz.com\/wp-content\/uploads\/2024\/05\/WhatsApp-Image-2024-05-08-at-1.39.08-PM-225x300.jpeg",225,300,true],"medium_large":["https:\/\/mariareynadelapaz.com\/wp-content\/uploads\/2024\/05\/WhatsApp-Image-2024-05-08-at-1.39.08-PM-768x1024.jpeg",768,1024,true],"large":["https:\/\/mariareynadelapaz.com\/wp-content\/uploads\/2024\/05\/WhatsApp-Image-2024-05-08-at-1.39.08-PM-768x1024.jpeg",768,1024,true],"1536x1536":["https:\/\/mariareynadelapaz.com\/wp-content\/uploads\/2024\/05\/WhatsApp-Image-2024-05-08-at-1.39.08-PM-1152x1536.jpeg",1152,1536,true],"2048x2048":["https:\/\/mariareynadelapaz.com\/wp-content\/uploads\/2024\/05\/WhatsApp-Image-2024-05-08-at-1.39.08-PM.jpeg",1200,1600,false],"woocommerce_archive_thumbnail":["https:\/\/mariareynadelapaz.com\/wp-content\/uploads\/2024\/05\/WhatsApp-Image-2024-05-08-at-1.39.08-PM-300x400.jpeg",300,400,true],"woocommerce_thumbnail":["https:\/\/mariareynadelapaz.com\/wp-content\/uploads\/2024\/05\/WhatsApp-Image-2024-05-08-at-1.39.08-PM-300x300.jpeg",300,300,true],"woocommerce_single":["https:\/\/mariareynadelapaz.com\/wp-content\/uploads\/2024\/05\/WhatsApp-Image-2024-05-08-at-1.39.08-PM-600x800.jpeg",600,800,true],"woocommerce_gallery_thumbnail":["https:\/\/mariareynadelapaz.com\/wp-content\/uploads\/2024\/05\/WhatsApp-Image-2024-05-08-at-1.39.08-PM-100x100.jpeg",100,100,true]},"post_excerpt_stackable":"<p>El Martirio de Mar\u00eda \/ Jos\u00e9 Guadalupe Trevi\u00f1o, MSpS<\/p>\n","category_list":"","author_info":{"name":"","url":""},"comments_num":"0 comments","_links":{"self":[{"href":"https:\/\/mariareynadelapaz.com\/index.php\/wp-json\/wp\/v2\/product\/2187"}],"collection":[{"href":"https:\/\/mariareynadelapaz.com\/index.php\/wp-json\/wp\/v2\/product"}],"about":[{"href":"https:\/\/mariareynadelapaz.com\/index.php\/wp-json\/wp\/v2\/types\/product"}],"wp:featuredmedia":[{"embeddable":true,"href":"https:\/\/mariareynadelapaz.com\/index.php\/wp-json\/wp\/v2\/media\/2188"}],"wp:attachment":[{"href":"https:\/\/mariareynadelapaz.com\/index.php\/wp-json\/wp\/v2\/media?parent=2187"}],"wp:term":[{"taxonomy":"product_cat","embeddable":true,"href":"https:\/\/mariareynadelapaz.com\/index.php\/wp-json\/wp\/v2\/product_cat?post=2187"},{"taxonomy":"product_tag","embeddable":true,"href":"https:\/\/mariareynadelapaz.com\/index.php\/wp-json\/wp\/v2\/product_tag?post=2187"}],"curies":[{"name":"wp","href":"https:\/\/api.w.org\/{rel}","templated":true}]}}