{"id":2127,"date":"2024-05-08T11:12:55","date_gmt":"2024-05-08T17:12:55","guid":{"rendered":"https:\/\/mariareynadelapaz.com\/?post_type=product&#038;p=2127"},"modified":"2024-05-08T11:12:55","modified_gmt":"2024-05-08T17:12:55","slug":"como-es-jesus-concepcion-cabrera-de-armida","status":"publish","type":"product","link":"https:\/\/mariareynadelapaz.com\/index.php\/product\/como-es-jesus-concepcion-cabrera-de-armida\/","title":{"rendered":"C\u00f3mo es Jes\u00fas \/ Concepci\u00f3n Cabrera de Armida"},"content":{"rendered":"<p>C\u00f3mo es Jes\u00fas \/ Concepci\u00f3n Cabrera de Armida<\/p>\n","protected":false},"excerpt":{"rendered":"<p>C\u00f3mo es Jes\u00fas \/ Concepci\u00f3n Cabrera de Armida<\/p>\n","protected":false},"featured_media":2129,"template":"","meta":[],"product_cat":[35],"product_tag":[],"featured_image_urls":{"full":["https:\/\/mariareynadelapaz.com\/wp-content\/uploads\/2024\/05\/WhatsApp-Image-2024-05-08-at-11.10.40-AM.jpeg",1066,1600,false],"thumbnail":["https:\/\/mariareynadelapaz.com\/wp-content\/uploads\/2024\/05\/WhatsApp-Image-2024-05-08-at-11.10.40-AM-150x150.jpeg",150,150,true],"medium":["https:\/\/mariareynadelapaz.com\/wp-content\/uploads\/2024\/05\/WhatsApp-Image-2024-05-08-at-11.10.40-AM-200x300.jpeg",200,300,true],"medium_large":["https:\/\/mariareynadelapaz.com\/wp-content\/uploads\/2024\/05\/WhatsApp-Image-2024-05-08-at-11.10.40-AM-768x1153.jpeg",768,1153,true],"large":["https:\/\/mariareynadelapaz.com\/wp-content\/uploads\/2024\/05\/WhatsApp-Image-2024-05-08-at-11.10.40-AM-682x1024.jpeg",682,1024,true],"1536x1536":["https:\/\/mariareynadelapaz.com\/wp-content\/uploads\/2024\/05\/WhatsApp-Image-2024-05-08-at-11.10.40-AM-1023x1536.jpeg",1023,1536,true],"2048x2048":["https:\/\/mariareynadelapaz.com\/wp-content\/uploads\/2024\/05\/WhatsApp-Image-2024-05-08-at-11.10.40-AM.jpeg",1066,1600,false],"woocommerce_archive_thumbnail":["https:\/\/mariareynadelapaz.com\/wp-content\/uploads\/2024\/05\/WhatsApp-Image-2024-05-08-at-11.10.40-AM-300x450.jpeg",300,450,true],"woocommerce_thumbnail":["https:\/\/mariareynadelapaz.com\/wp-content\/uploads\/2024\/05\/WhatsApp-Image-2024-05-08-at-11.10.40-AM-300x300.jpeg",300,300,true],"woocommerce_single":["https:\/\/mariareynadelapaz.com\/wp-content\/uploads\/2024\/05\/WhatsApp-Image-2024-05-08-at-11.10.40-AM-600x901.jpeg",600,901,true],"woocommerce_gallery_thumbnail":["https:\/\/mariareynadelapaz.com\/wp-content\/uploads\/2024\/05\/WhatsApp-Image-2024-05-08-at-11.10.40-AM-100x100.jpeg",100,100,true]},"post_excerpt_stackable":"<p>C\u00f3mo es Jes\u00fas \/ Concepci\u00f3n Cabrera de Armida<\/p>\n","category_list":"","author_info":{"name":"","url":""},"comments_num":"0 comments","_links":{"self":[{"href":"https:\/\/mariareynadelapaz.com\/index.php\/wp-json\/wp\/v2\/product\/2127"}],"collection":[{"href":"https:\/\/mariareynadelapaz.com\/index.php\/wp-json\/wp\/v2\/product"}],"about":[{"href":"https:\/\/mariareynadelapaz.com\/index.php\/wp-json\/wp\/v2\/types\/product"}],"wp:featuredmedia":[{"embeddable":true,"href":"https:\/\/mariareynadelapaz.com\/index.php\/wp-json\/wp\/v2\/media\/2129"}],"wp:attachment":[{"href":"https:\/\/mariareynadelapaz.com\/index.php\/wp-json\/wp\/v2\/media?parent=2127"}],"wp:term":[{"taxonomy":"product_cat","embeddable":true,"href":"https:\/\/mariareynadelapaz.com\/index.php\/wp-json\/wp\/v2\/product_cat?post=2127"},{"taxonomy":"product_tag","embeddable":true,"href":"https:\/\/mariareynadelapaz.com\/index.php\/wp-json\/wp\/v2\/product_tag?post=2127"}],"curies":[{"name":"wp","href":"https:\/\/api.w.org\/{rel}","templated":true}]}}