{"id":2124,"date":"2024-05-08T11:08:13","date_gmt":"2024-05-08T17:08:13","guid":{"rendered":"https:\/\/mariareynadelapaz.com\/?post_type=product&#038;p=2124"},"modified":"2024-05-08T11:08:13","modified_gmt":"2024-05-08T17:08:13","slug":"ven-jesus-y-quedate-con-nosotros-concepcion-cabrera-de-armida","status":"publish","type":"product","link":"https:\/\/mariareynadelapaz.com\/index.php\/product\/ven-jesus-y-quedate-con-nosotros-concepcion-cabrera-de-armida\/","title":{"rendered":"Ven, Jes\u00fas, y Qu\u00e9date con Nosotros \/ Concepci\u00f3n Cabrera de Armida"},"content":{"rendered":"<p>Ven, Jes\u00fas, y Qu\u00e9date con Nosotros \/ Concepci\u00f3n Cabrera de Armida<\/p>\n","protected":false},"excerpt":{"rendered":"<p>Ven, Jes\u00fas, y Qu\u00e9date con Nosotros \/ Concepci\u00f3n Cabrera de Armida<\/p>\n","protected":false},"featured_media":2126,"template":"","meta":[],"product_cat":[35],"product_tag":[],"featured_image_urls":{"full":["https:\/\/mariareynadelapaz.com\/wp-content\/uploads\/2024\/05\/WhatsApp-Image-2024-05-08-at-10.43.15-AM.jpeg",1197,1600,false],"thumbnail":["https:\/\/mariareynadelapaz.com\/wp-content\/uploads\/2024\/05\/WhatsApp-Image-2024-05-08-at-10.43.15-AM-150x150.jpeg",150,150,true],"medium":["https:\/\/mariareynadelapaz.com\/wp-content\/uploads\/2024\/05\/WhatsApp-Image-2024-05-08-at-10.43.15-AM-224x300.jpeg",224,300,true],"medium_large":["https:\/\/mariareynadelapaz.com\/wp-content\/uploads\/2024\/05\/WhatsApp-Image-2024-05-08-at-10.43.15-AM-768x1027.jpeg",768,1027,true],"large":["https:\/\/mariareynadelapaz.com\/wp-content\/uploads\/2024\/05\/WhatsApp-Image-2024-05-08-at-10.43.15-AM-766x1024.jpeg",766,1024,true],"1536x1536":["https:\/\/mariareynadelapaz.com\/wp-content\/uploads\/2024\/05\/WhatsApp-Image-2024-05-08-at-10.43.15-AM-1149x1536.jpeg",1149,1536,true],"2048x2048":["https:\/\/mariareynadelapaz.com\/wp-content\/uploads\/2024\/05\/WhatsApp-Image-2024-05-08-at-10.43.15-AM.jpeg",1197,1600,false],"woocommerce_archive_thumbnail":["https:\/\/mariareynadelapaz.com\/wp-content\/uploads\/2024\/05\/WhatsApp-Image-2024-05-08-at-10.43.15-AM-300x401.jpeg",300,401,true],"woocommerce_thumbnail":["https:\/\/mariareynadelapaz.com\/wp-content\/uploads\/2024\/05\/WhatsApp-Image-2024-05-08-at-10.43.15-AM-300x300.jpeg",300,300,true],"woocommerce_single":["https:\/\/mariareynadelapaz.com\/wp-content\/uploads\/2024\/05\/WhatsApp-Image-2024-05-08-at-10.43.15-AM-600x802.jpeg",600,802,true],"woocommerce_gallery_thumbnail":["https:\/\/mariareynadelapaz.com\/wp-content\/uploads\/2024\/05\/WhatsApp-Image-2024-05-08-at-10.43.15-AM-100x100.jpeg",100,100,true]},"post_excerpt_stackable":"<p>Ven, Jes\u00fas, y Qu\u00e9date con Nosotros \/ Concepci\u00f3n Cabrera de Armida<\/p>\n","category_list":"","author_info":{"name":"","url":""},"comments_num":"0 comments","_links":{"self":[{"href":"https:\/\/mariareynadelapaz.com\/index.php\/wp-json\/wp\/v2\/product\/2124"}],"collection":[{"href":"https:\/\/mariareynadelapaz.com\/index.php\/wp-json\/wp\/v2\/product"}],"about":[{"href":"https:\/\/mariareynadelapaz.com\/index.php\/wp-json\/wp\/v2\/types\/product"}],"wp:featuredmedia":[{"embeddable":true,"href":"https:\/\/mariareynadelapaz.com\/index.php\/wp-json\/wp\/v2\/media\/2126"}],"wp:attachment":[{"href":"https:\/\/mariareynadelapaz.com\/index.php\/wp-json\/wp\/v2\/media?parent=2124"}],"wp:term":[{"taxonomy":"product_cat","embeddable":true,"href":"https:\/\/mariareynadelapaz.com\/index.php\/wp-json\/wp\/v2\/product_cat?post=2124"},{"taxonomy":"product_tag","embeddable":true,"href":"https:\/\/mariareynadelapaz.com\/index.php\/wp-json\/wp\/v2\/product_tag?post=2124"}],"curies":[{"name":"wp","href":"https:\/\/api.w.org\/{rel}","templated":true}]}}