{"id":1970,"date":"2024-04-03T18:35:49","date_gmt":"2024-04-04T00:35:49","guid":{"rendered":"https:\/\/mariareynadelapaz.com\/?post_type=product&#038;p=1970"},"modified":"2025-10-10T14:11:33","modified_gmt":"2025-10-10T20:11:33","slug":"san-francisco-javier-con-el-nino","status":"publish","type":"product","link":"https:\/\/mariareynadelapaz.com\/index.php\/product\/san-francisco-javier-con-el-nino\/","title":{"rendered":"San Francisco Javier con el Ni\u00f1o 6 \u00d7 6 \u00d7 16 cm"},"content":{"rendered":"<p>San Francisco Javier con el Ni\u00f1o<\/p>\n","protected":false},"excerpt":{"rendered":"<p>San Francisco Javier con el Ni\u00f1o<\/p>\n","protected":false},"featured_media":1967,"template":"","meta":[],"product_cat":[28,44,38],"product_tag":[],"featured_image_urls":{"full":["https:\/\/mariareynadelapaz.com\/wp-content\/uploads\/2024\/04\/WhatsApp-Image-2024-04-03-at-6.19.11-PM.jpeg",614,1471,false],"thumbnail":["https:\/\/mariareynadelapaz.com\/wp-content\/uploads\/2024\/04\/WhatsApp-Image-2024-04-03-at-6.19.11-PM-150x150.jpeg",150,150,true],"medium":["https:\/\/mariareynadelapaz.com\/wp-content\/uploads\/2024\/04\/WhatsApp-Image-2024-04-03-at-6.19.11-PM-125x300.jpeg",125,300,true],"medium_large":["https:\/\/mariareynadelapaz.com\/wp-content\/uploads\/2024\/04\/WhatsApp-Image-2024-04-03-at-6.19.11-PM.jpeg",614,1471,false],"large":["https:\/\/mariareynadelapaz.com\/wp-content\/uploads\/2024\/04\/WhatsApp-Image-2024-04-03-at-6.19.11-PM-427x1024.jpeg",427,1024,true],"1536x1536":["https:\/\/mariareynadelapaz.com\/wp-content\/uploads\/2024\/04\/WhatsApp-Image-2024-04-03-at-6.19.11-PM.jpeg",614,1471,false],"2048x2048":["https:\/\/mariareynadelapaz.com\/wp-content\/uploads\/2024\/04\/WhatsApp-Image-2024-04-03-at-6.19.11-PM.jpeg",614,1471,false],"woocommerce_archive_thumbnail":["https:\/\/mariareynadelapaz.com\/wp-content\/uploads\/2024\/04\/WhatsApp-Image-2024-04-03-at-6.19.11-PM-300x719.jpeg",300,719,true],"woocommerce_thumbnail":["https:\/\/mariareynadelapaz.com\/wp-content\/uploads\/2024\/04\/WhatsApp-Image-2024-04-03-at-6.19.11-PM-300x300.jpeg",300,300,true],"woocommerce_single":["https:\/\/mariareynadelapaz.com\/wp-content\/uploads\/2024\/04\/WhatsApp-Image-2024-04-03-at-6.19.11-PM-600x1437.jpeg",600,1437,true],"woocommerce_gallery_thumbnail":["https:\/\/mariareynadelapaz.com\/wp-content\/uploads\/2024\/04\/WhatsApp-Image-2024-04-03-at-6.19.11-PM-100x100.jpeg",100,100,true]},"post_excerpt_stackable":"<p>San Francisco Javier con el Ni\u00f1o<\/p>\n","category_list":"","author_info":{"name":"","url":""},"comments_num":"0 comments","_links":{"self":[{"href":"https:\/\/mariareynadelapaz.com\/index.php\/wp-json\/wp\/v2\/product\/1970"}],"collection":[{"href":"https:\/\/mariareynadelapaz.com\/index.php\/wp-json\/wp\/v2\/product"}],"about":[{"href":"https:\/\/mariareynadelapaz.com\/index.php\/wp-json\/wp\/v2\/types\/product"}],"wp:featuredmedia":[{"embeddable":true,"href":"https:\/\/mariareynadelapaz.com\/index.php\/wp-json\/wp\/v2\/media\/1967"}],"wp:attachment":[{"href":"https:\/\/mariareynadelapaz.com\/index.php\/wp-json\/wp\/v2\/media?parent=1970"}],"wp:term":[{"taxonomy":"product_cat","embeddable":true,"href":"https:\/\/mariareynadelapaz.com\/index.php\/wp-json\/wp\/v2\/product_cat?post=1970"},{"taxonomy":"product_tag","embeddable":true,"href":"https:\/\/mariareynadelapaz.com\/index.php\/wp-json\/wp\/v2\/product_tag?post=1970"}],"curies":[{"name":"wp","href":"https:\/\/api.w.org\/{rel}","templated":true}]}}