{"id":1919,"date":"2024-04-01T17:08:15","date_gmt":"2024-04-01T23:08:15","guid":{"rendered":"https:\/\/mariareynadelapaz.com\/?post_type=product&#038;p=1919"},"modified":"2025-03-03T14:44:49","modified_gmt":"2025-03-03T20:44:49","slug":"juego-de-dos-angeles-con-instrumentos-musicales","status":"publish","type":"product","link":"https:\/\/mariareynadelapaz.com\/index.php\/product\/juego-de-dos-angeles-con-instrumentos-musicales\/","title":{"rendered":"Juego de Dos \u00c1ngeles con Instrumentos Musicales 18 \u00d7 6 \u00d7 28 cm"},"content":{"rendered":"<p>Juego de Dos \u00c1ngeles con Instrumentos Musicales<\/p>\n","protected":false},"excerpt":{"rendered":"<p>Juego de Dos \u00c1ngeles con Instrumentos Musicales<\/p>\n","protected":false},"featured_media":1856,"template":"","meta":[],"product_cat":[65,28,44,38],"product_tag":[],"featured_image_urls":{"full":["https:\/\/mariareynadelapaz.com\/wp-content\/uploads\/2024\/04\/WhatsApp-Image-2024-04-01-at-2.49.43-PM.jpeg",899,995,false],"thumbnail":["https:\/\/mariareynadelapaz.com\/wp-content\/uploads\/2024\/04\/WhatsApp-Image-2024-04-01-at-2.49.43-PM-150x150.jpeg",150,150,true],"medium":["https:\/\/mariareynadelapaz.com\/wp-content\/uploads\/2024\/04\/WhatsApp-Image-2024-04-01-at-2.49.43-PM-271x300.jpeg",271,300,true],"medium_large":["https:\/\/mariareynadelapaz.com\/wp-content\/uploads\/2024\/04\/WhatsApp-Image-2024-04-01-at-2.49.43-PM-768x850.jpeg",768,850,true],"large":["https:\/\/mariareynadelapaz.com\/wp-content\/uploads\/2024\/04\/WhatsApp-Image-2024-04-01-at-2.49.43-PM.jpeg",899,995,false],"1536x1536":["https:\/\/mariareynadelapaz.com\/wp-content\/uploads\/2024\/04\/WhatsApp-Image-2024-04-01-at-2.49.43-PM.jpeg",899,995,false],"2048x2048":["https:\/\/mariareynadelapaz.com\/wp-content\/uploads\/2024\/04\/WhatsApp-Image-2024-04-01-at-2.49.43-PM.jpeg",899,995,false],"woocommerce_archive_thumbnail":["https:\/\/mariareynadelapaz.com\/wp-content\/uploads\/2024\/04\/WhatsApp-Image-2024-04-01-at-2.49.43-PM-300x332.jpeg",300,332,true],"woocommerce_thumbnail":["https:\/\/mariareynadelapaz.com\/wp-content\/uploads\/2024\/04\/WhatsApp-Image-2024-04-01-at-2.49.43-PM-300x300.jpeg",300,300,true],"woocommerce_single":["https:\/\/mariareynadelapaz.com\/wp-content\/uploads\/2024\/04\/WhatsApp-Image-2024-04-01-at-2.49.43-PM-600x664.jpeg",600,664,true],"woocommerce_gallery_thumbnail":["https:\/\/mariareynadelapaz.com\/wp-content\/uploads\/2024\/04\/WhatsApp-Image-2024-04-01-at-2.49.43-PM-100x100.jpeg",100,100,true]},"post_excerpt_stackable":"<p>Juego de Dos \u00c1ngeles con Instrumentos Musicales<\/p>\n","category_list":"","author_info":{"name":"","url":""},"comments_num":"0 comments","_links":{"self":[{"href":"https:\/\/mariareynadelapaz.com\/index.php\/wp-json\/wp\/v2\/product\/1919"}],"collection":[{"href":"https:\/\/mariareynadelapaz.com\/index.php\/wp-json\/wp\/v2\/product"}],"about":[{"href":"https:\/\/mariareynadelapaz.com\/index.php\/wp-json\/wp\/v2\/types\/product"}],"wp:featuredmedia":[{"embeddable":true,"href":"https:\/\/mariareynadelapaz.com\/index.php\/wp-json\/wp\/v2\/media\/1856"}],"wp:attachment":[{"href":"https:\/\/mariareynadelapaz.com\/index.php\/wp-json\/wp\/v2\/media?parent=1919"}],"wp:term":[{"taxonomy":"product_cat","embeddable":true,"href":"https:\/\/mariareynadelapaz.com\/index.php\/wp-json\/wp\/v2\/product_cat?post=1919"},{"taxonomy":"product_tag","embeddable":true,"href":"https:\/\/mariareynadelapaz.com\/index.php\/wp-json\/wp\/v2\/product_tag?post=1919"}],"curies":[{"name":"wp","href":"https:\/\/api.w.org\/{rel}","templated":true}]}}