{"id":1913,"date":"2024-04-01T16:57:39","date_gmt":"2024-04-01T22:57:39","guid":{"rendered":"https:\/\/mariareynadelapaz.com\/?post_type=product&#038;p=1913"},"modified":"2024-05-21T14:11:01","modified_gmt":"2024-05-21T20:11:01","slug":"rostro-de-cristo-tallado-en-madera-de-jerusalen","status":"publish","type":"product","link":"https:\/\/mariareynadelapaz.com\/index.php\/product\/rostro-de-cristo-tallado-en-madera-de-jerusalen\/","title":{"rendered":"Rostro de Cristo Tallado en Madera de Jerusal\u00e9n 9 \u00d7 7 \u00d7 15 cm"},"content":{"rendered":"<p>Rostro de Cristo Tallado en Madera de Jerusal\u00e9n <\/p>\n","protected":false},"excerpt":{"rendered":"<p>Rostro de Cristo Tallado en Madera de Jerusal\u00e9n <\/p>\n","protected":false},"featured_media":1853,"template":"","meta":[],"product_cat":[65,28,44,38],"product_tag":[],"featured_image_urls":{"full":["https:\/\/mariareynadelapaz.com\/wp-content\/uploads\/2024\/04\/WhatsApp-Image-2024-04-01-at-2.45.17-PM.jpeg",708,1399,false],"thumbnail":["https:\/\/mariareynadelapaz.com\/wp-content\/uploads\/2024\/04\/WhatsApp-Image-2024-04-01-at-2.45.17-PM-150x150.jpeg",150,150,true],"medium":["https:\/\/mariareynadelapaz.com\/wp-content\/uploads\/2024\/04\/WhatsApp-Image-2024-04-01-at-2.45.17-PM-152x300.jpeg",152,300,true],"medium_large":["https:\/\/mariareynadelapaz.com\/wp-content\/uploads\/2024\/04\/WhatsApp-Image-2024-04-01-at-2.45.17-PM.jpeg",708,1399,false],"large":["https:\/\/mariareynadelapaz.com\/wp-content\/uploads\/2024\/04\/WhatsApp-Image-2024-04-01-at-2.45.17-PM-518x1024.jpeg",518,1024,true],"1536x1536":["https:\/\/mariareynadelapaz.com\/wp-content\/uploads\/2024\/04\/WhatsApp-Image-2024-04-01-at-2.45.17-PM.jpeg",708,1399,false],"2048x2048":["https:\/\/mariareynadelapaz.com\/wp-content\/uploads\/2024\/04\/WhatsApp-Image-2024-04-01-at-2.45.17-PM.jpeg",708,1399,false],"woocommerce_archive_thumbnail":["https:\/\/mariareynadelapaz.com\/wp-content\/uploads\/2024\/04\/WhatsApp-Image-2024-04-01-at-2.45.17-PM-300x593.jpeg",300,593,true],"woocommerce_thumbnail":["https:\/\/mariareynadelapaz.com\/wp-content\/uploads\/2024\/04\/WhatsApp-Image-2024-04-01-at-2.45.17-PM-300x300.jpeg",300,300,true],"woocommerce_single":["https:\/\/mariareynadelapaz.com\/wp-content\/uploads\/2024\/04\/WhatsApp-Image-2024-04-01-at-2.45.17-PM-600x1186.jpeg",600,1186,true],"woocommerce_gallery_thumbnail":["https:\/\/mariareynadelapaz.com\/wp-content\/uploads\/2024\/04\/WhatsApp-Image-2024-04-01-at-2.45.17-PM-100x100.jpeg",100,100,true]},"post_excerpt_stackable":"<p>Rostro de Cristo Tallado en Madera de Jerusal\u00e9n <\/p>\n","category_list":"","author_info":{"name":"","url":""},"comments_num":"0 comments","_links":{"self":[{"href":"https:\/\/mariareynadelapaz.com\/index.php\/wp-json\/wp\/v2\/product\/1913"}],"collection":[{"href":"https:\/\/mariareynadelapaz.com\/index.php\/wp-json\/wp\/v2\/product"}],"about":[{"href":"https:\/\/mariareynadelapaz.com\/index.php\/wp-json\/wp\/v2\/types\/product"}],"wp:featuredmedia":[{"embeddable":true,"href":"https:\/\/mariareynadelapaz.com\/index.php\/wp-json\/wp\/v2\/media\/1853"}],"wp:attachment":[{"href":"https:\/\/mariareynadelapaz.com\/index.php\/wp-json\/wp\/v2\/media?parent=1913"}],"wp:term":[{"taxonomy":"product_cat","embeddable":true,"href":"https:\/\/mariareynadelapaz.com\/index.php\/wp-json\/wp\/v2\/product_cat?post=1913"},{"taxonomy":"product_tag","embeddable":true,"href":"https:\/\/mariareynadelapaz.com\/index.php\/wp-json\/wp\/v2\/product_tag?post=1913"}],"curies":[{"name":"wp","href":"https:\/\/api.w.org\/{rel}","templated":true}]}}