{"id":1910,"date":"2024-04-01T16:54:11","date_gmt":"2024-04-01T22:54:11","guid":{"rendered":"https:\/\/mariareynadelapaz.com\/?post_type=product&#038;p=1910"},"modified":"2024-04-25T16:32:02","modified_gmt":"2024-04-25T22:32:02","slug":"angel-con-trompeta-e-incrustaciones-de-piedras","status":"publish","type":"product","link":"https:\/\/mariareynadelapaz.com\/index.php\/product\/angel-con-trompeta-e-incrustaciones-de-piedras\/","title":{"rendered":"\u00c1ngel con Trompeta e Incrustaciones de Piedras 13 \u00d7 8 \u00d7 37 cm"},"content":{"rendered":"<p>\u00c1ngel con Trompeta e Incrustaciones de Piedras <\/p>\n","protected":false},"excerpt":{"rendered":"<p>\u00c1ngel con Trompeta e Incrustaciones de Piedras <\/p>\n","protected":false},"featured_media":2003,"template":"","meta":[],"product_cat":[69,65,43,28,44,38],"product_tag":[],"featured_image_urls":{"full":["https:\/\/mariareynadelapaz.com\/wp-content\/uploads\/2024\/04\/angel-e1714084659469.jpg",319,762,false],"thumbnail":["https:\/\/mariareynadelapaz.com\/wp-content\/uploads\/2024\/04\/angel-e1714084659469-150x150.jpg",150,150,true],"medium":["https:\/\/mariareynadelapaz.com\/wp-content\/uploads\/2024\/04\/angel-e1714084659469-126x300.jpg",126,300,true],"medium_large":["https:\/\/mariareynadelapaz.com\/wp-content\/uploads\/2024\/04\/angel-e1714084659469.jpg",319,762,false],"large":["https:\/\/mariareynadelapaz.com\/wp-content\/uploads\/2024\/04\/angel-e1714084659469.jpg",319,762,false],"1536x1536":["https:\/\/mariareynadelapaz.com\/wp-content\/uploads\/2024\/04\/angel-e1714084659469.jpg",319,762,false],"2048x2048":["https:\/\/mariareynadelapaz.com\/wp-content\/uploads\/2024\/04\/angel-e1714084659469.jpg",319,762,false],"woocommerce_archive_thumbnail":["https:\/\/mariareynadelapaz.com\/wp-content\/uploads\/2024\/04\/angel-e1714084659469-300x717.jpg",300,717,true],"woocommerce_thumbnail":["https:\/\/mariareynadelapaz.com\/wp-content\/uploads\/2024\/04\/angel-e1714084659469-300x300.jpg",300,300,true],"woocommerce_single":["https:\/\/mariareynadelapaz.com\/wp-content\/uploads\/2024\/04\/angel-e1714084659469.jpg",319,762,false],"woocommerce_gallery_thumbnail":["https:\/\/mariareynadelapaz.com\/wp-content\/uploads\/2024\/04\/angel-e1714084659469-100x100.jpg",100,100,true]},"post_excerpt_stackable":"<p>\u00c1ngel con Trompeta e Incrustaciones de Piedras <\/p>\n","category_list":"","author_info":{"name":"","url":""},"comments_num":"0 comments","_links":{"self":[{"href":"https:\/\/mariareynadelapaz.com\/index.php\/wp-json\/wp\/v2\/product\/1910"}],"collection":[{"href":"https:\/\/mariareynadelapaz.com\/index.php\/wp-json\/wp\/v2\/product"}],"about":[{"href":"https:\/\/mariareynadelapaz.com\/index.php\/wp-json\/wp\/v2\/types\/product"}],"wp:featuredmedia":[{"embeddable":true,"href":"https:\/\/mariareynadelapaz.com\/index.php\/wp-json\/wp\/v2\/media\/2003"}],"wp:attachment":[{"href":"https:\/\/mariareynadelapaz.com\/index.php\/wp-json\/wp\/v2\/media?parent=1910"}],"wp:term":[{"taxonomy":"product_cat","embeddable":true,"href":"https:\/\/mariareynadelapaz.com\/index.php\/wp-json\/wp\/v2\/product_cat?post=1910"},{"taxonomy":"product_tag","embeddable":true,"href":"https:\/\/mariareynadelapaz.com\/index.php\/wp-json\/wp\/v2\/product_tag?post=1910"}],"curies":[{"name":"wp","href":"https:\/\/api.w.org\/{rel}","templated":true}]}}