{"id":1907,"date":"2024-04-01T16:47:46","date_gmt":"2024-04-01T22:47:46","guid":{"rendered":"https:\/\/mariareynadelapaz.com\/?post_type=product&#038;p=1907"},"modified":"2024-04-07T15:18:02","modified_gmt":"2024-04-07T21:18:02","slug":"pesebre-concha-nacar-de-jerusalen","status":"publish","type":"product","link":"https:\/\/mariareynadelapaz.com\/index.php\/product\/pesebre-concha-nacar-de-jerusalen\/","title":{"rendered":"Pesebre Concha Nacar de Jerusal\u00e9n 15 \u00d7 7 \u00d7 10 cm"},"content":{"rendered":"<p>Pesebre Concha Nacar de Jerusal\u00e9n <\/p>\n","protected":false},"excerpt":{"rendered":"<p>Pesebre Concha Nacar de Jerusal\u00e9n <\/p>\n","protected":false},"featured_media":1850,"template":"","meta":[],"product_cat":[65,28,44,38],"product_tag":[],"featured_image_urls":{"full":["https:\/\/mariareynadelapaz.com\/wp-content\/uploads\/2024\/04\/WhatsApp-Image-2024-04-01-at-2.39.55-PM.jpeg",860,756,false],"thumbnail":["https:\/\/mariareynadelapaz.com\/wp-content\/uploads\/2024\/04\/WhatsApp-Image-2024-04-01-at-2.39.55-PM-150x150.jpeg",150,150,true],"medium":["https:\/\/mariareynadelapaz.com\/wp-content\/uploads\/2024\/04\/WhatsApp-Image-2024-04-01-at-2.39.55-PM-300x264.jpeg",300,264,true],"medium_large":["https:\/\/mariareynadelapaz.com\/wp-content\/uploads\/2024\/04\/WhatsApp-Image-2024-04-01-at-2.39.55-PM-768x675.jpeg",768,675,true],"large":["https:\/\/mariareynadelapaz.com\/wp-content\/uploads\/2024\/04\/WhatsApp-Image-2024-04-01-at-2.39.55-PM.jpeg",860,756,false],"1536x1536":["https:\/\/mariareynadelapaz.com\/wp-content\/uploads\/2024\/04\/WhatsApp-Image-2024-04-01-at-2.39.55-PM.jpeg",860,756,false],"2048x2048":["https:\/\/mariareynadelapaz.com\/wp-content\/uploads\/2024\/04\/WhatsApp-Image-2024-04-01-at-2.39.55-PM.jpeg",860,756,false],"woocommerce_archive_thumbnail":["https:\/\/mariareynadelapaz.com\/wp-content\/uploads\/2024\/04\/WhatsApp-Image-2024-04-01-at-2.39.55-PM-300x264.jpeg",300,264,true],"woocommerce_thumbnail":["https:\/\/mariareynadelapaz.com\/wp-content\/uploads\/2024\/04\/WhatsApp-Image-2024-04-01-at-2.39.55-PM-300x300.jpeg",300,300,true],"woocommerce_single":["https:\/\/mariareynadelapaz.com\/wp-content\/uploads\/2024\/04\/WhatsApp-Image-2024-04-01-at-2.39.55-PM-600x527.jpeg",600,527,true],"woocommerce_gallery_thumbnail":["https:\/\/mariareynadelapaz.com\/wp-content\/uploads\/2024\/04\/WhatsApp-Image-2024-04-01-at-2.39.55-PM-100x100.jpeg",100,100,true]},"post_excerpt_stackable":"<p>Pesebre Concha Nacar de Jerusal\u00e9n <\/p>\n","category_list":"","author_info":{"name":"","url":""},"comments_num":"0 comments","_links":{"self":[{"href":"https:\/\/mariareynadelapaz.com\/index.php\/wp-json\/wp\/v2\/product\/1907"}],"collection":[{"href":"https:\/\/mariareynadelapaz.com\/index.php\/wp-json\/wp\/v2\/product"}],"about":[{"href":"https:\/\/mariareynadelapaz.com\/index.php\/wp-json\/wp\/v2\/types\/product"}],"wp:featuredmedia":[{"embeddable":true,"href":"https:\/\/mariareynadelapaz.com\/index.php\/wp-json\/wp\/v2\/media\/1850"}],"wp:attachment":[{"href":"https:\/\/mariareynadelapaz.com\/index.php\/wp-json\/wp\/v2\/media?parent=1907"}],"wp:term":[{"taxonomy":"product_cat","embeddable":true,"href":"https:\/\/mariareynadelapaz.com\/index.php\/wp-json\/wp\/v2\/product_cat?post=1907"},{"taxonomy":"product_tag","embeddable":true,"href":"https:\/\/mariareynadelapaz.com\/index.php\/wp-json\/wp\/v2\/product_tag?post=1907"}],"curies":[{"name":"wp","href":"https:\/\/api.w.org\/{rel}","templated":true}]}}