{"id":1903,"date":"2024-04-01T16:41:15","date_gmt":"2024-04-01T22:41:15","guid":{"rendered":"https:\/\/mariareynadelapaz.com\/?post_type=product&#038;p=1903"},"modified":"2025-03-03T14:46:08","modified_gmt":"2025-03-03T20:46:08","slug":"virgen-de-chiquinquira-importada-de-colombia","status":"publish","type":"product","link":"https:\/\/mariareynadelapaz.com\/index.php\/product\/virgen-de-chiquinquira-importada-de-colombia\/","title":{"rendered":"Virgen de Chiquinquir\u00e1 Importada de Colombia 14 \u00d7 11 \u00d7 37 cm"},"content":{"rendered":"<p>Virgen de Chiquinquir\u00e1 Importada de Colombia<\/p>\n","protected":false},"excerpt":{"rendered":"<p>Virgen de Chiquinquir\u00e1 Importada de Colombia<\/p>\n","protected":false},"featured_media":1848,"template":"","meta":[],"product_cat":[28,44,38],"product_tag":[],"featured_image_urls":{"full":["https:\/\/mariareynadelapaz.com\/wp-content\/uploads\/2024\/04\/WhatsApp-Image-2024-04-01-at-2.38.22-PM.jpeg",561,1471,false],"thumbnail":["https:\/\/mariareynadelapaz.com\/wp-content\/uploads\/2024\/04\/WhatsApp-Image-2024-04-01-at-2.38.22-PM-150x150.jpeg",150,150,true],"medium":["https:\/\/mariareynadelapaz.com\/wp-content\/uploads\/2024\/04\/WhatsApp-Image-2024-04-01-at-2.38.22-PM-114x300.jpeg",114,300,true],"medium_large":["https:\/\/mariareynadelapaz.com\/wp-content\/uploads\/2024\/04\/WhatsApp-Image-2024-04-01-at-2.38.22-PM.jpeg",561,1471,false],"large":["https:\/\/mariareynadelapaz.com\/wp-content\/uploads\/2024\/04\/WhatsApp-Image-2024-04-01-at-2.38.22-PM-391x1024.jpeg",391,1024,true],"1536x1536":["https:\/\/mariareynadelapaz.com\/wp-content\/uploads\/2024\/04\/WhatsApp-Image-2024-04-01-at-2.38.22-PM.jpeg",561,1471,false],"2048x2048":["https:\/\/mariareynadelapaz.com\/wp-content\/uploads\/2024\/04\/WhatsApp-Image-2024-04-01-at-2.38.22-PM.jpeg",561,1471,false],"woocommerce_archive_thumbnail":["https:\/\/mariareynadelapaz.com\/wp-content\/uploads\/2024\/04\/WhatsApp-Image-2024-04-01-at-2.38.22-PM-300x787.jpeg",300,787,true],"woocommerce_thumbnail":["https:\/\/mariareynadelapaz.com\/wp-content\/uploads\/2024\/04\/WhatsApp-Image-2024-04-01-at-2.38.22-PM-300x300.jpeg",300,300,true],"woocommerce_single":["https:\/\/mariareynadelapaz.com\/wp-content\/uploads\/2024\/04\/WhatsApp-Image-2024-04-01-at-2.38.22-PM.jpeg",561,1471,false],"woocommerce_gallery_thumbnail":["https:\/\/mariareynadelapaz.com\/wp-content\/uploads\/2024\/04\/WhatsApp-Image-2024-04-01-at-2.38.22-PM-100x100.jpeg",100,100,true]},"post_excerpt_stackable":"<p>Virgen de Chiquinquir\u00e1 Importada de Colombia<\/p>\n","category_list":"","author_info":{"name":"","url":""},"comments_num":"0 comments","_links":{"self":[{"href":"https:\/\/mariareynadelapaz.com\/index.php\/wp-json\/wp\/v2\/product\/1903"}],"collection":[{"href":"https:\/\/mariareynadelapaz.com\/index.php\/wp-json\/wp\/v2\/product"}],"about":[{"href":"https:\/\/mariareynadelapaz.com\/index.php\/wp-json\/wp\/v2\/types\/product"}],"wp:featuredmedia":[{"embeddable":true,"href":"https:\/\/mariareynadelapaz.com\/index.php\/wp-json\/wp\/v2\/media\/1848"}],"wp:attachment":[{"href":"https:\/\/mariareynadelapaz.com\/index.php\/wp-json\/wp\/v2\/media?parent=1903"}],"wp:term":[{"taxonomy":"product_cat","embeddable":true,"href":"https:\/\/mariareynadelapaz.com\/index.php\/wp-json\/wp\/v2\/product_cat?post=1903"},{"taxonomy":"product_tag","embeddable":true,"href":"https:\/\/mariareynadelapaz.com\/index.php\/wp-json\/wp\/v2\/product_tag?post=1903"}],"curies":[{"name":"wp","href":"https:\/\/api.w.org\/{rel}","templated":true}]}}