{"id":1891,"date":"2024-04-01T16:27:33","date_gmt":"2024-04-01T22:27:33","guid":{"rendered":"https:\/\/mariareynadelapaz.com\/?post_type=product&#038;p=1891"},"modified":"2024-04-07T15:23:11","modified_gmt":"2024-04-07T21:23:11","slug":"san-jose-dormido","status":"publish","type":"product","link":"https:\/\/mariareynadelapaz.com\/index.php\/product\/san-jose-dormido\/","title":{"rendered":"San Jos\u00e9 Dormido 38 \u00d7 11 \u00d7 10 cm"},"content":{"rendered":"<p>San Jos\u00e9 Dormido <\/p>\n","protected":false},"excerpt":{"rendered":"<p>San Jos\u00e9 Dormido <\/p>\n","protected":false},"featured_media":1893,"template":"","meta":[],"product_cat":[65,28,44,38],"product_tag":[],"featured_image_urls":{"full":["https:\/\/mariareynadelapaz.com\/wp-content\/uploads\/2024\/04\/WhatsApp-Image-2024-04-01-at-2.26.01-PM-1.jpeg",1560,425,false],"thumbnail":["https:\/\/mariareynadelapaz.com\/wp-content\/uploads\/2024\/04\/WhatsApp-Image-2024-04-01-at-2.26.01-PM-1-150x150.jpeg",150,150,true],"medium":["https:\/\/mariareynadelapaz.com\/wp-content\/uploads\/2024\/04\/WhatsApp-Image-2024-04-01-at-2.26.01-PM-1-300x82.jpeg",300,82,true],"medium_large":["https:\/\/mariareynadelapaz.com\/wp-content\/uploads\/2024\/04\/WhatsApp-Image-2024-04-01-at-2.26.01-PM-1-768x209.jpeg",768,209,true],"large":["https:\/\/mariareynadelapaz.com\/wp-content\/uploads\/2024\/04\/WhatsApp-Image-2024-04-01-at-2.26.01-PM-1-1024x279.jpeg",1024,279,true],"1536x1536":["https:\/\/mariareynadelapaz.com\/wp-content\/uploads\/2024\/04\/WhatsApp-Image-2024-04-01-at-2.26.01-PM-1-1536x418.jpeg",1536,418,true],"2048x2048":["https:\/\/mariareynadelapaz.com\/wp-content\/uploads\/2024\/04\/WhatsApp-Image-2024-04-01-at-2.26.01-PM-1.jpeg",1560,425,false],"woocommerce_archive_thumbnail":["https:\/\/mariareynadelapaz.com\/wp-content\/uploads\/2024\/04\/WhatsApp-Image-2024-04-01-at-2.26.01-PM-1-300x82.jpeg",300,82,true],"woocommerce_thumbnail":["https:\/\/mariareynadelapaz.com\/wp-content\/uploads\/2024\/04\/WhatsApp-Image-2024-04-01-at-2.26.01-PM-1-300x300.jpeg",300,300,true],"woocommerce_single":["https:\/\/mariareynadelapaz.com\/wp-content\/uploads\/2024\/04\/WhatsApp-Image-2024-04-01-at-2.26.01-PM-1-600x163.jpeg",600,163,true],"woocommerce_gallery_thumbnail":["https:\/\/mariareynadelapaz.com\/wp-content\/uploads\/2024\/04\/WhatsApp-Image-2024-04-01-at-2.26.01-PM-1-100x100.jpeg",100,100,true]},"post_excerpt_stackable":"<p>San Jos\u00e9 Dormido <\/p>\n","category_list":"","author_info":{"name":"","url":""},"comments_num":"0 comments","_links":{"self":[{"href":"https:\/\/mariareynadelapaz.com\/index.php\/wp-json\/wp\/v2\/product\/1891"}],"collection":[{"href":"https:\/\/mariareynadelapaz.com\/index.php\/wp-json\/wp\/v2\/product"}],"about":[{"href":"https:\/\/mariareynadelapaz.com\/index.php\/wp-json\/wp\/v2\/types\/product"}],"wp:featuredmedia":[{"embeddable":true,"href":"https:\/\/mariareynadelapaz.com\/index.php\/wp-json\/wp\/v2\/media\/1893"}],"wp:attachment":[{"href":"https:\/\/mariareynadelapaz.com\/index.php\/wp-json\/wp\/v2\/media?parent=1891"}],"wp:term":[{"taxonomy":"product_cat","embeddable":true,"href":"https:\/\/mariareynadelapaz.com\/index.php\/wp-json\/wp\/v2\/product_cat?post=1891"},{"taxonomy":"product_tag","embeddable":true,"href":"https:\/\/mariareynadelapaz.com\/index.php\/wp-json\/wp\/v2\/product_tag?post=1891"}],"curies":[{"name":"wp","href":"https:\/\/api.w.org\/{rel}","templated":true}]}}