{"id":1880,"date":"2024-04-01T16:11:30","date_gmt":"2024-04-01T22:11:30","guid":{"rendered":"https:\/\/mariareynadelapaz.com\/?post_type=product&#038;p=1880"},"modified":"2024-04-07T15:23:56","modified_gmt":"2024-04-07T21:23:56","slug":"senor-de-la-misericordia-tallada-en-madera-de-huatulco","status":"publish","type":"product","link":"https:\/\/mariareynadelapaz.com\/index.php\/product\/senor-de-la-misericordia-tallada-en-madera-de-huatulco\/","title":{"rendered":"Se\u00f1or de la Misericordia Tallada en Madera de Huatulco 13 \u00d7 12 \u00d7 44 cm"},"content":{"rendered":"<p>Se\u00f1or de la Misericordia Tallada en Madera de Huatulco<\/p>\n","protected":false},"excerpt":{"rendered":"<p>Se\u00f1or de la Misericordia Tallada en Madera de Huatulco<\/p>\n","protected":false},"featured_media":1845,"template":"","meta":[],"product_cat":[65,28,44,38],"product_tag":[],"featured_image_urls":{"full":["https:\/\/mariareynadelapaz.com\/wp-content\/uploads\/2024\/04\/WhatsApp-Image-2024-04-01-at-2.14.17-PM.jpeg",541,1479,false],"thumbnail":["https:\/\/mariareynadelapaz.com\/wp-content\/uploads\/2024\/04\/WhatsApp-Image-2024-04-01-at-2.14.17-PM-150x150.jpeg",150,150,true],"medium":["https:\/\/mariareynadelapaz.com\/wp-content\/uploads\/2024\/04\/WhatsApp-Image-2024-04-01-at-2.14.17-PM-110x300.jpeg",110,300,true],"medium_large":["https:\/\/mariareynadelapaz.com\/wp-content\/uploads\/2024\/04\/WhatsApp-Image-2024-04-01-at-2.14.17-PM.jpeg",541,1479,false],"large":["https:\/\/mariareynadelapaz.com\/wp-content\/uploads\/2024\/04\/WhatsApp-Image-2024-04-01-at-2.14.17-PM-375x1024.jpeg",375,1024,true],"1536x1536":["https:\/\/mariareynadelapaz.com\/wp-content\/uploads\/2024\/04\/WhatsApp-Image-2024-04-01-at-2.14.17-PM.jpeg",541,1479,false],"2048x2048":["https:\/\/mariareynadelapaz.com\/wp-content\/uploads\/2024\/04\/WhatsApp-Image-2024-04-01-at-2.14.17-PM.jpeg",541,1479,false],"woocommerce_archive_thumbnail":["https:\/\/mariareynadelapaz.com\/wp-content\/uploads\/2024\/04\/WhatsApp-Image-2024-04-01-at-2.14.17-PM-300x820.jpeg",300,820,true],"woocommerce_thumbnail":["https:\/\/mariareynadelapaz.com\/wp-content\/uploads\/2024\/04\/WhatsApp-Image-2024-04-01-at-2.14.17-PM-300x300.jpeg",300,300,true],"woocommerce_single":["https:\/\/mariareynadelapaz.com\/wp-content\/uploads\/2024\/04\/WhatsApp-Image-2024-04-01-at-2.14.17-PM.jpeg",541,1479,false],"woocommerce_gallery_thumbnail":["https:\/\/mariareynadelapaz.com\/wp-content\/uploads\/2024\/04\/WhatsApp-Image-2024-04-01-at-2.14.17-PM-100x100.jpeg",100,100,true]},"post_excerpt_stackable":"<p>Se\u00f1or de la Misericordia Tallada en Madera de Huatulco<\/p>\n","category_list":"","author_info":{"name":"","url":""},"comments_num":"0 comments","_links":{"self":[{"href":"https:\/\/mariareynadelapaz.com\/index.php\/wp-json\/wp\/v2\/product\/1880"}],"collection":[{"href":"https:\/\/mariareynadelapaz.com\/index.php\/wp-json\/wp\/v2\/product"}],"about":[{"href":"https:\/\/mariareynadelapaz.com\/index.php\/wp-json\/wp\/v2\/types\/product"}],"wp:featuredmedia":[{"embeddable":true,"href":"https:\/\/mariareynadelapaz.com\/index.php\/wp-json\/wp\/v2\/media\/1845"}],"wp:attachment":[{"href":"https:\/\/mariareynadelapaz.com\/index.php\/wp-json\/wp\/v2\/media?parent=1880"}],"wp:term":[{"taxonomy":"product_cat","embeddable":true,"href":"https:\/\/mariareynadelapaz.com\/index.php\/wp-json\/wp\/v2\/product_cat?post=1880"},{"taxonomy":"product_tag","embeddable":true,"href":"https:\/\/mariareynadelapaz.com\/index.php\/wp-json\/wp\/v2\/product_tag?post=1880"}],"curies":[{"name":"wp","href":"https:\/\/api.w.org\/{rel}","templated":true}]}}