{"id":1871,"date":"2024-04-01T16:00:11","date_gmt":"2024-04-01T22:00:11","guid":{"rendered":"https:\/\/mariareynadelapaz.com\/?post_type=product&#038;p=1871"},"modified":"2025-03-03T14:47:44","modified_gmt":"2025-03-03T20:47:44","slug":"sagrada-familia-abrazo-de-jose","status":"publish","type":"product","link":"https:\/\/mariareynadelapaz.com\/index.php\/product\/sagrada-familia-abrazo-de-jose\/","title":{"rendered":"Sagrada Familia Abrazo de Jos\u00e9 16 \u00d7 18 \u00d7 18 cm"},"content":{"rendered":"<p>Sagrada Familia Abrazo de Jos\u00e9<\/p>\n","protected":false},"excerpt":{"rendered":"<p>Sagrada Familia Abrazo de Jos\u00e9<\/p>\n","protected":false},"featured_media":1843,"template":"","meta":[],"product_cat":[43,28,44,38],"product_tag":[],"featured_image_urls":{"full":["https:\/\/mariareynadelapaz.com\/wp-content\/uploads\/2024\/04\/WhatsApp-Image-2024-04-01-at-2.10.25-PM.jpeg",899,1357,false],"thumbnail":["https:\/\/mariareynadelapaz.com\/wp-content\/uploads\/2024\/04\/WhatsApp-Image-2024-04-01-at-2.10.25-PM-150x150.jpeg",150,150,true],"medium":["https:\/\/mariareynadelapaz.com\/wp-content\/uploads\/2024\/04\/WhatsApp-Image-2024-04-01-at-2.10.25-PM-199x300.jpeg",199,300,true],"medium_large":["https:\/\/mariareynadelapaz.com\/wp-content\/uploads\/2024\/04\/WhatsApp-Image-2024-04-01-at-2.10.25-PM-768x1159.jpeg",768,1159,true],"large":["https:\/\/mariareynadelapaz.com\/wp-content\/uploads\/2024\/04\/WhatsApp-Image-2024-04-01-at-2.10.25-PM-678x1024.jpeg",678,1024,true],"1536x1536":["https:\/\/mariareynadelapaz.com\/wp-content\/uploads\/2024\/04\/WhatsApp-Image-2024-04-01-at-2.10.25-PM.jpeg",899,1357,false],"2048x2048":["https:\/\/mariareynadelapaz.com\/wp-content\/uploads\/2024\/04\/WhatsApp-Image-2024-04-01-at-2.10.25-PM.jpeg",899,1357,false],"woocommerce_archive_thumbnail":["https:\/\/mariareynadelapaz.com\/wp-content\/uploads\/2024\/04\/WhatsApp-Image-2024-04-01-at-2.10.25-PM-300x453.jpeg",300,453,true],"woocommerce_thumbnail":["https:\/\/mariareynadelapaz.com\/wp-content\/uploads\/2024\/04\/WhatsApp-Image-2024-04-01-at-2.10.25-PM-300x300.jpeg",300,300,true],"woocommerce_single":["https:\/\/mariareynadelapaz.com\/wp-content\/uploads\/2024\/04\/WhatsApp-Image-2024-04-01-at-2.10.25-PM-600x906.jpeg",600,906,true],"woocommerce_gallery_thumbnail":["https:\/\/mariareynadelapaz.com\/wp-content\/uploads\/2024\/04\/WhatsApp-Image-2024-04-01-at-2.10.25-PM-100x100.jpeg",100,100,true]},"post_excerpt_stackable":"<p>Sagrada Familia Abrazo de Jos\u00e9<\/p>\n","category_list":"","author_info":{"name":"","url":""},"comments_num":"0 comments","_links":{"self":[{"href":"https:\/\/mariareynadelapaz.com\/index.php\/wp-json\/wp\/v2\/product\/1871"}],"collection":[{"href":"https:\/\/mariareynadelapaz.com\/index.php\/wp-json\/wp\/v2\/product"}],"about":[{"href":"https:\/\/mariareynadelapaz.com\/index.php\/wp-json\/wp\/v2\/types\/product"}],"wp:featuredmedia":[{"embeddable":true,"href":"https:\/\/mariareynadelapaz.com\/index.php\/wp-json\/wp\/v2\/media\/1843"}],"wp:attachment":[{"href":"https:\/\/mariareynadelapaz.com\/index.php\/wp-json\/wp\/v2\/media?parent=1871"}],"wp:term":[{"taxonomy":"product_cat","embeddable":true,"href":"https:\/\/mariareynadelapaz.com\/index.php\/wp-json\/wp\/v2\/product_cat?post=1871"},{"taxonomy":"product_tag","embeddable":true,"href":"https:\/\/mariareynadelapaz.com\/index.php\/wp-json\/wp\/v2\/product_tag?post=1871"}],"curies":[{"name":"wp","href":"https:\/\/api.w.org\/{rel}","templated":true}]}}