{"id":1857,"date":"2024-04-01T15:11:11","date_gmt":"2024-04-01T21:11:11","guid":{"rendered":"https:\/\/mariareynadelapaz.com\/?post_type=product&#038;p=1857"},"modified":"2024-04-07T15:05:31","modified_gmt":"2024-04-07T21:05:31","slug":"angel-de-la-guarda-con-ninos-tornasol","status":"publish","type":"product","link":"https:\/\/mariareynadelapaz.com\/index.php\/product\/angel-de-la-guarda-con-ninos-tornasol\/","title":{"rendered":"\u00c1ngel de la Guarda con Ni\u00f1os Tornasol 15 \u00d7 11 \u00d7 32 cm"},"content":{"rendered":"<p>\u00c1ngel de la Guarda con Ni\u00f1os Tornasol<\/p>\n","protected":false},"excerpt":{"rendered":"<p>\u00c1ngel de la Guarda con Ni\u00f1os Tornasol<\/p>\n","protected":false},"featured_media":1840,"template":"","meta":[],"product_cat":[28,44,38,64],"product_tag":[],"featured_image_urls":{"full":["https:\/\/mariareynadelapaz.com\/wp-content\/uploads\/2024\/04\/WhatsApp-Image-2024-04-01-at-2.04.36-PM.jpeg",814,1496,false],"thumbnail":["https:\/\/mariareynadelapaz.com\/wp-content\/uploads\/2024\/04\/WhatsApp-Image-2024-04-01-at-2.04.36-PM-150x150.jpeg",150,150,true],"medium":["https:\/\/mariareynadelapaz.com\/wp-content\/uploads\/2024\/04\/WhatsApp-Image-2024-04-01-at-2.04.36-PM-163x300.jpeg",163,300,true],"medium_large":["https:\/\/mariareynadelapaz.com\/wp-content\/uploads\/2024\/04\/WhatsApp-Image-2024-04-01-at-2.04.36-PM-768x1411.jpeg",768,1411,true],"large":["https:\/\/mariareynadelapaz.com\/wp-content\/uploads\/2024\/04\/WhatsApp-Image-2024-04-01-at-2.04.36-PM-557x1024.jpeg",557,1024,true],"1536x1536":["https:\/\/mariareynadelapaz.com\/wp-content\/uploads\/2024\/04\/WhatsApp-Image-2024-04-01-at-2.04.36-PM.jpeg",814,1496,false],"2048x2048":["https:\/\/mariareynadelapaz.com\/wp-content\/uploads\/2024\/04\/WhatsApp-Image-2024-04-01-at-2.04.36-PM.jpeg",814,1496,false],"woocommerce_archive_thumbnail":["https:\/\/mariareynadelapaz.com\/wp-content\/uploads\/2024\/04\/WhatsApp-Image-2024-04-01-at-2.04.36-PM-300x551.jpeg",300,551,true],"woocommerce_thumbnail":["https:\/\/mariareynadelapaz.com\/wp-content\/uploads\/2024\/04\/WhatsApp-Image-2024-04-01-at-2.04.36-PM-300x300.jpeg",300,300,true],"woocommerce_single":["https:\/\/mariareynadelapaz.com\/wp-content\/uploads\/2024\/04\/WhatsApp-Image-2024-04-01-at-2.04.36-PM-600x1103.jpeg",600,1103,true],"woocommerce_gallery_thumbnail":["https:\/\/mariareynadelapaz.com\/wp-content\/uploads\/2024\/04\/WhatsApp-Image-2024-04-01-at-2.04.36-PM-100x100.jpeg",100,100,true]},"post_excerpt_stackable":"<p>\u00c1ngel de la Guarda con Ni\u00f1os Tornasol<\/p>\n","category_list":"","author_info":{"name":"","url":""},"comments_num":"0 comments","_links":{"self":[{"href":"https:\/\/mariareynadelapaz.com\/index.php\/wp-json\/wp\/v2\/product\/1857"}],"collection":[{"href":"https:\/\/mariareynadelapaz.com\/index.php\/wp-json\/wp\/v2\/product"}],"about":[{"href":"https:\/\/mariareynadelapaz.com\/index.php\/wp-json\/wp\/v2\/types\/product"}],"wp:featuredmedia":[{"embeddable":true,"href":"https:\/\/mariareynadelapaz.com\/index.php\/wp-json\/wp\/v2\/media\/1840"}],"wp:attachment":[{"href":"https:\/\/mariareynadelapaz.com\/index.php\/wp-json\/wp\/v2\/media?parent=1857"}],"wp:term":[{"taxonomy":"product_cat","embeddable":true,"href":"https:\/\/mariareynadelapaz.com\/index.php\/wp-json\/wp\/v2\/product_cat?post=1857"},{"taxonomy":"product_tag","embeddable":true,"href":"https:\/\/mariareynadelapaz.com\/index.php\/wp-json\/wp\/v2\/product_tag?post=1857"}],"curies":[{"name":"wp","href":"https:\/\/api.w.org\/{rel}","templated":true}]}}