{"id":168,"date":"2020-03-16T09:19:03","date_gmt":"2020-03-16T09:19:03","guid":{"rendered":"https:\/\/demo.creativethemes.com\/blocksy\/modern-shop\/?post_type=product&#038;p=168"},"modified":"2024-03-08T12:19:03","modified_gmt":"2024-03-08T18:19:03","slug":"ornare-arcu-odio-utsem-nullapharetra-diam","status":"publish","type":"product","link":"https:\/\/mariareynadelapaz.com\/index.php\/product\/ornare-arcu-odio-utsem-nullapharetra-diam\/","title":{"rendered":"Biblia Cat\u00f3lica Para J\u00f3venes Rustica Chica"},"content":{"rendered":"<p>Biblia Cat\u00f3lica Para J\u00f3venes Rustica Chica<\/p>\n<p>Tama\u00f1o 18x13x3 cm<\/p>\n<p>Peso 700 gr.<\/p>\n","protected":false},"excerpt":{"rendered":"<p>Biblia Cat\u00f3lica Para J\u00f3venes Rustica Chica<\/p>\n<p>Tama\u00f1o 18x13x3 cm<\/p>\n<p>Peso 700 gr.<\/p>\n","protected":false},"featured_media":836,"template":"","meta":[],"product_cat":[36,35],"product_tag":[],"featured_image_urls":{"full":["https:\/\/mariareynadelapaz.com\/wp-content\/uploads\/2024\/01\/12-Bilblia-Catolica-para-Jovenes.png",297,434,false],"thumbnail":["https:\/\/mariareynadelapaz.com\/wp-content\/uploads\/2024\/01\/12-Bilblia-Catolica-para-Jovenes-150x150.png",150,150,true],"medium":["https:\/\/mariareynadelapaz.com\/wp-content\/uploads\/2024\/01\/12-Bilblia-Catolica-para-Jovenes-205x300.png",205,300,true],"medium_large":["https:\/\/mariareynadelapaz.com\/wp-content\/uploads\/2024\/01\/12-Bilblia-Catolica-para-Jovenes.png",297,434,false],"large":["https:\/\/mariareynadelapaz.com\/wp-content\/uploads\/2024\/01\/12-Bilblia-Catolica-para-Jovenes.png",297,434,false],"1536x1536":["https:\/\/mariareynadelapaz.com\/wp-content\/uploads\/2024\/01\/12-Bilblia-Catolica-para-Jovenes.png",297,434,false],"2048x2048":["https:\/\/mariareynadelapaz.com\/wp-content\/uploads\/2024\/01\/12-Bilblia-Catolica-para-Jovenes.png",297,434,false],"woocommerce_archive_thumbnail":["https:\/\/mariareynadelapaz.com\/wp-content\/uploads\/2024\/01\/12-Bilblia-Catolica-para-Jovenes.png",297,434,false],"woocommerce_thumbnail":["https:\/\/mariareynadelapaz.com\/wp-content\/uploads\/2024\/01\/12-Bilblia-Catolica-para-Jovenes-297x300.png",297,300,true],"woocommerce_single":["https:\/\/mariareynadelapaz.com\/wp-content\/uploads\/2024\/01\/12-Bilblia-Catolica-para-Jovenes.png",297,434,false],"woocommerce_gallery_thumbnail":["https:\/\/mariareynadelapaz.com\/wp-content\/uploads\/2024\/01\/12-Bilblia-Catolica-para-Jovenes-100x100.png",100,100,true]},"post_excerpt_stackable":"<p>Biblia Cat\u00f3lica Para J\u00f3venes Rustica Chica<\/p>\n<p>Tama\u00f1o 18x13x3 cm<\/p>\n<p>Peso 700 gr.<\/p>\n","category_list":"","author_info":{"name":"","url":""},"comments_num":"0 comments","_links":{"self":[{"href":"https:\/\/mariareynadelapaz.com\/index.php\/wp-json\/wp\/v2\/product\/168"}],"collection":[{"href":"https:\/\/mariareynadelapaz.com\/index.php\/wp-json\/wp\/v2\/product"}],"about":[{"href":"https:\/\/mariareynadelapaz.com\/index.php\/wp-json\/wp\/v2\/types\/product"}],"wp:featuredmedia":[{"embeddable":true,"href":"https:\/\/mariareynadelapaz.com\/index.php\/wp-json\/wp\/v2\/media\/836"}],"wp:attachment":[{"href":"https:\/\/mariareynadelapaz.com\/index.php\/wp-json\/wp\/v2\/media?parent=168"}],"wp:term":[{"taxonomy":"product_cat","embeddable":true,"href":"https:\/\/mariareynadelapaz.com\/index.php\/wp-json\/wp\/v2\/product_cat?post=168"},{"taxonomy":"product_tag","embeddable":true,"href":"https:\/\/mariareynadelapaz.com\/index.php\/wp-json\/wp\/v2\/product_tag?post=168"}],"curies":[{"name":"wp","href":"https:\/\/api.w.org\/{rel}","templated":true}]}}