{"id":1675,"date":"2024-03-21T16:17:21","date_gmt":"2024-03-21T22:17:21","guid":{"rendered":"https:\/\/mariareynadelapaz.com\/?post_type=product&#038;p=1675"},"modified":"2024-03-21T16:17:21","modified_gmt":"2024-03-21T22:17:21","slug":"separador-san-jose-maria-escriva-con-medalla","status":"publish","type":"product","link":"https:\/\/mariareynadelapaz.com\/index.php\/product\/separador-san-jose-maria-escriva-con-medalla\/","title":{"rendered":"Separador San Jos\u00e9 Mar\u00eda Escriv\u00e1 con medalla"},"content":{"rendered":"<p>Separador San Jos\u00e9 Mar\u00eda Escriv\u00e1 con medalla<\/p>\n","protected":false},"excerpt":{"rendered":"<p>Separador San Jos\u00e9 Mar\u00eda Escriv\u00e1 con medalla<\/p>\n","protected":false},"featured_media":1676,"template":"","meta":[],"product_cat":[44,64,72],"product_tag":[],"featured_image_urls":{"full":["https:\/\/mariareynadelapaz.com\/wp-content\/uploads\/2024\/03\/12223-SEPARADOR-SAN-J.jpg",500,930,false],"thumbnail":["https:\/\/mariareynadelapaz.com\/wp-content\/uploads\/2024\/03\/12223-SEPARADOR-SAN-J-150x150.jpg",150,150,true],"medium":["https:\/\/mariareynadelapaz.com\/wp-content\/uploads\/2024\/03\/12223-SEPARADOR-SAN-J-161x300.jpg",161,300,true],"medium_large":["https:\/\/mariareynadelapaz.com\/wp-content\/uploads\/2024\/03\/12223-SEPARADOR-SAN-J.jpg",500,930,false],"large":["https:\/\/mariareynadelapaz.com\/wp-content\/uploads\/2024\/03\/12223-SEPARADOR-SAN-J.jpg",500,930,false],"1536x1536":["https:\/\/mariareynadelapaz.com\/wp-content\/uploads\/2024\/03\/12223-SEPARADOR-SAN-J.jpg",500,930,false],"2048x2048":["https:\/\/mariareynadelapaz.com\/wp-content\/uploads\/2024\/03\/12223-SEPARADOR-SAN-J.jpg",500,930,false],"woocommerce_archive_thumbnail":["https:\/\/mariareynadelapaz.com\/wp-content\/uploads\/2024\/03\/12223-SEPARADOR-SAN-J-300x558.jpg",300,558,true],"woocommerce_thumbnail":["https:\/\/mariareynadelapaz.com\/wp-content\/uploads\/2024\/03\/12223-SEPARADOR-SAN-J-300x300.jpg",300,300,true],"woocommerce_single":["https:\/\/mariareynadelapaz.com\/wp-content\/uploads\/2024\/03\/12223-SEPARADOR-SAN-J.jpg",500,930,false],"woocommerce_gallery_thumbnail":["https:\/\/mariareynadelapaz.com\/wp-content\/uploads\/2024\/03\/12223-SEPARADOR-SAN-J-100x100.jpg",100,100,true]},"post_excerpt_stackable":"<p>Separador San Jos\u00e9 Mar\u00eda Escriv\u00e1 con medalla<\/p>\n","category_list":"","author_info":{"name":"","url":""},"comments_num":"0 comments","_links":{"self":[{"href":"https:\/\/mariareynadelapaz.com\/index.php\/wp-json\/wp\/v2\/product\/1675"}],"collection":[{"href":"https:\/\/mariareynadelapaz.com\/index.php\/wp-json\/wp\/v2\/product"}],"about":[{"href":"https:\/\/mariareynadelapaz.com\/index.php\/wp-json\/wp\/v2\/types\/product"}],"wp:featuredmedia":[{"embeddable":true,"href":"https:\/\/mariareynadelapaz.com\/index.php\/wp-json\/wp\/v2\/media\/1676"}],"wp:attachment":[{"href":"https:\/\/mariareynadelapaz.com\/index.php\/wp-json\/wp\/v2\/media?parent=1675"}],"wp:term":[{"taxonomy":"product_cat","embeddable":true,"href":"https:\/\/mariareynadelapaz.com\/index.php\/wp-json\/wp\/v2\/product_cat?post=1675"},{"taxonomy":"product_tag","embeddable":true,"href":"https:\/\/mariareynadelapaz.com\/index.php\/wp-json\/wp\/v2\/product_tag?post=1675"}],"curies":[{"name":"wp","href":"https:\/\/api.w.org\/{rel}","templated":true}]}}