{"id":1632,"date":"2024-03-20T16:31:27","date_gmt":"2024-03-20T22:31:27","guid":{"rendered":"https:\/\/mariareynadelapaz.com\/?post_type=product&#038;p=1632"},"modified":"2024-03-20T16:31:27","modified_gmt":"2024-03-20T22:31:27","slug":"la-buena-confesion-de-los-ninos-p-ricardo-sada-fernandez","status":"publish","type":"product","link":"https:\/\/mariareynadelapaz.com\/index.php\/product\/la-buena-confesion-de-los-ninos-p-ricardo-sada-fernandez\/","title":{"rendered":"La Buena Confesi\u00f3n de los ni\u00f1os \/ P. Ricardo Sada Fern\u00e1ndez"},"content":{"rendered":"<p>La Buena Confesi\u00f3n de los ni\u00f1os \/ P. Ricardo Sada Fern\u00e1ndez <\/p>\n","protected":false},"excerpt":{"rendered":"<p>La Buena Confesi\u00f3n de los ni\u00f1os \/ P. Ricardo Sada Fern\u00e1ndez <\/p>\n","protected":false},"featured_media":1605,"template":"","meta":[],"product_cat":[64],"product_tag":[],"featured_image_urls":{"full":["https:\/\/mariareynadelapaz.com\/wp-content\/uploads\/2024\/03\/WhatsApp-Image-2024-03-20-at-1.09.22-PM-1.jpeg",872,1280,false],"thumbnail":["https:\/\/mariareynadelapaz.com\/wp-content\/uploads\/2024\/03\/WhatsApp-Image-2024-03-20-at-1.09.22-PM-1-150x150.jpeg",150,150,true],"medium":["https:\/\/mariareynadelapaz.com\/wp-content\/uploads\/2024\/03\/WhatsApp-Image-2024-03-20-at-1.09.22-PM-1-204x300.jpeg",204,300,true],"medium_large":["https:\/\/mariareynadelapaz.com\/wp-content\/uploads\/2024\/03\/WhatsApp-Image-2024-03-20-at-1.09.22-PM-1-768x1127.jpeg",768,1127,true],"large":["https:\/\/mariareynadelapaz.com\/wp-content\/uploads\/2024\/03\/WhatsApp-Image-2024-03-20-at-1.09.22-PM-1-698x1024.jpeg",698,1024,true],"1536x1536":["https:\/\/mariareynadelapaz.com\/wp-content\/uploads\/2024\/03\/WhatsApp-Image-2024-03-20-at-1.09.22-PM-1.jpeg",872,1280,false],"2048x2048":["https:\/\/mariareynadelapaz.com\/wp-content\/uploads\/2024\/03\/WhatsApp-Image-2024-03-20-at-1.09.22-PM-1.jpeg",872,1280,false],"woocommerce_archive_thumbnail":["https:\/\/mariareynadelapaz.com\/wp-content\/uploads\/2024\/03\/WhatsApp-Image-2024-03-20-at-1.09.22-PM-1-300x440.jpeg",300,440,true],"woocommerce_thumbnail":["https:\/\/mariareynadelapaz.com\/wp-content\/uploads\/2024\/03\/WhatsApp-Image-2024-03-20-at-1.09.22-PM-1-300x300.jpeg",300,300,true],"woocommerce_single":["https:\/\/mariareynadelapaz.com\/wp-content\/uploads\/2024\/03\/WhatsApp-Image-2024-03-20-at-1.09.22-PM-1-600x881.jpeg",600,881,true],"woocommerce_gallery_thumbnail":["https:\/\/mariareynadelapaz.com\/wp-content\/uploads\/2024\/03\/WhatsApp-Image-2024-03-20-at-1.09.22-PM-1-100x100.jpeg",100,100,true]},"post_excerpt_stackable":"<p>La Buena Confesi\u00f3n de los ni\u00f1os \/ P. Ricardo Sada Fern\u00e1ndez <\/p>\n","category_list":"","author_info":{"name":"","url":""},"comments_num":"0 comments","_links":{"self":[{"href":"https:\/\/mariareynadelapaz.com\/index.php\/wp-json\/wp\/v2\/product\/1632"}],"collection":[{"href":"https:\/\/mariareynadelapaz.com\/index.php\/wp-json\/wp\/v2\/product"}],"about":[{"href":"https:\/\/mariareynadelapaz.com\/index.php\/wp-json\/wp\/v2\/types\/product"}],"wp:featuredmedia":[{"embeddable":true,"href":"https:\/\/mariareynadelapaz.com\/index.php\/wp-json\/wp\/v2\/media\/1605"}],"wp:attachment":[{"href":"https:\/\/mariareynadelapaz.com\/index.php\/wp-json\/wp\/v2\/media?parent=1632"}],"wp:term":[{"taxonomy":"product_cat","embeddable":true,"href":"https:\/\/mariareynadelapaz.com\/index.php\/wp-json\/wp\/v2\/product_cat?post=1632"},{"taxonomy":"product_tag","embeddable":true,"href":"https:\/\/mariareynadelapaz.com\/index.php\/wp-json\/wp\/v2\/product_tag?post=1632"}],"curies":[{"name":"wp","href":"https:\/\/api.w.org\/{rel}","templated":true}]}}