{"id":1624,"date":"2024-03-20T15:25:03","date_gmt":"2024-03-20T21:25:03","guid":{"rendered":"https:\/\/mariareynadelapaz.com\/?post_type=product&#038;p=1624"},"modified":"2024-03-20T15:25:03","modified_gmt":"2024-03-20T21:25:03","slug":"todo-mi-dia-con-jesus-p-ricardo-sada-fernandez","status":"publish","type":"product","link":"https:\/\/mariareynadelapaz.com\/index.php\/product\/todo-mi-dia-con-jesus-p-ricardo-sada-fernandez\/","title":{"rendered":"Todo mi D\u00eda con Jes\u00fas \/ P. Ricardo Sada Fern\u00e1ndez"},"content":{"rendered":"<p>Todo mi D\u00eda con Jes\u00fas \/ P. Ricardo Sada Fern\u00e1ndez <\/p>\n","protected":false},"excerpt":{"rendered":"<p>Todo mi D\u00eda con Jes\u00fas \/ P. Ricardo Sada Fern\u00e1ndez <\/p>\n","protected":false},"featured_media":1604,"template":"","meta":[],"product_cat":[64],"product_tag":[],"featured_image_urls":{"full":["https:\/\/mariareynadelapaz.com\/wp-content\/uploads\/2024\/03\/WhatsApp-Image-2024-03-20-at-1.09.21-PM.jpeg",894,1280,false],"thumbnail":["https:\/\/mariareynadelapaz.com\/wp-content\/uploads\/2024\/03\/WhatsApp-Image-2024-03-20-at-1.09.21-PM-150x150.jpeg",150,150,true],"medium":["https:\/\/mariareynadelapaz.com\/wp-content\/uploads\/2024\/03\/WhatsApp-Image-2024-03-20-at-1.09.21-PM-210x300.jpeg",210,300,true],"medium_large":["https:\/\/mariareynadelapaz.com\/wp-content\/uploads\/2024\/03\/WhatsApp-Image-2024-03-20-at-1.09.21-PM-768x1100.jpeg",768,1100,true],"large":["https:\/\/mariareynadelapaz.com\/wp-content\/uploads\/2024\/03\/WhatsApp-Image-2024-03-20-at-1.09.21-PM-715x1024.jpeg",715,1024,true],"1536x1536":["https:\/\/mariareynadelapaz.com\/wp-content\/uploads\/2024\/03\/WhatsApp-Image-2024-03-20-at-1.09.21-PM.jpeg",894,1280,false],"2048x2048":["https:\/\/mariareynadelapaz.com\/wp-content\/uploads\/2024\/03\/WhatsApp-Image-2024-03-20-at-1.09.21-PM.jpeg",894,1280,false],"woocommerce_archive_thumbnail":["https:\/\/mariareynadelapaz.com\/wp-content\/uploads\/2024\/03\/WhatsApp-Image-2024-03-20-at-1.09.21-PM-300x430.jpeg",300,430,true],"woocommerce_thumbnail":["https:\/\/mariareynadelapaz.com\/wp-content\/uploads\/2024\/03\/WhatsApp-Image-2024-03-20-at-1.09.21-PM-300x300.jpeg",300,300,true],"woocommerce_single":["https:\/\/mariareynadelapaz.com\/wp-content\/uploads\/2024\/03\/WhatsApp-Image-2024-03-20-at-1.09.21-PM-600x859.jpeg",600,859,true],"woocommerce_gallery_thumbnail":["https:\/\/mariareynadelapaz.com\/wp-content\/uploads\/2024\/03\/WhatsApp-Image-2024-03-20-at-1.09.21-PM-100x100.jpeg",100,100,true]},"post_excerpt_stackable":"<p>Todo mi D\u00eda con Jes\u00fas \/ P. Ricardo Sada Fern\u00e1ndez <\/p>\n","category_list":"","author_info":{"name":"","url":""},"comments_num":"0 comments","_links":{"self":[{"href":"https:\/\/mariareynadelapaz.com\/index.php\/wp-json\/wp\/v2\/product\/1624"}],"collection":[{"href":"https:\/\/mariareynadelapaz.com\/index.php\/wp-json\/wp\/v2\/product"}],"about":[{"href":"https:\/\/mariareynadelapaz.com\/index.php\/wp-json\/wp\/v2\/types\/product"}],"wp:featuredmedia":[{"embeddable":true,"href":"https:\/\/mariareynadelapaz.com\/index.php\/wp-json\/wp\/v2\/media\/1604"}],"wp:attachment":[{"href":"https:\/\/mariareynadelapaz.com\/index.php\/wp-json\/wp\/v2\/media?parent=1624"}],"wp:term":[{"taxonomy":"product_cat","embeddable":true,"href":"https:\/\/mariareynadelapaz.com\/index.php\/wp-json\/wp\/v2\/product_cat?post=1624"},{"taxonomy":"product_tag","embeddable":true,"href":"https:\/\/mariareynadelapaz.com\/index.php\/wp-json\/wp\/v2\/product_tag?post=1624"}],"curies":[{"name":"wp","href":"https:\/\/api.w.org\/{rel}","templated":true}]}}