{"id":1593,"date":"2024-03-20T15:14:34","date_gmt":"2024-03-20T21:14:34","guid":{"rendered":"https:\/\/mariareynadelapaz.com\/?post_type=product&#038;p=1593"},"modified":"2024-03-20T15:14:34","modified_gmt":"2024-03-20T21:14:34","slug":"acompano-a-jesus-al-monte-calvario-p-ricardo-sada-fernandez","status":"publish","type":"product","link":"https:\/\/mariareynadelapaz.com\/index.php\/product\/acompano-a-jesus-al-monte-calvario-p-ricardo-sada-fernandez\/","title":{"rendered":"Acompa\u00f1o a Jes\u00fas al Monte Calvario \/ P. Ricardo Sada Fern\u00e1ndez"},"content":{"rendered":"<p>Acompa\u00f1o a Jes\u00fas al Monte Calvario \/ P. Ricardo Sada Fern\u00e1ndez <\/p>\n","protected":false},"excerpt":{"rendered":"<p>Acompa\u00f1o a Jes\u00fas al Monte Calvario \/ P. Ricardo Sada Fern\u00e1ndez <\/p>\n","protected":false},"featured_media":1595,"template":"","meta":[],"product_cat":[64],"product_tag":[],"featured_image_urls":{"full":["https:\/\/mariareynadelapaz.com\/wp-content\/uploads\/2024\/03\/WhatsApp-Image-2024-03-20-at-1.09.17-PM.jpeg",944,1280,false],"thumbnail":["https:\/\/mariareynadelapaz.com\/wp-content\/uploads\/2024\/03\/WhatsApp-Image-2024-03-20-at-1.09.17-PM-150x150.jpeg",150,150,true],"medium":["https:\/\/mariareynadelapaz.com\/wp-content\/uploads\/2024\/03\/WhatsApp-Image-2024-03-20-at-1.09.17-PM-221x300.jpeg",221,300,true],"medium_large":["https:\/\/mariareynadelapaz.com\/wp-content\/uploads\/2024\/03\/WhatsApp-Image-2024-03-20-at-1.09.17-PM-768x1041.jpeg",768,1041,true],"large":["https:\/\/mariareynadelapaz.com\/wp-content\/uploads\/2024\/03\/WhatsApp-Image-2024-03-20-at-1.09.17-PM-755x1024.jpeg",755,1024,true],"1536x1536":["https:\/\/mariareynadelapaz.com\/wp-content\/uploads\/2024\/03\/WhatsApp-Image-2024-03-20-at-1.09.17-PM.jpeg",944,1280,false],"2048x2048":["https:\/\/mariareynadelapaz.com\/wp-content\/uploads\/2024\/03\/WhatsApp-Image-2024-03-20-at-1.09.17-PM.jpeg",944,1280,false],"woocommerce_archive_thumbnail":["https:\/\/mariareynadelapaz.com\/wp-content\/uploads\/2024\/03\/WhatsApp-Image-2024-03-20-at-1.09.17-PM-300x407.jpeg",300,407,true],"woocommerce_thumbnail":["https:\/\/mariareynadelapaz.com\/wp-content\/uploads\/2024\/03\/WhatsApp-Image-2024-03-20-at-1.09.17-PM-300x300.jpeg",300,300,true],"woocommerce_single":["https:\/\/mariareynadelapaz.com\/wp-content\/uploads\/2024\/03\/WhatsApp-Image-2024-03-20-at-1.09.17-PM-600x814.jpeg",600,814,true],"woocommerce_gallery_thumbnail":["https:\/\/mariareynadelapaz.com\/wp-content\/uploads\/2024\/03\/WhatsApp-Image-2024-03-20-at-1.09.17-PM-100x100.jpeg",100,100,true]},"post_excerpt_stackable":"<p>Acompa\u00f1o a Jes\u00fas al Monte Calvario \/ P. Ricardo Sada Fern\u00e1ndez <\/p>\n","category_list":"","author_info":{"name":"","url":""},"comments_num":"0 comments","_links":{"self":[{"href":"https:\/\/mariareynadelapaz.com\/index.php\/wp-json\/wp\/v2\/product\/1593"}],"collection":[{"href":"https:\/\/mariareynadelapaz.com\/index.php\/wp-json\/wp\/v2\/product"}],"about":[{"href":"https:\/\/mariareynadelapaz.com\/index.php\/wp-json\/wp\/v2\/types\/product"}],"wp:featuredmedia":[{"embeddable":true,"href":"https:\/\/mariareynadelapaz.com\/index.php\/wp-json\/wp\/v2\/media\/1595"}],"wp:attachment":[{"href":"https:\/\/mariareynadelapaz.com\/index.php\/wp-json\/wp\/v2\/media?parent=1593"}],"wp:term":[{"taxonomy":"product_cat","embeddable":true,"href":"https:\/\/mariareynadelapaz.com\/index.php\/wp-json\/wp\/v2\/product_cat?post=1593"},{"taxonomy":"product_tag","embeddable":true,"href":"https:\/\/mariareynadelapaz.com\/index.php\/wp-json\/wp\/v2\/product_tag?post=1593"}],"curies":[{"name":"wp","href":"https:\/\/api.w.org\/{rel}","templated":true}]}}