{"id":1508,"date":"2024-03-15T18:43:12","date_gmt":"2024-03-16T00:43:12","guid":{"rendered":"https:\/\/mariareynadelapaz.com\/?post_type=product&#038;p=1508"},"modified":"2024-03-19T19:26:20","modified_gmt":"2024-03-20T01:26:20","slug":"loteria-catolica","status":"publish","type":"product","link":"https:\/\/mariareynadelapaz.com\/index.php\/product\/loteria-catolica\/","title":{"rendered":"Loter\u00eda Cat\u00f3lica"},"content":{"rendered":"<p>Loter\u00eda Cat\u00f3lica<\/p>\n","protected":false},"excerpt":{"rendered":"<p>Loter\u00eda Cat\u00f3lica<\/p>\n","protected":false},"featured_media":1497,"template":"","meta":[],"product_cat":[44,71],"product_tag":[],"featured_image_urls":{"full":["https:\/\/mariareynadelapaz.com\/wp-content\/uploads\/2024\/03\/WhatsApp-Image-2024-03-15-at-6.15.42-PM-2-e1710659502437.jpeg",900,1221,false],"thumbnail":["https:\/\/mariareynadelapaz.com\/wp-content\/uploads\/2024\/03\/WhatsApp-Image-2024-03-15-at-6.15.42-PM-2-e1710659502437-150x150.jpeg",150,150,true],"medium":["https:\/\/mariareynadelapaz.com\/wp-content\/uploads\/2024\/03\/WhatsApp-Image-2024-03-15-at-6.15.42-PM-2-e1710659502437-221x300.jpeg",221,300,true],"medium_large":["https:\/\/mariareynadelapaz.com\/wp-content\/uploads\/2024\/03\/WhatsApp-Image-2024-03-15-at-6.15.42-PM-2-e1710659502437-768x1042.jpeg",768,1042,true],"large":["https:\/\/mariareynadelapaz.com\/wp-content\/uploads\/2024\/03\/WhatsApp-Image-2024-03-15-at-6.15.42-PM-2-e1710659502437-755x1024.jpeg",755,1024,true],"1536x1536":["https:\/\/mariareynadelapaz.com\/wp-content\/uploads\/2024\/03\/WhatsApp-Image-2024-03-15-at-6.15.42-PM-2-864x1536.jpeg",864,1536,true],"2048x2048":["https:\/\/mariareynadelapaz.com\/wp-content\/uploads\/2024\/03\/WhatsApp-Image-2024-03-15-at-6.15.42-PM-2-e1710659502437.jpeg",900,1221,false],"woocommerce_archive_thumbnail":["https:\/\/mariareynadelapaz.com\/wp-content\/uploads\/2024\/03\/WhatsApp-Image-2024-03-15-at-6.15.42-PM-2-e1710659502437-300x407.jpeg",300,407,true],"woocommerce_thumbnail":["https:\/\/mariareynadelapaz.com\/wp-content\/uploads\/2024\/03\/WhatsApp-Image-2024-03-15-at-6.15.42-PM-2-e1710659502437-300x300.jpeg",300,300,true],"woocommerce_single":["https:\/\/mariareynadelapaz.com\/wp-content\/uploads\/2024\/03\/WhatsApp-Image-2024-03-15-at-6.15.42-PM-2-e1710659502437-600x814.jpeg",600,814,true],"woocommerce_gallery_thumbnail":["https:\/\/mariareynadelapaz.com\/wp-content\/uploads\/2024\/03\/WhatsApp-Image-2024-03-15-at-6.15.42-PM-2-e1710659502437-100x100.jpeg",100,100,true]},"post_excerpt_stackable":"<p>Loter\u00eda Cat\u00f3lica<\/p>\n","category_list":"","author_info":{"name":"","url":""},"comments_num":"0 comments","_links":{"self":[{"href":"https:\/\/mariareynadelapaz.com\/index.php\/wp-json\/wp\/v2\/product\/1508"}],"collection":[{"href":"https:\/\/mariareynadelapaz.com\/index.php\/wp-json\/wp\/v2\/product"}],"about":[{"href":"https:\/\/mariareynadelapaz.com\/index.php\/wp-json\/wp\/v2\/types\/product"}],"wp:featuredmedia":[{"embeddable":true,"href":"https:\/\/mariareynadelapaz.com\/index.php\/wp-json\/wp\/v2\/media\/1497"}],"wp:attachment":[{"href":"https:\/\/mariareynadelapaz.com\/index.php\/wp-json\/wp\/v2\/media?parent=1508"}],"wp:term":[{"taxonomy":"product_cat","embeddable":true,"href":"https:\/\/mariareynadelapaz.com\/index.php\/wp-json\/wp\/v2\/product_cat?post=1508"},{"taxonomy":"product_tag","embeddable":true,"href":"https:\/\/mariareynadelapaz.com\/index.php\/wp-json\/wp\/v2\/product_tag?post=1508"}],"curies":[{"name":"wp","href":"https:\/\/api.w.org\/{rel}","templated":true}]}}