{"id":1485,"date":"2024-03-15T18:25:22","date_gmt":"2024-03-16T00:25:22","guid":{"rendered":"https:\/\/mariareynadelapaz.com\/?post_type=product&#038;p=1485"},"modified":"2024-03-19T19:28:04","modified_gmt":"2024-03-20T01:28:04","slug":"loteria-personajes-biblicos","status":"publish","type":"product","link":"https:\/\/mariareynadelapaz.com\/index.php\/product\/loteria-personajes-biblicos\/","title":{"rendered":"Loter\u00eda Personajes B\u00edblicos"},"content":{"rendered":"<p>Loter\u00eda Personajes B\u00edblicos <\/p>\n","protected":false},"excerpt":{"rendered":"<p>Loter\u00eda Personajes B\u00edblicos <\/p>\n","protected":false},"featured_media":1486,"template":"","meta":[],"product_cat":[44,71],"product_tag":[],"featured_image_urls":{"full":["https:\/\/mariareynadelapaz.com\/wp-content\/uploads\/2024\/03\/WhatsApp-Image-2024-03-15-at-6.15.21-PM-e1710659667198.jpeg",900,1213,false],"thumbnail":["https:\/\/mariareynadelapaz.com\/wp-content\/uploads\/2024\/03\/WhatsApp-Image-2024-03-15-at-6.15.21-PM-e1710659667198-150x150.jpeg",150,150,true],"medium":["https:\/\/mariareynadelapaz.com\/wp-content\/uploads\/2024\/03\/WhatsApp-Image-2024-03-15-at-6.15.21-PM-e1710659667198-223x300.jpeg",223,300,true],"medium_large":["https:\/\/mariareynadelapaz.com\/wp-content\/uploads\/2024\/03\/WhatsApp-Image-2024-03-15-at-6.15.21-PM-e1710659667198-768x1035.jpeg",768,1035,true],"large":["https:\/\/mariareynadelapaz.com\/wp-content\/uploads\/2024\/03\/WhatsApp-Image-2024-03-15-at-6.15.21-PM-e1710659667198-760x1024.jpeg",760,1024,true],"1536x1536":["https:\/\/mariareynadelapaz.com\/wp-content\/uploads\/2024\/03\/WhatsApp-Image-2024-03-15-at-6.15.21-PM-864x1536.jpeg",864,1536,true],"2048x2048":["https:\/\/mariareynadelapaz.com\/wp-content\/uploads\/2024\/03\/WhatsApp-Image-2024-03-15-at-6.15.21-PM-e1710659667198.jpeg",900,1213,false],"woocommerce_archive_thumbnail":["https:\/\/mariareynadelapaz.com\/wp-content\/uploads\/2024\/03\/WhatsApp-Image-2024-03-15-at-6.15.21-PM-e1710659667198-300x404.jpeg",300,404,true],"woocommerce_thumbnail":["https:\/\/mariareynadelapaz.com\/wp-content\/uploads\/2024\/03\/WhatsApp-Image-2024-03-15-at-6.15.21-PM-e1710659667198-300x300.jpeg",300,300,true],"woocommerce_single":["https:\/\/mariareynadelapaz.com\/wp-content\/uploads\/2024\/03\/WhatsApp-Image-2024-03-15-at-6.15.21-PM-e1710659667198-600x809.jpeg",600,809,true],"woocommerce_gallery_thumbnail":["https:\/\/mariareynadelapaz.com\/wp-content\/uploads\/2024\/03\/WhatsApp-Image-2024-03-15-at-6.15.21-PM-e1710659667198-100x100.jpeg",100,100,true]},"post_excerpt_stackable":"<p>Loter\u00eda Personajes B\u00edblicos <\/p>\n","category_list":"","author_info":{"name":"","url":""},"comments_num":"0 comments","_links":{"self":[{"href":"https:\/\/mariareynadelapaz.com\/index.php\/wp-json\/wp\/v2\/product\/1485"}],"collection":[{"href":"https:\/\/mariareynadelapaz.com\/index.php\/wp-json\/wp\/v2\/product"}],"about":[{"href":"https:\/\/mariareynadelapaz.com\/index.php\/wp-json\/wp\/v2\/types\/product"}],"wp:featuredmedia":[{"embeddable":true,"href":"https:\/\/mariareynadelapaz.com\/index.php\/wp-json\/wp\/v2\/media\/1486"}],"wp:attachment":[{"href":"https:\/\/mariareynadelapaz.com\/index.php\/wp-json\/wp\/v2\/media?parent=1485"}],"wp:term":[{"taxonomy":"product_cat","embeddable":true,"href":"https:\/\/mariareynadelapaz.com\/index.php\/wp-json\/wp\/v2\/product_cat?post=1485"},{"taxonomy":"product_tag","embeddable":true,"href":"https:\/\/mariareynadelapaz.com\/index.php\/wp-json\/wp\/v2\/product_tag?post=1485"}],"curies":[{"name":"wp","href":"https:\/\/api.w.org\/{rel}","templated":true}]}}