{"id":1480,"date":"2024-03-13T17:52:06","date_gmt":"2024-03-13T23:52:06","guid":{"rendered":"https:\/\/mariareynadelapaz.com\/?post_type=product&#038;p=1480"},"modified":"2024-03-13T17:52:06","modified_gmt":"2024-03-13T23:52:06","slug":"cruz-dorada-con-imagenes-de-la-vida-de-jesus","status":"publish","type":"product","link":"https:\/\/mariareynadelapaz.com\/index.php\/product\/cruz-dorada-con-imagenes-de-la-vida-de-jesus\/","title":{"rendered":"Cruz Dorada Con Im\u00e1genes de la Vida de Jes\u00fas"},"content":{"rendered":"<p>Cruz Dorada Con Im\u00e1genes de la Vida de Jes\u00fas <\/p>\n","protected":false},"excerpt":{"rendered":"<p>Cruz Dorada Con Im\u00e1genes de la Vida de Jes\u00fas <\/p>\n","protected":false},"featured_media":1474,"template":"","meta":[],"product_cat":[63],"product_tag":[],"featured_image_urls":{"full":["https:\/\/mariareynadelapaz.com\/wp-content\/uploads\/2024\/03\/WhatsApp-Image-2024-03-13-at-5.44.08-PM-1.jpeg",500,836,false],"thumbnail":["https:\/\/mariareynadelapaz.com\/wp-content\/uploads\/2024\/03\/WhatsApp-Image-2024-03-13-at-5.44.08-PM-1-150x150.jpeg",150,150,true],"medium":["https:\/\/mariareynadelapaz.com\/wp-content\/uploads\/2024\/03\/WhatsApp-Image-2024-03-13-at-5.44.08-PM-1-179x300.jpeg",179,300,true],"medium_large":["https:\/\/mariareynadelapaz.com\/wp-content\/uploads\/2024\/03\/WhatsApp-Image-2024-03-13-at-5.44.08-PM-1.jpeg",500,836,false],"large":["https:\/\/mariareynadelapaz.com\/wp-content\/uploads\/2024\/03\/WhatsApp-Image-2024-03-13-at-5.44.08-PM-1.jpeg",500,836,false],"1536x1536":["https:\/\/mariareynadelapaz.com\/wp-content\/uploads\/2024\/03\/WhatsApp-Image-2024-03-13-at-5.44.08-PM-1.jpeg",500,836,false],"2048x2048":["https:\/\/mariareynadelapaz.com\/wp-content\/uploads\/2024\/03\/WhatsApp-Image-2024-03-13-at-5.44.08-PM-1.jpeg",500,836,false],"woocommerce_archive_thumbnail":["https:\/\/mariareynadelapaz.com\/wp-content\/uploads\/2024\/03\/WhatsApp-Image-2024-03-13-at-5.44.08-PM-1-300x502.jpeg",300,502,true],"woocommerce_thumbnail":["https:\/\/mariareynadelapaz.com\/wp-content\/uploads\/2024\/03\/WhatsApp-Image-2024-03-13-at-5.44.08-PM-1-300x300.jpeg",300,300,true],"woocommerce_single":["https:\/\/mariareynadelapaz.com\/wp-content\/uploads\/2024\/03\/WhatsApp-Image-2024-03-13-at-5.44.08-PM-1.jpeg",500,836,false],"woocommerce_gallery_thumbnail":["https:\/\/mariareynadelapaz.com\/wp-content\/uploads\/2024\/03\/WhatsApp-Image-2024-03-13-at-5.44.08-PM-1-100x100.jpeg",100,100,true]},"post_excerpt_stackable":"<p>Cruz Dorada Con Im\u00e1genes de la Vida de Jes\u00fas <\/p>\n","category_list":"","author_info":{"name":"","url":""},"comments_num":"0 comments","_links":{"self":[{"href":"https:\/\/mariareynadelapaz.com\/index.php\/wp-json\/wp\/v2\/product\/1480"}],"collection":[{"href":"https:\/\/mariareynadelapaz.com\/index.php\/wp-json\/wp\/v2\/product"}],"about":[{"href":"https:\/\/mariareynadelapaz.com\/index.php\/wp-json\/wp\/v2\/types\/product"}],"wp:featuredmedia":[{"embeddable":true,"href":"https:\/\/mariareynadelapaz.com\/index.php\/wp-json\/wp\/v2\/media\/1474"}],"wp:attachment":[{"href":"https:\/\/mariareynadelapaz.com\/index.php\/wp-json\/wp\/v2\/media?parent=1480"}],"wp:term":[{"taxonomy":"product_cat","embeddable":true,"href":"https:\/\/mariareynadelapaz.com\/index.php\/wp-json\/wp\/v2\/product_cat?post=1480"},{"taxonomy":"product_tag","embeddable":true,"href":"https:\/\/mariareynadelapaz.com\/index.php\/wp-json\/wp\/v2\/product_tag?post=1480"}],"curies":[{"name":"wp","href":"https:\/\/api.w.org\/{rel}","templated":true}]}}