{"id":1459,"date":"2024-03-11T16:27:41","date_gmt":"2024-03-11T22:27:41","guid":{"rendered":"https:\/\/mariareynadelapaz.com\/?post_type=product&#038;p=1459"},"modified":"2024-03-17T20:26:37","modified_gmt":"2024-03-18T02:26:37","slug":"cirio-varios-modelos-para-cualquier-ocasion-con-imagen-impresa","status":"publish","type":"product","link":"https:\/\/mariareynadelapaz.com\/index.php\/product\/cirio-varios-modelos-para-cualquier-ocasion-con-imagen-impresa\/","title":{"rendered":"Cirio Varios Modelos Para 1a Comuni\u00f3n y cualquier Ocasi\u00f3n Con Imagen Impresa 14 x 7 x 7 cm"},"content":{"rendered":"<p>Cirio Varios Modelos Para Cualquier Ocasi\u00f3n Con Imagen Impresa 14 x 7 x 7 cm<\/p>\n","protected":false},"excerpt":{"rendered":"<p>Cirio Varios Modelos Para Cualquier Ocasi\u00f3n Con Imagen Impresa  14 x 7 x 7 cm<\/p>\n","protected":false},"featured_media":1453,"template":"","meta":[],"product_cat":[69,70,58],"product_tag":[],"featured_image_urls":{"full":["https:\/\/mariareynadelapaz.com\/wp-content\/uploads\/2024\/03\/WhatsApp-Image-2024-03-11-at-4.18.27-PM-1.jpeg",563,1221,false],"thumbnail":["https:\/\/mariareynadelapaz.com\/wp-content\/uploads\/2024\/03\/WhatsApp-Image-2024-03-11-at-4.18.27-PM-1-150x150.jpeg",150,150,true],"medium":["https:\/\/mariareynadelapaz.com\/wp-content\/uploads\/2024\/03\/WhatsApp-Image-2024-03-11-at-4.18.27-PM-1-138x300.jpeg",138,300,true],"medium_large":["https:\/\/mariareynadelapaz.com\/wp-content\/uploads\/2024\/03\/WhatsApp-Image-2024-03-11-at-4.18.27-PM-1.jpeg",563,1221,false],"large":["https:\/\/mariareynadelapaz.com\/wp-content\/uploads\/2024\/03\/WhatsApp-Image-2024-03-11-at-4.18.27-PM-1-472x1024.jpeg",472,1024,true],"1536x1536":["https:\/\/mariareynadelapaz.com\/wp-content\/uploads\/2024\/03\/WhatsApp-Image-2024-03-11-at-4.18.27-PM-1.jpeg",563,1221,false],"2048x2048":["https:\/\/mariareynadelapaz.com\/wp-content\/uploads\/2024\/03\/WhatsApp-Image-2024-03-11-at-4.18.27-PM-1.jpeg",563,1221,false],"woocommerce_archive_thumbnail":["https:\/\/mariareynadelapaz.com\/wp-content\/uploads\/2024\/03\/WhatsApp-Image-2024-03-11-at-4.18.27-PM-1-300x651.jpeg",300,651,true],"woocommerce_thumbnail":["https:\/\/mariareynadelapaz.com\/wp-content\/uploads\/2024\/03\/WhatsApp-Image-2024-03-11-at-4.18.27-PM-1-300x300.jpeg",300,300,true],"woocommerce_single":["https:\/\/mariareynadelapaz.com\/wp-content\/uploads\/2024\/03\/WhatsApp-Image-2024-03-11-at-4.18.27-PM-1.jpeg",563,1221,false],"woocommerce_gallery_thumbnail":["https:\/\/mariareynadelapaz.com\/wp-content\/uploads\/2024\/03\/WhatsApp-Image-2024-03-11-at-4.18.27-PM-1-100x100.jpeg",100,100,true]},"post_excerpt_stackable":"<p>Cirio Varios Modelos Para Cualquier Ocasi\u00f3n Con Imagen Impresa  14 x 7 x 7 cm<\/p>\n","category_list":"","author_info":{"name":"","url":""},"comments_num":"0 comments","_links":{"self":[{"href":"https:\/\/mariareynadelapaz.com\/index.php\/wp-json\/wp\/v2\/product\/1459"}],"collection":[{"href":"https:\/\/mariareynadelapaz.com\/index.php\/wp-json\/wp\/v2\/product"}],"about":[{"href":"https:\/\/mariareynadelapaz.com\/index.php\/wp-json\/wp\/v2\/types\/product"}],"wp:featuredmedia":[{"embeddable":true,"href":"https:\/\/mariareynadelapaz.com\/index.php\/wp-json\/wp\/v2\/media\/1453"}],"wp:attachment":[{"href":"https:\/\/mariareynadelapaz.com\/index.php\/wp-json\/wp\/v2\/media?parent=1459"}],"wp:term":[{"taxonomy":"product_cat","embeddable":true,"href":"https:\/\/mariareynadelapaz.com\/index.php\/wp-json\/wp\/v2\/product_cat?post=1459"},{"taxonomy":"product_tag","embeddable":true,"href":"https:\/\/mariareynadelapaz.com\/index.php\/wp-json\/wp\/v2\/product_tag?post=1459"}],"curies":[{"name":"wp","href":"https:\/\/api.w.org\/{rel}","templated":true}]}}