{"id":1450,"date":"2024-03-11T16:23:34","date_gmt":"2024-03-11T22:23:34","guid":{"rendered":"https:\/\/mariareynadelapaz.com\/?post_type=product&#038;p=1450"},"modified":"2024-07-30T17:19:28","modified_gmt":"2024-07-30T23:19:28","slug":"cuadro-sagrado-corazon-de-jesus-mosaico-color-oro","status":"publish","type":"product","link":"https:\/\/mariareynadelapaz.com\/index.php\/product\/cuadro-sagrado-corazon-de-jesus-mosaico-color-oro\/","title":{"rendered":"Cuadro Sagrado Coraz\u00f3n de Jes\u00fas Mosaico Color Oro 16 x 11 cm"},"content":{"rendered":"<p>Cuadro Sagrado Coraz\u00f3n de Jes\u00fas Mosaico Color Oro 16 x 11 cm<\/p>\n","protected":false},"excerpt":{"rendered":"<p>Cuadro Sagrado Coraz\u00f3n de Jes\u00fas Mosaico Color Oro 16 x 11 cm<\/p>\n","protected":false},"featured_media":1452,"template":"","meta":[],"product_cat":[39],"product_tag":[],"featured_image_urls":{"full":["https:\/\/mariareynadelapaz.com\/wp-content\/uploads\/2024\/03\/WhatsApp-Image-2024-03-11-at-4.13.38-PM.jpeg",814,1186,false],"thumbnail":["https:\/\/mariareynadelapaz.com\/wp-content\/uploads\/2024\/03\/WhatsApp-Image-2024-03-11-at-4.13.38-PM-150x150.jpeg",150,150,true],"medium":["https:\/\/mariareynadelapaz.com\/wp-content\/uploads\/2024\/03\/WhatsApp-Image-2024-03-11-at-4.13.38-PM-206x300.jpeg",206,300,true],"medium_large":["https:\/\/mariareynadelapaz.com\/wp-content\/uploads\/2024\/03\/WhatsApp-Image-2024-03-11-at-4.13.38-PM-768x1119.jpeg",768,1119,true],"large":["https:\/\/mariareynadelapaz.com\/wp-content\/uploads\/2024\/03\/WhatsApp-Image-2024-03-11-at-4.13.38-PM-703x1024.jpeg",703,1024,true],"1536x1536":["https:\/\/mariareynadelapaz.com\/wp-content\/uploads\/2024\/03\/WhatsApp-Image-2024-03-11-at-4.13.38-PM.jpeg",814,1186,false],"2048x2048":["https:\/\/mariareynadelapaz.com\/wp-content\/uploads\/2024\/03\/WhatsApp-Image-2024-03-11-at-4.13.38-PM.jpeg",814,1186,false],"woocommerce_archive_thumbnail":["https:\/\/mariareynadelapaz.com\/wp-content\/uploads\/2024\/03\/WhatsApp-Image-2024-03-11-at-4.13.38-PM-300x437.jpeg",300,437,true],"woocommerce_thumbnail":["https:\/\/mariareynadelapaz.com\/wp-content\/uploads\/2024\/03\/WhatsApp-Image-2024-03-11-at-4.13.38-PM-300x300.jpeg",300,300,true],"woocommerce_single":["https:\/\/mariareynadelapaz.com\/wp-content\/uploads\/2024\/03\/WhatsApp-Image-2024-03-11-at-4.13.38-PM-600x874.jpeg",600,874,true],"woocommerce_gallery_thumbnail":["https:\/\/mariareynadelapaz.com\/wp-content\/uploads\/2024\/03\/WhatsApp-Image-2024-03-11-at-4.13.38-PM-100x100.jpeg",100,100,true]},"post_excerpt_stackable":"<p>Cuadro Sagrado Coraz\u00f3n de Jes\u00fas Mosaico Color Oro 16 x 11 cm<\/p>\n","category_list":"","author_info":{"name":"","url":""},"comments_num":"0 comments","_links":{"self":[{"href":"https:\/\/mariareynadelapaz.com\/index.php\/wp-json\/wp\/v2\/product\/1450"}],"collection":[{"href":"https:\/\/mariareynadelapaz.com\/index.php\/wp-json\/wp\/v2\/product"}],"about":[{"href":"https:\/\/mariareynadelapaz.com\/index.php\/wp-json\/wp\/v2\/types\/product"}],"wp:featuredmedia":[{"embeddable":true,"href":"https:\/\/mariareynadelapaz.com\/index.php\/wp-json\/wp\/v2\/media\/1452"}],"wp:attachment":[{"href":"https:\/\/mariareynadelapaz.com\/index.php\/wp-json\/wp\/v2\/media?parent=1450"}],"wp:term":[{"taxonomy":"product_cat","embeddable":true,"href":"https:\/\/mariareynadelapaz.com\/index.php\/wp-json\/wp\/v2\/product_cat?post=1450"},{"taxonomy":"product_tag","embeddable":true,"href":"https:\/\/mariareynadelapaz.com\/index.php\/wp-json\/wp\/v2\/product_tag?post=1450"}],"curies":[{"name":"wp","href":"https:\/\/api.w.org\/{rel}","templated":true}]}}