{"id":1394,"date":"2024-03-07T12:54:35","date_gmt":"2024-03-07T18:54:35","guid":{"rendered":"https:\/\/mariareynadelapaz.com\/?post_type=product&#038;p=1394"},"modified":"2024-03-08T11:28:48","modified_gmt":"2024-03-08T17:28:48","slug":"consagracion-a-la-virgen-maria-33-dias-de-bendicion-gustavo-jamut-giego-gonzalez","status":"publish","type":"product","link":"https:\/\/mariareynadelapaz.com\/index.php\/product\/consagracion-a-la-virgen-maria-33-dias-de-bendicion-gustavo-jamut-giego-gonzalez\/","title":{"rendered":"Consagraci\u00f3n a la Virgen Mar\u00eda 33 d\u00edas de bendici\u00f3n \/Gustavo Jamut &#8211; Giego Gonz\u00e1lez"},"content":{"rendered":"<p>Consagraci\u00f3n a la Virgen Mar\u00eda 33 d\u00edas de bendici\u00f3n \/Gustavo Jamut &#8211; Giego Gonz\u00e1lez<\/p>\n","protected":false},"excerpt":{"rendered":"<p>Consagraci\u00f3n a la Virgen Mar\u00eda 33 d\u00edas de bendici\u00f3n \/Gustavo Jamut &#8211; Giego Gonz\u00e1lez<\/p>\n","protected":false},"featured_media":1405,"template":"","meta":[],"product_cat":[35],"product_tag":[],"featured_image_urls":{"full":["https:\/\/mariareynadelapaz.com\/wp-content\/uploads\/2024\/03\/WhatsApp-Image-2024-03-07-at-11.18.40-AM-2.jpeg",1201,1600,false],"thumbnail":["https:\/\/mariareynadelapaz.com\/wp-content\/uploads\/2024\/03\/WhatsApp-Image-2024-03-07-at-11.18.40-AM-2-150x150.jpeg",150,150,true],"medium":["https:\/\/mariareynadelapaz.com\/wp-content\/uploads\/2024\/03\/WhatsApp-Image-2024-03-07-at-11.18.40-AM-2-225x300.jpeg",225,300,true],"medium_large":["https:\/\/mariareynadelapaz.com\/wp-content\/uploads\/2024\/03\/WhatsApp-Image-2024-03-07-at-11.18.40-AM-2-768x1023.jpeg",768,1023,true],"large":["https:\/\/mariareynadelapaz.com\/wp-content\/uploads\/2024\/03\/WhatsApp-Image-2024-03-07-at-11.18.40-AM-2-769x1024.jpeg",769,1024,true],"1536x1536":["https:\/\/mariareynadelapaz.com\/wp-content\/uploads\/2024\/03\/WhatsApp-Image-2024-03-07-at-11.18.40-AM-2-1153x1536.jpeg",1153,1536,true],"2048x2048":["https:\/\/mariareynadelapaz.com\/wp-content\/uploads\/2024\/03\/WhatsApp-Image-2024-03-07-at-11.18.40-AM-2.jpeg",1201,1600,false],"woocommerce_archive_thumbnail":["https:\/\/mariareynadelapaz.com\/wp-content\/uploads\/2024\/03\/WhatsApp-Image-2024-03-07-at-11.18.40-AM-2-300x400.jpeg",300,400,true],"woocommerce_thumbnail":["https:\/\/mariareynadelapaz.com\/wp-content\/uploads\/2024\/03\/WhatsApp-Image-2024-03-07-at-11.18.40-AM-2-300x300.jpeg",300,300,true],"woocommerce_single":["https:\/\/mariareynadelapaz.com\/wp-content\/uploads\/2024\/03\/WhatsApp-Image-2024-03-07-at-11.18.40-AM-2-600x799.jpeg",600,799,true],"woocommerce_gallery_thumbnail":["https:\/\/mariareynadelapaz.com\/wp-content\/uploads\/2024\/03\/WhatsApp-Image-2024-03-07-at-11.18.40-AM-2-100x100.jpeg",100,100,true]},"post_excerpt_stackable":"<p>Consagraci\u00f3n a la Virgen Mar\u00eda 33 d\u00edas de bendici\u00f3n \/Gustavo Jamut &#8211; Giego Gonz\u00e1lez<\/p>\n","category_list":"","author_info":{"name":"","url":""},"comments_num":"0 comments","_links":{"self":[{"href":"https:\/\/mariareynadelapaz.com\/index.php\/wp-json\/wp\/v2\/product\/1394"}],"collection":[{"href":"https:\/\/mariareynadelapaz.com\/index.php\/wp-json\/wp\/v2\/product"}],"about":[{"href":"https:\/\/mariareynadelapaz.com\/index.php\/wp-json\/wp\/v2\/types\/product"}],"wp:featuredmedia":[{"embeddable":true,"href":"https:\/\/mariareynadelapaz.com\/index.php\/wp-json\/wp\/v2\/media\/1405"}],"wp:attachment":[{"href":"https:\/\/mariareynadelapaz.com\/index.php\/wp-json\/wp\/v2\/media?parent=1394"}],"wp:term":[{"taxonomy":"product_cat","embeddable":true,"href":"https:\/\/mariareynadelapaz.com\/index.php\/wp-json\/wp\/v2\/product_cat?post=1394"},{"taxonomy":"product_tag","embeddable":true,"href":"https:\/\/mariareynadelapaz.com\/index.php\/wp-json\/wp\/v2\/product_tag?post=1394"}],"curies":[{"name":"wp","href":"https:\/\/api.w.org\/{rel}","templated":true}]}}