{"id":1380,"date":"2024-03-04T17:17:41","date_gmt":"2024-03-04T23:17:41","guid":{"rendered":"https:\/\/mariareynadelapaz.com\/?post_type=product&#038;p=1380"},"modified":"2024-03-08T11:51:56","modified_gmt":"2024-03-08T17:51:56","slug":"las-siete-palabras-de-jesus-en-la-cruz-apostolado-biblico-catolico","status":"publish","type":"product","link":"https:\/\/mariareynadelapaz.com\/index.php\/product\/las-siete-palabras-de-jesus-en-la-cruz-apostolado-biblico-catolico\/","title":{"rendered":"Las Siete Palabras De Jes\u00fas En La Cruz  \/ Apostolado B\u00edblico Cat\u00f3lico"},"content":{"rendered":"<p>Las Siete Palabras De Jes\u00fas En La Cruz \/ Apostolado B\u00edblico Cat\u00f3lico<\/p>\n","protected":false},"excerpt":{"rendered":"<p>Las Siete Palabras De Jes\u00fas En La Cruz \/ Apostolado B\u00edblico Cat\u00f3lico<\/p>\n","protected":false},"featured_media":1373,"template":"","meta":[],"product_cat":[35],"product_tag":[],"featured_image_urls":{"full":["https:\/\/mariareynadelapaz.com\/wp-content\/uploads\/2024\/03\/WhatsApp-Image-2024-03-01-at-3.08.10-PM.jpeg",924,1280,false],"thumbnail":["https:\/\/mariareynadelapaz.com\/wp-content\/uploads\/2024\/03\/WhatsApp-Image-2024-03-01-at-3.08.10-PM-150x150.jpeg",150,150,true],"medium":["https:\/\/mariareynadelapaz.com\/wp-content\/uploads\/2024\/03\/WhatsApp-Image-2024-03-01-at-3.08.10-PM-217x300.jpeg",217,300,true],"medium_large":["https:\/\/mariareynadelapaz.com\/wp-content\/uploads\/2024\/03\/WhatsApp-Image-2024-03-01-at-3.08.10-PM-768x1064.jpeg",768,1064,true],"large":["https:\/\/mariareynadelapaz.com\/wp-content\/uploads\/2024\/03\/WhatsApp-Image-2024-03-01-at-3.08.10-PM-739x1024.jpeg",739,1024,true],"1536x1536":["https:\/\/mariareynadelapaz.com\/wp-content\/uploads\/2024\/03\/WhatsApp-Image-2024-03-01-at-3.08.10-PM.jpeg",924,1280,false],"2048x2048":["https:\/\/mariareynadelapaz.com\/wp-content\/uploads\/2024\/03\/WhatsApp-Image-2024-03-01-at-3.08.10-PM.jpeg",924,1280,false],"woocommerce_archive_thumbnail":["https:\/\/mariareynadelapaz.com\/wp-content\/uploads\/2024\/03\/WhatsApp-Image-2024-03-01-at-3.08.10-PM-300x416.jpeg",300,416,true],"woocommerce_thumbnail":["https:\/\/mariareynadelapaz.com\/wp-content\/uploads\/2024\/03\/WhatsApp-Image-2024-03-01-at-3.08.10-PM-300x300.jpeg",300,300,true],"woocommerce_single":["https:\/\/mariareynadelapaz.com\/wp-content\/uploads\/2024\/03\/WhatsApp-Image-2024-03-01-at-3.08.10-PM-600x831.jpeg",600,831,true],"woocommerce_gallery_thumbnail":["https:\/\/mariareynadelapaz.com\/wp-content\/uploads\/2024\/03\/WhatsApp-Image-2024-03-01-at-3.08.10-PM-100x100.jpeg",100,100,true]},"post_excerpt_stackable":"<p>Las Siete Palabras De Jes\u00fas En La Cruz \/ Apostolado B\u00edblico Cat\u00f3lico<\/p>\n","category_list":"","author_info":{"name":"","url":""},"comments_num":"0 comments","_links":{"self":[{"href":"https:\/\/mariareynadelapaz.com\/index.php\/wp-json\/wp\/v2\/product\/1380"}],"collection":[{"href":"https:\/\/mariareynadelapaz.com\/index.php\/wp-json\/wp\/v2\/product"}],"about":[{"href":"https:\/\/mariareynadelapaz.com\/index.php\/wp-json\/wp\/v2\/types\/product"}],"wp:featuredmedia":[{"embeddable":true,"href":"https:\/\/mariareynadelapaz.com\/index.php\/wp-json\/wp\/v2\/media\/1373"}],"wp:attachment":[{"href":"https:\/\/mariareynadelapaz.com\/index.php\/wp-json\/wp\/v2\/media?parent=1380"}],"wp:term":[{"taxonomy":"product_cat","embeddable":true,"href":"https:\/\/mariareynadelapaz.com\/index.php\/wp-json\/wp\/v2\/product_cat?post=1380"},{"taxonomy":"product_tag","embeddable":true,"href":"https:\/\/mariareynadelapaz.com\/index.php\/wp-json\/wp\/v2\/product_tag?post=1380"}],"curies":[{"name":"wp","href":"https:\/\/api.w.org\/{rel}","templated":true}]}}