{"id":1335,"date":"2024-03-01T16:18:11","date_gmt":"2024-03-01T22:18:11","guid":{"rendered":"https:\/\/mariareynadelapaz.com\/?post_type=product&#038;p=1335"},"modified":"2024-03-12T15:33:21","modified_gmt":"2024-03-12T21:33:21","slug":"angel-de-la-guarda-con-ninos-en-resina","status":"publish","type":"product","link":"https:\/\/mariareynadelapaz.com\/index.php\/product\/angel-de-la-guarda-con-ninos-en-resina\/","title":{"rendered":"-\u00c1ngel De La Guarda Con Ni\u00f1os en Resina 30 x 14 x 12 cm peso 700 gr"},"content":{"rendered":"<p>\u00c1ngel De La Guarda Con Ni\u00f1os en Resina  30 x 14 x 12 cm peso 700 gr<\/p>\n","protected":false},"excerpt":{"rendered":"<p>\u00c1ngel De La Guarda Con Ni\u00f1os en Resina  30 x 14 x 12 cm peso 700 gr<\/p>\n","protected":false},"featured_media":1336,"template":"","meta":[],"product_cat":[38],"product_tag":[],"featured_image_urls":{"full":["https:\/\/mariareynadelapaz.com\/wp-content\/uploads\/2024\/03\/WhatsApp-Image-2024-03-01-at-4.17.40-PM-e1710276617560.jpeg",719,1473,false],"thumbnail":["https:\/\/mariareynadelapaz.com\/wp-content\/uploads\/2024\/03\/WhatsApp-Image-2024-03-01-at-4.17.40-PM-e1710276617560-150x150.jpeg",150,150,true],"medium":["https:\/\/mariareynadelapaz.com\/wp-content\/uploads\/2024\/03\/WhatsApp-Image-2024-03-01-at-4.17.40-PM-e1710276617560-146x300.jpeg",146,300,true],"medium_large":["https:\/\/mariareynadelapaz.com\/wp-content\/uploads\/2024\/03\/WhatsApp-Image-2024-03-01-at-4.17.40-PM-e1710276617560.jpeg",719,1473,false],"large":["https:\/\/mariareynadelapaz.com\/wp-content\/uploads\/2024\/03\/WhatsApp-Image-2024-03-01-at-4.17.40-PM-e1710276617560-500x1024.jpeg",500,1024,true],"1536x1536":["https:\/\/mariareynadelapaz.com\/wp-content\/uploads\/2024\/03\/WhatsApp-Image-2024-03-01-at-4.17.40-PM-e1710276617560.jpeg",719,1473,false],"2048x2048":["https:\/\/mariareynadelapaz.com\/wp-content\/uploads\/2024\/03\/WhatsApp-Image-2024-03-01-at-4.17.40-PM-e1710276617560.jpeg",719,1473,false],"woocommerce_archive_thumbnail":["https:\/\/mariareynadelapaz.com\/wp-content\/uploads\/2024\/03\/WhatsApp-Image-2024-03-01-at-4.17.40-PM-e1710276617560-300x615.jpeg",300,615,true],"woocommerce_thumbnail":["https:\/\/mariareynadelapaz.com\/wp-content\/uploads\/2024\/03\/WhatsApp-Image-2024-03-01-at-4.17.40-PM-e1710276617560-300x300.jpeg",300,300,true],"woocommerce_single":["https:\/\/mariareynadelapaz.com\/wp-content\/uploads\/2024\/03\/WhatsApp-Image-2024-03-01-at-4.17.40-PM-e1710276617560-600x1229.jpeg",600,1229,true],"woocommerce_gallery_thumbnail":["https:\/\/mariareynadelapaz.com\/wp-content\/uploads\/2024\/03\/WhatsApp-Image-2024-03-01-at-4.17.40-PM-e1710276617560-100x100.jpeg",100,100,true]},"post_excerpt_stackable":"<p>\u00c1ngel De La Guarda Con Ni\u00f1os en Resina  30 x 14 x 12 cm peso 700 gr<\/p>\n","category_list":"","author_info":{"name":"","url":""},"comments_num":"0 comments","_links":{"self":[{"href":"https:\/\/mariareynadelapaz.com\/index.php\/wp-json\/wp\/v2\/product\/1335"}],"collection":[{"href":"https:\/\/mariareynadelapaz.com\/index.php\/wp-json\/wp\/v2\/product"}],"about":[{"href":"https:\/\/mariareynadelapaz.com\/index.php\/wp-json\/wp\/v2\/types\/product"}],"wp:featuredmedia":[{"embeddable":true,"href":"https:\/\/mariareynadelapaz.com\/index.php\/wp-json\/wp\/v2\/media\/1336"}],"wp:attachment":[{"href":"https:\/\/mariareynadelapaz.com\/index.php\/wp-json\/wp\/v2\/media?parent=1335"}],"wp:term":[{"taxonomy":"product_cat","embeddable":true,"href":"https:\/\/mariareynadelapaz.com\/index.php\/wp-json\/wp\/v2\/product_cat?post=1335"},{"taxonomy":"product_tag","embeddable":true,"href":"https:\/\/mariareynadelapaz.com\/index.php\/wp-json\/wp\/v2\/product_tag?post=1335"}],"curies":[{"name":"wp","href":"https:\/\/api.w.org\/{rel}","templated":true}]}}