{"id":1268,"date":"2024-02-26T14:17:45","date_gmt":"2024-02-26T20:17:45","guid":{"rendered":"https:\/\/mariareynadelapaz.com\/?post_type=product&#038;p=1268"},"modified":"2024-03-17T01:05:46","modified_gmt":"2024-03-17T07:05:46","slug":"cuadro-primera-comunion-con-foil-dorado-nino","status":"publish","type":"product","link":"https:\/\/mariareynadelapaz.com\/index.php\/product\/cuadro-primera-comunion-con-foil-dorado-nino\/","title":{"rendered":"Cuadro Primera Comuni\u00f3n con foil Dorado Ni\u00f1o 10 x 15 x 1 cm"},"content":{"rendered":"<p>Cuadro Primera Comuni\u00f3n con foil Dorado Ni\u00f1o<\/p>\n","protected":false},"excerpt":{"rendered":"<p>Cuadro Primera Comuni\u00f3n con foil Dorado Ni\u00f1o<\/p>\n","protected":false},"featured_media":1269,"template":"","meta":[],"product_cat":[69,39],"product_tag":[],"featured_image_urls":{"full":["https:\/\/mariareynadelapaz.com\/wp-content\/uploads\/2024\/02\/WhatsApp-Image-2024-02-26-at-2.15.11-PM-e1709856091807.jpeg",844,1292,false],"thumbnail":["https:\/\/mariareynadelapaz.com\/wp-content\/uploads\/2024\/02\/WhatsApp-Image-2024-02-26-at-2.15.11-PM-e1709856091807-150x150.jpeg",150,150,true],"medium":["https:\/\/mariareynadelapaz.com\/wp-content\/uploads\/2024\/02\/WhatsApp-Image-2024-02-26-at-2.15.11-PM-e1709856091807-196x300.jpeg",196,300,true],"medium_large":["https:\/\/mariareynadelapaz.com\/wp-content\/uploads\/2024\/02\/WhatsApp-Image-2024-02-26-at-2.15.11-PM-e1709856091807-768x1176.jpeg",768,1176,true],"large":["https:\/\/mariareynadelapaz.com\/wp-content\/uploads\/2024\/02\/WhatsApp-Image-2024-02-26-at-2.15.11-PM-e1709856091807-669x1024.jpeg",669,1024,true],"1536x1536":["https:\/\/mariareynadelapaz.com\/wp-content\/uploads\/2024\/02\/WhatsApp-Image-2024-02-26-at-2.15.11-PM-864x1536.jpeg",864,1536,true],"2048x2048":["https:\/\/mariareynadelapaz.com\/wp-content\/uploads\/2024\/02\/WhatsApp-Image-2024-02-26-at-2.15.11-PM-e1709856091807.jpeg",844,1292,false],"woocommerce_archive_thumbnail":["https:\/\/mariareynadelapaz.com\/wp-content\/uploads\/2024\/02\/WhatsApp-Image-2024-02-26-at-2.15.11-PM-e1709856091807-300x459.jpeg",300,459,true],"woocommerce_thumbnail":["https:\/\/mariareynadelapaz.com\/wp-content\/uploads\/2024\/02\/WhatsApp-Image-2024-02-26-at-2.15.11-PM-e1709856091807-300x300.jpeg",300,300,true],"woocommerce_single":["https:\/\/mariareynadelapaz.com\/wp-content\/uploads\/2024\/02\/WhatsApp-Image-2024-02-26-at-2.15.11-PM-e1709856091807-600x918.jpeg",600,918,true],"woocommerce_gallery_thumbnail":["https:\/\/mariareynadelapaz.com\/wp-content\/uploads\/2024\/02\/WhatsApp-Image-2024-02-26-at-2.15.11-PM-e1709856091807-100x100.jpeg",100,100,true]},"post_excerpt_stackable":"<p>Cuadro Primera Comuni\u00f3n con foil Dorado Ni\u00f1o<\/p>\n","category_list":"","author_info":{"name":"","url":""},"comments_num":"0 comments","_links":{"self":[{"href":"https:\/\/mariareynadelapaz.com\/index.php\/wp-json\/wp\/v2\/product\/1268"}],"collection":[{"href":"https:\/\/mariareynadelapaz.com\/index.php\/wp-json\/wp\/v2\/product"}],"about":[{"href":"https:\/\/mariareynadelapaz.com\/index.php\/wp-json\/wp\/v2\/types\/product"}],"wp:featuredmedia":[{"embeddable":true,"href":"https:\/\/mariareynadelapaz.com\/index.php\/wp-json\/wp\/v2\/media\/1269"}],"wp:attachment":[{"href":"https:\/\/mariareynadelapaz.com\/index.php\/wp-json\/wp\/v2\/media?parent=1268"}],"wp:term":[{"taxonomy":"product_cat","embeddable":true,"href":"https:\/\/mariareynadelapaz.com\/index.php\/wp-json\/wp\/v2\/product_cat?post=1268"},{"taxonomy":"product_tag","embeddable":true,"href":"https:\/\/mariareynadelapaz.com\/index.php\/wp-json\/wp\/v2\/product_tag?post=1268"}],"curies":[{"name":"wp","href":"https:\/\/api.w.org\/{rel}","templated":true}]}}