{"id":1252,"date":"2024-02-26T13:47:42","date_gmt":"2024-02-26T19:47:42","guid":{"rendered":"https:\/\/mariareynadelapaz.com\/?post_type=product&#038;p=1252"},"modified":"2024-03-08T12:03:05","modified_gmt":"2024-03-08T18:03:05","slug":"tratado-de-la-verdadera-devocion-a-la-santisima-virgen-san-luis-maria-de-grignon-de-monfort","status":"publish","type":"product","link":"https:\/\/mariareynadelapaz.com\/index.php\/product\/tratado-de-la-verdadera-devocion-a-la-santisima-virgen-san-luis-maria-de-grignon-de-monfort\/","title":{"rendered":"Tratado de la Verdadera Devoci\u00f3n a la Sant\u00edsima Virgen \/ San Luis Mar\u00eda de Grignon de Monfort"},"content":{"rendered":"<p>Tratado de la Verdadera Devoci\u00f3n a la Sant\u00edsima Virgen \/ San Luis Mar\u00eda de Grignon de Monfort<\/p>\n","protected":false},"excerpt":{"rendered":"<p>Tratado de la Verdadera Devoci\u00f3n a la Sant\u00edsima Virgen \/ San Luis Mar\u00eda de Grignon de Monfort<\/p>\n","protected":false},"featured_media":1254,"template":"","meta":[],"product_cat":[35],"product_tag":[],"featured_image_urls":{"full":["https:\/\/mariareynadelapaz.com\/wp-content\/uploads\/2024\/02\/WhatsApp-Image-2024-02-26-at-1.43.04-PM.jpeg",1156,1600,false],"thumbnail":["https:\/\/mariareynadelapaz.com\/wp-content\/uploads\/2024\/02\/WhatsApp-Image-2024-02-26-at-1.43.04-PM-150x150.jpeg",150,150,true],"medium":["https:\/\/mariareynadelapaz.com\/wp-content\/uploads\/2024\/02\/WhatsApp-Image-2024-02-26-at-1.43.04-PM-217x300.jpeg",217,300,true],"medium_large":["https:\/\/mariareynadelapaz.com\/wp-content\/uploads\/2024\/02\/WhatsApp-Image-2024-02-26-at-1.43.04-PM-768x1063.jpeg",768,1063,true],"large":["https:\/\/mariareynadelapaz.com\/wp-content\/uploads\/2024\/02\/WhatsApp-Image-2024-02-26-at-1.43.04-PM-740x1024.jpeg",740,1024,true],"1536x1536":["https:\/\/mariareynadelapaz.com\/wp-content\/uploads\/2024\/02\/WhatsApp-Image-2024-02-26-at-1.43.04-PM-1110x1536.jpeg",1110,1536,true],"2048x2048":["https:\/\/mariareynadelapaz.com\/wp-content\/uploads\/2024\/02\/WhatsApp-Image-2024-02-26-at-1.43.04-PM.jpeg",1156,1600,false],"woocommerce_archive_thumbnail":["https:\/\/mariareynadelapaz.com\/wp-content\/uploads\/2024\/02\/WhatsApp-Image-2024-02-26-at-1.43.04-PM-300x415.jpeg",300,415,true],"woocommerce_thumbnail":["https:\/\/mariareynadelapaz.com\/wp-content\/uploads\/2024\/02\/WhatsApp-Image-2024-02-26-at-1.43.04-PM-300x300.jpeg",300,300,true],"woocommerce_single":["https:\/\/mariareynadelapaz.com\/wp-content\/uploads\/2024\/02\/WhatsApp-Image-2024-02-26-at-1.43.04-PM-600x830.jpeg",600,830,true],"woocommerce_gallery_thumbnail":["https:\/\/mariareynadelapaz.com\/wp-content\/uploads\/2024\/02\/WhatsApp-Image-2024-02-26-at-1.43.04-PM-100x100.jpeg",100,100,true]},"post_excerpt_stackable":"<p>Tratado de la Verdadera Devoci\u00f3n a la Sant\u00edsima Virgen \/ San Luis Mar\u00eda de Grignon de Monfort<\/p>\n","category_list":"","author_info":{"name":"","url":""},"comments_num":"0 comments","_links":{"self":[{"href":"https:\/\/mariareynadelapaz.com\/index.php\/wp-json\/wp\/v2\/product\/1252"}],"collection":[{"href":"https:\/\/mariareynadelapaz.com\/index.php\/wp-json\/wp\/v2\/product"}],"about":[{"href":"https:\/\/mariareynadelapaz.com\/index.php\/wp-json\/wp\/v2\/types\/product"}],"wp:featuredmedia":[{"embeddable":true,"href":"https:\/\/mariareynadelapaz.com\/index.php\/wp-json\/wp\/v2\/media\/1254"}],"wp:attachment":[{"href":"https:\/\/mariareynadelapaz.com\/index.php\/wp-json\/wp\/v2\/media?parent=1252"}],"wp:term":[{"taxonomy":"product_cat","embeddable":true,"href":"https:\/\/mariareynadelapaz.com\/index.php\/wp-json\/wp\/v2\/product_cat?post=1252"},{"taxonomy":"product_tag","embeddable":true,"href":"https:\/\/mariareynadelapaz.com\/index.php\/wp-json\/wp\/v2\/product_tag?post=1252"}],"curies":[{"name":"wp","href":"https:\/\/api.w.org\/{rel}","templated":true}]}}