{"id":1238,"date":"2024-02-24T11:56:07","date_gmt":"2024-02-24T17:56:07","guid":{"rendered":"https:\/\/mariareynadelapaz.com\/?post_type=product&#038;p=1238"},"modified":"2024-02-24T11:57:17","modified_gmt":"2024-02-24T17:57:17","slug":"y-despues-de-separados-que-propuestas-espirituales-para-los-que-estan-separados","status":"publish","type":"product","link":"https:\/\/mariareynadelapaz.com\/index.php\/product\/y-despues-de-separados-que-propuestas-espirituales-para-los-que-estan-separados\/","title":{"rendered":"Y despu\u00e9s de separados, \u00bfQu\u00e9? Propuestas espirituales para los que est\u00e1n separados"},"content":{"rendered":"<p>Y despu\u00e9s de separados, \u00bfQu\u00e9? Propuestas espirituales para los que est\u00e1n separados<\/p>\n","protected":false},"excerpt":{"rendered":"<p>Y despu\u00e9s de separados, \u00bfQu\u00e9? Propuestas espirituales para los que est\u00e1n separados<\/p>\n","protected":false},"featured_media":1239,"template":"","meta":[],"product_cat":[44,35],"product_tag":[],"featured_image_urls":{"full":["https:\/\/mariareynadelapaz.com\/wp-content\/uploads\/2024\/02\/3913-Y-DESPUES-DE-SE.jpg",311,499,false],"thumbnail":["https:\/\/mariareynadelapaz.com\/wp-content\/uploads\/2024\/02\/3913-Y-DESPUES-DE-SE-150x150.jpg",150,150,true],"medium":["https:\/\/mariareynadelapaz.com\/wp-content\/uploads\/2024\/02\/3913-Y-DESPUES-DE-SE-187x300.jpg",187,300,true],"medium_large":["https:\/\/mariareynadelapaz.com\/wp-content\/uploads\/2024\/02\/3913-Y-DESPUES-DE-SE.jpg",311,499,false],"large":["https:\/\/mariareynadelapaz.com\/wp-content\/uploads\/2024\/02\/3913-Y-DESPUES-DE-SE.jpg",311,499,false],"1536x1536":["https:\/\/mariareynadelapaz.com\/wp-content\/uploads\/2024\/02\/3913-Y-DESPUES-DE-SE.jpg",311,499,false],"2048x2048":["https:\/\/mariareynadelapaz.com\/wp-content\/uploads\/2024\/02\/3913-Y-DESPUES-DE-SE.jpg",311,499,false],"woocommerce_archive_thumbnail":["https:\/\/mariareynadelapaz.com\/wp-content\/uploads\/2024\/02\/3913-Y-DESPUES-DE-SE-300x481.jpg",300,481,true],"woocommerce_thumbnail":["https:\/\/mariareynadelapaz.com\/wp-content\/uploads\/2024\/02\/3913-Y-DESPUES-DE-SE-300x300.jpg",300,300,true],"woocommerce_single":["https:\/\/mariareynadelapaz.com\/wp-content\/uploads\/2024\/02\/3913-Y-DESPUES-DE-SE.jpg",311,499,false],"woocommerce_gallery_thumbnail":["https:\/\/mariareynadelapaz.com\/wp-content\/uploads\/2024\/02\/3913-Y-DESPUES-DE-SE-100x100.jpg",100,100,true]},"post_excerpt_stackable":"<p>Y despu\u00e9s de separados, \u00bfQu\u00e9? Propuestas espirituales para los que est\u00e1n separados<\/p>\n","category_list":"","author_info":{"name":"","url":""},"comments_num":"0 comments","_links":{"self":[{"href":"https:\/\/mariareynadelapaz.com\/index.php\/wp-json\/wp\/v2\/product\/1238"}],"collection":[{"href":"https:\/\/mariareynadelapaz.com\/index.php\/wp-json\/wp\/v2\/product"}],"about":[{"href":"https:\/\/mariareynadelapaz.com\/index.php\/wp-json\/wp\/v2\/types\/product"}],"wp:featuredmedia":[{"embeddable":true,"href":"https:\/\/mariareynadelapaz.com\/index.php\/wp-json\/wp\/v2\/media\/1239"}],"wp:attachment":[{"href":"https:\/\/mariareynadelapaz.com\/index.php\/wp-json\/wp\/v2\/media?parent=1238"}],"wp:term":[{"taxonomy":"product_cat","embeddable":true,"href":"https:\/\/mariareynadelapaz.com\/index.php\/wp-json\/wp\/v2\/product_cat?post=1238"},{"taxonomy":"product_tag","embeddable":true,"href":"https:\/\/mariareynadelapaz.com\/index.php\/wp-json\/wp\/v2\/product_tag?post=1238"}],"curies":[{"name":"wp","href":"https:\/\/api.w.org\/{rel}","templated":true}]}}