{"id":1230,"date":"2024-02-23T17:28:36","date_gmt":"2024-02-23T23:28:36","guid":{"rendered":"https:\/\/mariareynadelapaz.com\/?post_type=product&#038;p=1230"},"modified":"2024-06-28T17:39:34","modified_gmt":"2024-06-28T23:39:34","slug":"sumate-a-maria","status":"publish","type":"product","link":"https:\/\/mariareynadelapaz.com\/index.php\/product\/sumate-a-maria\/","title":{"rendered":"S\u00famate a Mar\u00eda"},"content":{"rendered":"<p>S\u00famate a Mar\u00eda<\/p>\n","protected":false},"excerpt":{"rendered":"<p>S\u00famate a Mar\u00eda<\/p>\n","protected":false},"featured_media":1231,"template":"","meta":[],"product_cat":[71,35],"product_tag":[],"featured_image_urls":{"full":["https:\/\/mariareynadelapaz.com\/wp-content\/uploads\/2024\/02\/WhatsApp-Image-2024-02-23-at-5.27.58-PM.jpeg",1248,1280,false],"thumbnail":["https:\/\/mariareynadelapaz.com\/wp-content\/uploads\/2024\/02\/WhatsApp-Image-2024-02-23-at-5.27.58-PM-150x150.jpeg",150,150,true],"medium":["https:\/\/mariareynadelapaz.com\/wp-content\/uploads\/2024\/02\/WhatsApp-Image-2024-02-23-at-5.27.58-PM-293x300.jpeg",293,300,true],"medium_large":["https:\/\/mariareynadelapaz.com\/wp-content\/uploads\/2024\/02\/WhatsApp-Image-2024-02-23-at-5.27.58-PM-768x788.jpeg",768,788,true],"large":["https:\/\/mariareynadelapaz.com\/wp-content\/uploads\/2024\/02\/WhatsApp-Image-2024-02-23-at-5.27.58-PM-998x1024.jpeg",998,1024,true],"1536x1536":["https:\/\/mariareynadelapaz.com\/wp-content\/uploads\/2024\/02\/WhatsApp-Image-2024-02-23-at-5.27.58-PM.jpeg",1248,1280,false],"2048x2048":["https:\/\/mariareynadelapaz.com\/wp-content\/uploads\/2024\/02\/WhatsApp-Image-2024-02-23-at-5.27.58-PM.jpeg",1248,1280,false],"woocommerce_archive_thumbnail":["https:\/\/mariareynadelapaz.com\/wp-content\/uploads\/2024\/02\/WhatsApp-Image-2024-02-23-at-5.27.58-PM-300x308.jpeg",300,308,true],"woocommerce_thumbnail":["https:\/\/mariareynadelapaz.com\/wp-content\/uploads\/2024\/02\/WhatsApp-Image-2024-02-23-at-5.27.58-PM-300x300.jpeg",300,300,true],"woocommerce_single":["https:\/\/mariareynadelapaz.com\/wp-content\/uploads\/2024\/02\/WhatsApp-Image-2024-02-23-at-5.27.58-PM-600x615.jpeg",600,615,true],"woocommerce_gallery_thumbnail":["https:\/\/mariareynadelapaz.com\/wp-content\/uploads\/2024\/02\/WhatsApp-Image-2024-02-23-at-5.27.58-PM-100x100.jpeg",100,100,true]},"post_excerpt_stackable":"<p>S\u00famate a Mar\u00eda<\/p>\n","category_list":"","author_info":{"name":"","url":""},"comments_num":"0 comments","_links":{"self":[{"href":"https:\/\/mariareynadelapaz.com\/index.php\/wp-json\/wp\/v2\/product\/1230"}],"collection":[{"href":"https:\/\/mariareynadelapaz.com\/index.php\/wp-json\/wp\/v2\/product"}],"about":[{"href":"https:\/\/mariareynadelapaz.com\/index.php\/wp-json\/wp\/v2\/types\/product"}],"wp:featuredmedia":[{"embeddable":true,"href":"https:\/\/mariareynadelapaz.com\/index.php\/wp-json\/wp\/v2\/media\/1231"}],"wp:attachment":[{"href":"https:\/\/mariareynadelapaz.com\/index.php\/wp-json\/wp\/v2\/media?parent=1230"}],"wp:term":[{"taxonomy":"product_cat","embeddable":true,"href":"https:\/\/mariareynadelapaz.com\/index.php\/wp-json\/wp\/v2\/product_cat?post=1230"},{"taxonomy":"product_tag","embeddable":true,"href":"https:\/\/mariareynadelapaz.com\/index.php\/wp-json\/wp\/v2\/product_tag?post=1230"}],"curies":[{"name":"wp","href":"https:\/\/api.w.org\/{rel}","templated":true}]}}