{"id":1182,"date":"2024-02-20T21:58:53","date_gmt":"2024-02-21T03:58:53","guid":{"rendered":"https:\/\/mariareynadelapaz.com\/?post_type=product&#038;p=1182"},"modified":"2024-03-08T12:09:39","modified_gmt":"2024-03-08T18:09:39","slug":"reproduccion-impresa-de-la-creacion-de-adan-de-la-capilla-sixtina-pintor-miguel-angel-alta-calidad","status":"publish","type":"product","link":"https:\/\/mariareynadelapaz.com\/index.php\/product\/reproduccion-impresa-de-la-creacion-de-adan-de-la-capilla-sixtina-pintor-miguel-angel-alta-calidad\/","title":{"rendered":"Reproducci\u00f3n impresa de La Creaci\u00f3n de Ad\u00e1n, de la Capilla Sixtina (pintor Miguel Angel ) (120&#215;55 cm alta calidad)"},"content":{"rendered":"<p>Reproducci\u00f3n impresa de La Creaci\u00f3n de Ad\u00e1n, de la Capilla Sixtina (pintor Miguel Angel ) (120&#215;55 cm alta calidad)<\/p>\n","protected":false},"excerpt":{"rendered":"<p>Reproducci\u00f3n impresa de La Creaci\u00f3n de Ad\u00e1n, de la Capilla Sixtina (pintor Miguel Angel ) ( (120&#215;55 cm alta calidad)<\/p>\n","protected":false},"featured_media":1183,"template":"","meta":[],"product_cat":[39],"product_tag":[],"featured_image_urls":{"full":["https:\/\/mariareynadelapaz.com\/wp-content\/uploads\/2024\/02\/LA-creacion-de-Adan.jpg",900,408,false],"thumbnail":["https:\/\/mariareynadelapaz.com\/wp-content\/uploads\/2024\/02\/LA-creacion-de-Adan-150x150.jpg",150,150,true],"medium":["https:\/\/mariareynadelapaz.com\/wp-content\/uploads\/2024\/02\/LA-creacion-de-Adan-300x136.jpg",300,136,true],"medium_large":["https:\/\/mariareynadelapaz.com\/wp-content\/uploads\/2024\/02\/LA-creacion-de-Adan-768x348.jpg",768,348,true],"large":["https:\/\/mariareynadelapaz.com\/wp-content\/uploads\/2024\/02\/LA-creacion-de-Adan.jpg",900,408,false],"1536x1536":["https:\/\/mariareynadelapaz.com\/wp-content\/uploads\/2024\/02\/LA-creacion-de-Adan.jpg",900,408,false],"2048x2048":["https:\/\/mariareynadelapaz.com\/wp-content\/uploads\/2024\/02\/LA-creacion-de-Adan.jpg",900,408,false],"woocommerce_archive_thumbnail":["https:\/\/mariareynadelapaz.com\/wp-content\/uploads\/2024\/02\/LA-creacion-de-Adan-300x136.jpg",300,136,true],"woocommerce_thumbnail":["https:\/\/mariareynadelapaz.com\/wp-content\/uploads\/2024\/02\/LA-creacion-de-Adan-300x300.jpg",300,300,true],"woocommerce_single":["https:\/\/mariareynadelapaz.com\/wp-content\/uploads\/2024\/02\/LA-creacion-de-Adan-600x272.jpg",600,272,true],"woocommerce_gallery_thumbnail":["https:\/\/mariareynadelapaz.com\/wp-content\/uploads\/2024\/02\/LA-creacion-de-Adan-100x100.jpg",100,100,true]},"post_excerpt_stackable":"<p>Reproducci\u00f3n impresa de La Creaci\u00f3n de Ad\u00e1n, de la Capilla Sixtina (pintor Miguel Angel ) ( (120&#215;55 cm alta calidad)<\/p>\n","category_list":"","author_info":{"name":"","url":""},"comments_num":"0 comments","_links":{"self":[{"href":"https:\/\/mariareynadelapaz.com\/index.php\/wp-json\/wp\/v2\/product\/1182"}],"collection":[{"href":"https:\/\/mariareynadelapaz.com\/index.php\/wp-json\/wp\/v2\/product"}],"about":[{"href":"https:\/\/mariareynadelapaz.com\/index.php\/wp-json\/wp\/v2\/types\/product"}],"wp:featuredmedia":[{"embeddable":true,"href":"https:\/\/mariareynadelapaz.com\/index.php\/wp-json\/wp\/v2\/media\/1183"}],"wp:attachment":[{"href":"https:\/\/mariareynadelapaz.com\/index.php\/wp-json\/wp\/v2\/media?parent=1182"}],"wp:term":[{"taxonomy":"product_cat","embeddable":true,"href":"https:\/\/mariareynadelapaz.com\/index.php\/wp-json\/wp\/v2\/product_cat?post=1182"},{"taxonomy":"product_tag","embeddable":true,"href":"https:\/\/mariareynadelapaz.com\/index.php\/wp-json\/wp\/v2\/product_tag?post=1182"}],"curies":[{"name":"wp","href":"https:\/\/api.w.org\/{rel}","templated":true}]}}