{"id":1143,"date":"2024-02-01T23:04:53","date_gmt":"2024-02-02T05:04:53","guid":{"rendered":"https:\/\/mariareynadelapaz.com\/?post_type=product&#038;p=1143"},"modified":"2024-03-08T12:11:33","modified_gmt":"2024-03-08T18:11:33","slug":"maria-magdalena-convertida-discipulo-apostol-cristoforo-gutierrez","status":"publish","type":"product","link":"https:\/\/mariareynadelapaz.com\/index.php\/product\/maria-magdalena-convertida-discipulo-apostol-cristoforo-gutierrez\/","title":{"rendered":"Mar\u00eda Magdalena Convertida Disc\u00edpulo Ap\u00f3stol \/ Crist\u00f3foro Guti\u00e9rrez"},"content":{"rendered":"<p>Mar\u00eda Magdalena Convertida Disc\u00edpulo Ap\u00f3stol \/ Crist\u00f3foro Guti\u00e9rrez<\/p>\n","protected":false},"excerpt":{"rendered":"<p>Mar\u00eda Magdalena Convertida Disc\u00edpulo Ap\u00f3stol \/ Crist\u00f3foro Guti\u00e9rrez<\/p>\n","protected":false},"featured_media":1144,"template":"","meta":[],"product_cat":[35],"product_tag":[],"featured_image_urls":{"full":["https:\/\/mariareynadelapaz.com\/wp-content\/uploads\/2024\/02\/MARIA-MAGDALENA-CONVERTIDA-DISCIPULA-APOSTOL-2.jpeg",1138,1600,false],"thumbnail":["https:\/\/mariareynadelapaz.com\/wp-content\/uploads\/2024\/02\/MARIA-MAGDALENA-CONVERTIDA-DISCIPULA-APOSTOL-2-150x150.jpeg",150,150,true],"medium":["https:\/\/mariareynadelapaz.com\/wp-content\/uploads\/2024\/02\/MARIA-MAGDALENA-CONVERTIDA-DISCIPULA-APOSTOL-2-213x300.jpeg",213,300,true],"medium_large":["https:\/\/mariareynadelapaz.com\/wp-content\/uploads\/2024\/02\/MARIA-MAGDALENA-CONVERTIDA-DISCIPULA-APOSTOL-2-768x1080.jpeg",768,1080,true],"large":["https:\/\/mariareynadelapaz.com\/wp-content\/uploads\/2024\/02\/MARIA-MAGDALENA-CONVERTIDA-DISCIPULA-APOSTOL-2-728x1024.jpeg",728,1024,true],"1536x1536":["https:\/\/mariareynadelapaz.com\/wp-content\/uploads\/2024\/02\/MARIA-MAGDALENA-CONVERTIDA-DISCIPULA-APOSTOL-2-1092x1536.jpeg",1092,1536,true],"2048x2048":["https:\/\/mariareynadelapaz.com\/wp-content\/uploads\/2024\/02\/MARIA-MAGDALENA-CONVERTIDA-DISCIPULA-APOSTOL-2.jpeg",1138,1600,false],"woocommerce_archive_thumbnail":["https:\/\/mariareynadelapaz.com\/wp-content\/uploads\/2024\/02\/MARIA-MAGDALENA-CONVERTIDA-DISCIPULA-APOSTOL-2-300x422.jpeg",300,422,true],"woocommerce_thumbnail":["https:\/\/mariareynadelapaz.com\/wp-content\/uploads\/2024\/02\/MARIA-MAGDALENA-CONVERTIDA-DISCIPULA-APOSTOL-2-300x300.jpeg",300,300,true],"woocommerce_single":["https:\/\/mariareynadelapaz.com\/wp-content\/uploads\/2024\/02\/MARIA-MAGDALENA-CONVERTIDA-DISCIPULA-APOSTOL-2-600x844.jpeg",600,844,true],"woocommerce_gallery_thumbnail":["https:\/\/mariareynadelapaz.com\/wp-content\/uploads\/2024\/02\/MARIA-MAGDALENA-CONVERTIDA-DISCIPULA-APOSTOL-2-100x100.jpeg",100,100,true]},"post_excerpt_stackable":"<p>Mar\u00eda Magdalena Convertida Disc\u00edpulo Ap\u00f3stol \/ Crist\u00f3foro Guti\u00e9rrez<\/p>\n","category_list":"","author_info":{"name":"","url":""},"comments_num":"0 comments","_links":{"self":[{"href":"https:\/\/mariareynadelapaz.com\/index.php\/wp-json\/wp\/v2\/product\/1143"}],"collection":[{"href":"https:\/\/mariareynadelapaz.com\/index.php\/wp-json\/wp\/v2\/product"}],"about":[{"href":"https:\/\/mariareynadelapaz.com\/index.php\/wp-json\/wp\/v2\/types\/product"}],"wp:featuredmedia":[{"embeddable":true,"href":"https:\/\/mariareynadelapaz.com\/index.php\/wp-json\/wp\/v2\/media\/1144"}],"wp:attachment":[{"href":"https:\/\/mariareynadelapaz.com\/index.php\/wp-json\/wp\/v2\/media?parent=1143"}],"wp:term":[{"taxonomy":"product_cat","embeddable":true,"href":"https:\/\/mariareynadelapaz.com\/index.php\/wp-json\/wp\/v2\/product_cat?post=1143"},{"taxonomy":"product_tag","embeddable":true,"href":"https:\/\/mariareynadelapaz.com\/index.php\/wp-json\/wp\/v2\/product_tag?post=1143"}],"curies":[{"name":"wp","href":"https:\/\/api.w.org\/{rel}","templated":true}]}}