{"id":1140,"date":"2024-02-01T22:59:27","date_gmt":"2024-02-02T04:59:27","guid":{"rendered":"https:\/\/mariareynadelapaz.com\/?post_type=product&#038;p=1140"},"modified":"2024-03-08T12:11:39","modified_gmt":"2024-03-08T18:11:39","slug":"21-paginas-esenciales-de-la-biblia","status":"publish","type":"product","link":"https:\/\/mariareynadelapaz.com\/index.php\/product\/21-paginas-esenciales-de-la-biblia\/","title":{"rendered":"21 P\u00e1ginas Esenciales de la Biblia \/ Crist\u00f3foro Guti\u00e9rrez"},"content":{"rendered":"<p>21 P\u00e1ginas Esenciales de la Biblia \/ Crist\u00f3foro Guti\u00e9rrez<\/p>\n","protected":false},"excerpt":{"rendered":"<p>21 P\u00e1ginas Esenciales de la Biblia \/ Crist\u00f3foro Guti\u00e9rrez<\/p>\n","protected":false},"featured_media":1141,"template":"","meta":[],"product_cat":[36,44,35],"product_tag":[],"featured_image_urls":{"full":["https:\/\/mariareynadelapaz.com\/wp-content\/uploads\/2024\/02\/3997-21-PAGUINAS-ESE-e1706850351766.jpg",1472,1471,false],"thumbnail":["https:\/\/mariareynadelapaz.com\/wp-content\/uploads\/2024\/02\/3997-21-PAGUINAS-ESE-e1706850351766-150x150.jpg",150,150,true],"medium":["https:\/\/mariareynadelapaz.com\/wp-content\/uploads\/2024\/02\/3997-21-PAGUINAS-ESE-e1706850351766-300x300.jpg",300,300,true],"medium_large":["https:\/\/mariareynadelapaz.com\/wp-content\/uploads\/2024\/02\/3997-21-PAGUINAS-ESE-e1706850351766-768x767.jpg",768,767,true],"large":["https:\/\/mariareynadelapaz.com\/wp-content\/uploads\/2024\/02\/3997-21-PAGUINAS-ESE-e1706850351766-1024x1024.jpg",1024,1024,true],"1536x1536":["https:\/\/mariareynadelapaz.com\/wp-content\/uploads\/2024\/02\/3997-21-PAGUINAS-ESE-1536x1412.jpg",1536,1412,true],"2048x2048":["https:\/\/mariareynadelapaz.com\/wp-content\/uploads\/2024\/02\/3997-21-PAGUINAS-ESE-e1706850351766.jpg",1472,1471,false],"woocommerce_archive_thumbnail":["https:\/\/mariareynadelapaz.com\/wp-content\/uploads\/2024\/02\/3997-21-PAGUINAS-ESE-e1706850351766-300x300.jpg",300,300,true],"woocommerce_thumbnail":["https:\/\/mariareynadelapaz.com\/wp-content\/uploads\/2024\/02\/3997-21-PAGUINAS-ESE-e1706850351766-300x300.jpg",300,300,true],"woocommerce_single":["https:\/\/mariareynadelapaz.com\/wp-content\/uploads\/2024\/02\/3997-21-PAGUINAS-ESE-e1706850351766-600x600.jpg",600,600,true],"woocommerce_gallery_thumbnail":["https:\/\/mariareynadelapaz.com\/wp-content\/uploads\/2024\/02\/3997-21-PAGUINAS-ESE-e1706850351766-100x100.jpg",100,100,true]},"post_excerpt_stackable":"<p>21 P\u00e1ginas Esenciales de la Biblia \/ Crist\u00f3foro Guti\u00e9rrez<\/p>\n","category_list":"","author_info":{"name":"","url":""},"comments_num":"0 comments","_links":{"self":[{"href":"https:\/\/mariareynadelapaz.com\/index.php\/wp-json\/wp\/v2\/product\/1140"}],"collection":[{"href":"https:\/\/mariareynadelapaz.com\/index.php\/wp-json\/wp\/v2\/product"}],"about":[{"href":"https:\/\/mariareynadelapaz.com\/index.php\/wp-json\/wp\/v2\/types\/product"}],"wp:featuredmedia":[{"embeddable":true,"href":"https:\/\/mariareynadelapaz.com\/index.php\/wp-json\/wp\/v2\/media\/1141"}],"wp:attachment":[{"href":"https:\/\/mariareynadelapaz.com\/index.php\/wp-json\/wp\/v2\/media?parent=1140"}],"wp:term":[{"taxonomy":"product_cat","embeddable":true,"href":"https:\/\/mariareynadelapaz.com\/index.php\/wp-json\/wp\/v2\/product_cat?post=1140"},{"taxonomy":"product_tag","embeddable":true,"href":"https:\/\/mariareynadelapaz.com\/index.php\/wp-json\/wp\/v2\/product_tag?post=1140"}],"curies":[{"name":"wp","href":"https:\/\/api.w.org\/{rel}","templated":true}]}}