{"id":1104,"date":"2024-01-25T18:08:30","date_gmt":"2024-01-26T00:08:30","guid":{"rendered":"https:\/\/mariareynadelapaz.com\/?post_type=product&#038;p=1104"},"modified":"2024-03-08T12:12:07","modified_gmt":"2024-03-08T18:12:07","slug":"nueve-dias-con-san-jose-miguel-angel-aguilar-manriquez","status":"publish","type":"product","link":"https:\/\/mariareynadelapaz.com\/index.php\/product\/nueve-dias-con-san-jose-miguel-angel-aguilar-manriquez\/","title":{"rendered":"Nueve D\u00edas con San Jos\u00e9\/ Miguel \u00c1ngel Aguilar Manr\u00edquez"},"content":{"rendered":"<p>Nueve D\u00edas con San Jos\u00e9\/ Miguel \u00c1ngel Aguilar Manr\u00edquez<\/p>\n","protected":false},"excerpt":{"rendered":"<p>Nueve D\u00edas con San Jos\u00e9\/ Miguel \u00c1ngel Aguilar Manr\u00edquez<\/p>\n","protected":false},"featured_media":1106,"template":"","meta":[],"product_cat":[35],"product_tag":[],"featured_image_urls":{"full":["https:\/\/mariareynadelapaz.com\/wp-content\/uploads\/2024\/01\/WhatsApp-Image-2024-01-25-at-6.07.14-PM-e1706849443483.jpeg",901,1301,false],"thumbnail":["https:\/\/mariareynadelapaz.com\/wp-content\/uploads\/2024\/01\/WhatsApp-Image-2024-01-25-at-6.07.14-PM-e1706849443483-150x150.jpeg",150,150,true],"medium":["https:\/\/mariareynadelapaz.com\/wp-content\/uploads\/2024\/01\/WhatsApp-Image-2024-01-25-at-6.07.14-PM-e1706849443483-208x300.jpeg",208,300,true],"medium_large":["https:\/\/mariareynadelapaz.com\/wp-content\/uploads\/2024\/01\/WhatsApp-Image-2024-01-25-at-6.07.14-PM-e1706849443483-768x1109.jpeg",768,1109,true],"large":["https:\/\/mariareynadelapaz.com\/wp-content\/uploads\/2024\/01\/WhatsApp-Image-2024-01-25-at-6.07.14-PM-e1706849443483-709x1024.jpeg",709,1024,true],"1536x1536":["https:\/\/mariareynadelapaz.com\/wp-content\/uploads\/2024\/01\/WhatsApp-Image-2024-01-25-at-6.07.14-PM-865x1536.jpeg",865,1536,true],"2048x2048":["https:\/\/mariareynadelapaz.com\/wp-content\/uploads\/2024\/01\/WhatsApp-Image-2024-01-25-at-6.07.14-PM-e1706849443483.jpeg",901,1301,false],"woocommerce_archive_thumbnail":["https:\/\/mariareynadelapaz.com\/wp-content\/uploads\/2024\/01\/WhatsApp-Image-2024-01-25-at-6.07.14-PM-e1706849443483-300x433.jpeg",300,433,true],"woocommerce_thumbnail":["https:\/\/mariareynadelapaz.com\/wp-content\/uploads\/2024\/01\/WhatsApp-Image-2024-01-25-at-6.07.14-PM-e1706849443483-300x300.jpeg",300,300,true],"woocommerce_single":["https:\/\/mariareynadelapaz.com\/wp-content\/uploads\/2024\/01\/WhatsApp-Image-2024-01-25-at-6.07.14-PM-e1706849443483-600x866.jpeg",600,866,true],"woocommerce_gallery_thumbnail":["https:\/\/mariareynadelapaz.com\/wp-content\/uploads\/2024\/01\/WhatsApp-Image-2024-01-25-at-6.07.14-PM-e1706849443483-100x100.jpeg",100,100,true]},"post_excerpt_stackable":"<p>Nueve D\u00edas con San Jos\u00e9\/ Miguel \u00c1ngel Aguilar Manr\u00edquez<\/p>\n","category_list":"","author_info":{"name":"","url":""},"comments_num":"0 comments","_links":{"self":[{"href":"https:\/\/mariareynadelapaz.com\/index.php\/wp-json\/wp\/v2\/product\/1104"}],"collection":[{"href":"https:\/\/mariareynadelapaz.com\/index.php\/wp-json\/wp\/v2\/product"}],"about":[{"href":"https:\/\/mariareynadelapaz.com\/index.php\/wp-json\/wp\/v2\/types\/product"}],"wp:featuredmedia":[{"embeddable":true,"href":"https:\/\/mariareynadelapaz.com\/index.php\/wp-json\/wp\/v2\/media\/1106"}],"wp:attachment":[{"href":"https:\/\/mariareynadelapaz.com\/index.php\/wp-json\/wp\/v2\/media?parent=1104"}],"wp:term":[{"taxonomy":"product_cat","embeddable":true,"href":"https:\/\/mariareynadelapaz.com\/index.php\/wp-json\/wp\/v2\/product_cat?post=1104"},{"taxonomy":"product_tag","embeddable":true,"href":"https:\/\/mariareynadelapaz.com\/index.php\/wp-json\/wp\/v2\/product_tag?post=1104"}],"curies":[{"name":"wp","href":"https:\/\/api.w.org\/{rel}","templated":true}]}}