{"id":1070,"date":"2024-01-25T17:23:15","date_gmt":"2024-01-25T23:23:15","guid":{"rendered":"https:\/\/mariareynadelapaz.com\/?post_type=product&#038;p=1070"},"modified":"2025-07-08T15:57:50","modified_gmt":"2025-07-08T21:57:50","slug":"dios-si-iglesia-no-p-julio-munoz-lopez-carrizosa-l-c","status":"publish","type":"product","link":"https:\/\/mariareynadelapaz.com\/index.php\/product\/dios-si-iglesia-no-p-julio-munoz-lopez-carrizosa-l-c\/","title":{"rendered":"Dios s\u00ed Iglesia no \/ P. Julio Mu\u00f1oz L\u00f3pez Carrizosa. L.C"},"content":{"rendered":"<p>Dios s\u00ed Iglesia no \/ P. Julio Mu\u00f1oz L\u00f3pez Carrizosa. L.C<\/p>\n","protected":false},"excerpt":{"rendered":"<p>Dios s\u00ed Iglesia no \/ P. Julio Mu\u00f1oz L\u00f3pez Carrizosa. L.C<\/p>\n","protected":false},"featured_media":1072,"template":"","meta":[],"product_cat":[35],"product_tag":[],"featured_image_urls":{"full":["https:\/\/mariareynadelapaz.com\/wp-content\/uploads\/2024\/01\/WhatsApp-Image-2024-01-25-at-5.20.43-PM-1-e1706849046256.jpeg",900,1218,false],"thumbnail":["https:\/\/mariareynadelapaz.com\/wp-content\/uploads\/2024\/01\/WhatsApp-Image-2024-01-25-at-5.20.43-PM-1-e1706849046256-150x150.jpeg",150,150,true],"medium":["https:\/\/mariareynadelapaz.com\/wp-content\/uploads\/2024\/01\/WhatsApp-Image-2024-01-25-at-5.20.43-PM-1-e1706849046256-222x300.jpeg",222,300,true],"medium_large":["https:\/\/mariareynadelapaz.com\/wp-content\/uploads\/2024\/01\/WhatsApp-Image-2024-01-25-at-5.20.43-PM-1-e1706849046256-768x1039.jpeg",768,1039,true],"large":["https:\/\/mariareynadelapaz.com\/wp-content\/uploads\/2024\/01\/WhatsApp-Image-2024-01-25-at-5.20.43-PM-1-e1706849046256-757x1024.jpeg",757,1024,true],"1536x1536":["https:\/\/mariareynadelapaz.com\/wp-content\/uploads\/2024\/01\/WhatsApp-Image-2024-01-25-at-5.20.43-PM-1-864x1536.jpeg",864,1536,true],"2048x2048":["https:\/\/mariareynadelapaz.com\/wp-content\/uploads\/2024\/01\/WhatsApp-Image-2024-01-25-at-5.20.43-PM-1-e1706849046256.jpeg",900,1218,false],"woocommerce_archive_thumbnail":["https:\/\/mariareynadelapaz.com\/wp-content\/uploads\/2024\/01\/WhatsApp-Image-2024-01-25-at-5.20.43-PM-1-e1706849046256-300x406.jpeg",300,406,true],"woocommerce_thumbnail":["https:\/\/mariareynadelapaz.com\/wp-content\/uploads\/2024\/01\/WhatsApp-Image-2024-01-25-at-5.20.43-PM-1-e1706849046256-300x300.jpeg",300,300,true],"woocommerce_single":["https:\/\/mariareynadelapaz.com\/wp-content\/uploads\/2024\/01\/WhatsApp-Image-2024-01-25-at-5.20.43-PM-1-e1706849046256-600x812.jpeg",600,812,true],"woocommerce_gallery_thumbnail":["https:\/\/mariareynadelapaz.com\/wp-content\/uploads\/2024\/01\/WhatsApp-Image-2024-01-25-at-5.20.43-PM-1-e1706849046256-100x100.jpeg",100,100,true]},"post_excerpt_stackable":"<p>Dios s\u00ed Iglesia no \/ P. Julio Mu\u00f1oz L\u00f3pez Carrizosa. L.C<\/p>\n","category_list":"","author_info":{"name":"","url":""},"comments_num":"0 comments","_links":{"self":[{"href":"https:\/\/mariareynadelapaz.com\/index.php\/wp-json\/wp\/v2\/product\/1070"}],"collection":[{"href":"https:\/\/mariareynadelapaz.com\/index.php\/wp-json\/wp\/v2\/product"}],"about":[{"href":"https:\/\/mariareynadelapaz.com\/index.php\/wp-json\/wp\/v2\/types\/product"}],"wp:featuredmedia":[{"embeddable":true,"href":"https:\/\/mariareynadelapaz.com\/index.php\/wp-json\/wp\/v2\/media\/1072"}],"wp:attachment":[{"href":"https:\/\/mariareynadelapaz.com\/index.php\/wp-json\/wp\/v2\/media?parent=1070"}],"wp:term":[{"taxonomy":"product_cat","embeddable":true,"href":"https:\/\/mariareynadelapaz.com\/index.php\/wp-json\/wp\/v2\/product_cat?post=1070"},{"taxonomy":"product_tag","embeddable":true,"href":"https:\/\/mariareynadelapaz.com\/index.php\/wp-json\/wp\/v2\/product_tag?post=1070"}],"curies":[{"name":"wp","href":"https:\/\/api.w.org\/{rel}","templated":true}]}}