{"id":1058,"date":"2024-01-25T16:36:29","date_gmt":"2024-01-25T22:36:29","guid":{"rendered":"https:\/\/mariareynadelapaz.com\/?post_type=product&#038;p=1058"},"modified":"2024-03-08T12:14:06","modified_gmt":"2024-03-08T18:14:06","slug":"el-libro-negro-de-la-nueva-izquierda-nicolas-marquez-y-agustin-laje","status":"publish","type":"product","link":"https:\/\/mariareynadelapaz.com\/index.php\/product\/el-libro-negro-de-la-nueva-izquierda-nicolas-marquez-y-agustin-laje\/","title":{"rendered":"El Libro Negro De La Nueva Izquierda \/ Nicol\u00e1s M\u00e1rquez y Agust\u00edn Laje"},"content":{"rendered":"<p>El Libro Negro De La Nueva Izquierda \/ Nicol\u00e1s M\u00e1rquez y Agust\u00edn Laje<\/p>\n","protected":false},"excerpt":{"rendered":"<p>El Libro Negro De La Nueva Izquierda \/ Nicol\u00e1s M\u00e1rquez y Agust\u00edn Laje<\/p>\n","protected":false},"featured_media":1059,"template":"","meta":[],"product_cat":[35],"product_tag":[],"featured_image_urls":{"full":["https:\/\/mariareynadelapaz.com\/wp-content\/uploads\/2024\/01\/WhatsApp-Image-2024-01-25-at-11.44.14-AM-1.jpeg",1188,1600,false],"thumbnail":["https:\/\/mariareynadelapaz.com\/wp-content\/uploads\/2024\/01\/WhatsApp-Image-2024-01-25-at-11.44.14-AM-1-150x150.jpeg",150,150,true],"medium":["https:\/\/mariareynadelapaz.com\/wp-content\/uploads\/2024\/01\/WhatsApp-Image-2024-01-25-at-11.44.14-AM-1-223x300.jpeg",223,300,true],"medium_large":["https:\/\/mariareynadelapaz.com\/wp-content\/uploads\/2024\/01\/WhatsApp-Image-2024-01-25-at-11.44.14-AM-1-768x1034.jpeg",768,1034,true],"large":["https:\/\/mariareynadelapaz.com\/wp-content\/uploads\/2024\/01\/WhatsApp-Image-2024-01-25-at-11.44.14-AM-1-760x1024.jpeg",760,1024,true],"1536x1536":["https:\/\/mariareynadelapaz.com\/wp-content\/uploads\/2024\/01\/WhatsApp-Image-2024-01-25-at-11.44.14-AM-1-1140x1536.jpeg",1140,1536,true],"2048x2048":["https:\/\/mariareynadelapaz.com\/wp-content\/uploads\/2024\/01\/WhatsApp-Image-2024-01-25-at-11.44.14-AM-1.jpeg",1188,1600,false],"woocommerce_archive_thumbnail":["https:\/\/mariareynadelapaz.com\/wp-content\/uploads\/2024\/01\/WhatsApp-Image-2024-01-25-at-11.44.14-AM-1-300x404.jpeg",300,404,true],"woocommerce_thumbnail":["https:\/\/mariareynadelapaz.com\/wp-content\/uploads\/2024\/01\/WhatsApp-Image-2024-01-25-at-11.44.14-AM-1-300x300.jpeg",300,300,true],"woocommerce_single":["https:\/\/mariareynadelapaz.com\/wp-content\/uploads\/2024\/01\/WhatsApp-Image-2024-01-25-at-11.44.14-AM-1-600x808.jpeg",600,808,true],"woocommerce_gallery_thumbnail":["https:\/\/mariareynadelapaz.com\/wp-content\/uploads\/2024\/01\/WhatsApp-Image-2024-01-25-at-11.44.14-AM-1-100x100.jpeg",100,100,true]},"post_excerpt_stackable":"<p>El Libro Negro De La Nueva Izquierda \/ Nicol\u00e1s M\u00e1rquez y Agust\u00edn Laje<\/p>\n","category_list":"","author_info":{"name":"","url":""},"comments_num":"0 comments","_links":{"self":[{"href":"https:\/\/mariareynadelapaz.com\/index.php\/wp-json\/wp\/v2\/product\/1058"}],"collection":[{"href":"https:\/\/mariareynadelapaz.com\/index.php\/wp-json\/wp\/v2\/product"}],"about":[{"href":"https:\/\/mariareynadelapaz.com\/index.php\/wp-json\/wp\/v2\/types\/product"}],"wp:featuredmedia":[{"embeddable":true,"href":"https:\/\/mariareynadelapaz.com\/index.php\/wp-json\/wp\/v2\/media\/1059"}],"wp:attachment":[{"href":"https:\/\/mariareynadelapaz.com\/index.php\/wp-json\/wp\/v2\/media?parent=1058"}],"wp:term":[{"taxonomy":"product_cat","embeddable":true,"href":"https:\/\/mariareynadelapaz.com\/index.php\/wp-json\/wp\/v2\/product_cat?post=1058"},{"taxonomy":"product_tag","embeddable":true,"href":"https:\/\/mariareynadelapaz.com\/index.php\/wp-json\/wp\/v2\/product_tag?post=1058"}],"curies":[{"name":"wp","href":"https:\/\/api.w.org\/{rel}","templated":true}]}}