{"id":1046,"date":"2024-01-25T15:54:01","date_gmt":"2024-01-25T21:54:01","guid":{"rendered":"https:\/\/mariareynadelapaz.com\/?post_type=product&#038;p=1046"},"modified":"2024-03-08T12:14:30","modified_gmt":"2024-03-08T18:14:30","slug":"mi-musica-por-dentro-la-historia-detras-de-cada-cancion-marcela-de-maria-y-campos","status":"publish","type":"product","link":"https:\/\/mariareynadelapaz.com\/index.php\/product\/mi-musica-por-dentro-la-historia-detras-de-cada-cancion-marcela-de-maria-y-campos\/","title":{"rendered":"Mi M\u00fasica Por Dentro La Historia Detr\u00e1s De Cada Canci\u00f3n \/ Marcela De M\u00e1ria y Campos"},"content":{"rendered":"<p>Mi M\u00fasica Por Dentro La Historia Detr\u00e1s De Cada Canci\u00f3n \/ Marcela De M\u00e1ria y Campos<\/p>\n","protected":false},"excerpt":{"rendered":"<p>Mi M\u00fasica Por Dentro La Historia Detr\u00e1s De Cada Canci\u00f3n \/ Marcela De M\u00e1ria y Campos<\/p>\n","protected":false},"featured_media":1047,"template":"","meta":[],"product_cat":[35],"product_tag":[],"featured_image_urls":{"full":["https:\/\/mariareynadelapaz.com\/wp-content\/uploads\/2024\/01\/WhatsApp-Image-2024-01-25-at-3.52.50-PM.jpeg",1060,1600,false],"thumbnail":["https:\/\/mariareynadelapaz.com\/wp-content\/uploads\/2024\/01\/WhatsApp-Image-2024-01-25-at-3.52.50-PM-150x150.jpeg",150,150,true],"medium":["https:\/\/mariareynadelapaz.com\/wp-content\/uploads\/2024\/01\/WhatsApp-Image-2024-01-25-at-3.52.50-PM-199x300.jpeg",199,300,true],"medium_large":["https:\/\/mariareynadelapaz.com\/wp-content\/uploads\/2024\/01\/WhatsApp-Image-2024-01-25-at-3.52.50-PM-768x1159.jpeg",768,1159,true],"large":["https:\/\/mariareynadelapaz.com\/wp-content\/uploads\/2024\/01\/WhatsApp-Image-2024-01-25-at-3.52.50-PM-678x1024.jpeg",678,1024,true],"1536x1536":["https:\/\/mariareynadelapaz.com\/wp-content\/uploads\/2024\/01\/WhatsApp-Image-2024-01-25-at-3.52.50-PM-1018x1536.jpeg",1018,1536,true],"2048x2048":["https:\/\/mariareynadelapaz.com\/wp-content\/uploads\/2024\/01\/WhatsApp-Image-2024-01-25-at-3.52.50-PM.jpeg",1060,1600,false],"woocommerce_archive_thumbnail":["https:\/\/mariareynadelapaz.com\/wp-content\/uploads\/2024\/01\/WhatsApp-Image-2024-01-25-at-3.52.50-PM-300x453.jpeg",300,453,true],"woocommerce_thumbnail":["https:\/\/mariareynadelapaz.com\/wp-content\/uploads\/2024\/01\/WhatsApp-Image-2024-01-25-at-3.52.50-PM-300x300.jpeg",300,300,true],"woocommerce_single":["https:\/\/mariareynadelapaz.com\/wp-content\/uploads\/2024\/01\/WhatsApp-Image-2024-01-25-at-3.52.50-PM-600x906.jpeg",600,906,true],"woocommerce_gallery_thumbnail":["https:\/\/mariareynadelapaz.com\/wp-content\/uploads\/2024\/01\/WhatsApp-Image-2024-01-25-at-3.52.50-PM-100x100.jpeg",100,100,true]},"post_excerpt_stackable":"<p>Mi M\u00fasica Por Dentro La Historia Detr\u00e1s De Cada Canci\u00f3n \/ Marcela De M\u00e1ria y Campos<\/p>\n","category_list":"","author_info":{"name":"","url":""},"comments_num":"0 comments","_links":{"self":[{"href":"https:\/\/mariareynadelapaz.com\/index.php\/wp-json\/wp\/v2\/product\/1046"}],"collection":[{"href":"https:\/\/mariareynadelapaz.com\/index.php\/wp-json\/wp\/v2\/product"}],"about":[{"href":"https:\/\/mariareynadelapaz.com\/index.php\/wp-json\/wp\/v2\/types\/product"}],"wp:featuredmedia":[{"embeddable":true,"href":"https:\/\/mariareynadelapaz.com\/index.php\/wp-json\/wp\/v2\/media\/1047"}],"wp:attachment":[{"href":"https:\/\/mariareynadelapaz.com\/index.php\/wp-json\/wp\/v2\/media?parent=1046"}],"wp:term":[{"taxonomy":"product_cat","embeddable":true,"href":"https:\/\/mariareynadelapaz.com\/index.php\/wp-json\/wp\/v2\/product_cat?post=1046"},{"taxonomy":"product_tag","embeddable":true,"href":"https:\/\/mariareynadelapaz.com\/index.php\/wp-json\/wp\/v2\/product_tag?post=1046"}],"curies":[{"name":"wp","href":"https:\/\/api.w.org\/{rel}","templated":true}]}}