{"id":1042,"date":"2024-01-25T15:47:22","date_gmt":"2024-01-25T21:47:22","guid":{"rendered":"https:\/\/mariareynadelapaz.com\/?post_type=product&#038;p=1042"},"modified":"2024-03-08T12:14:37","modified_gmt":"2024-03-08T18:14:37","slug":"nueve-pasos-para-amar-mas-segun-la-teologia-del-cuerpo-p-adolfo-guemes-suarez-l-c","status":"publish","type":"product","link":"https:\/\/mariareynadelapaz.com\/index.php\/product\/nueve-pasos-para-amar-mas-segun-la-teologia-del-cuerpo-p-adolfo-guemes-suarez-l-c\/","title":{"rendered":"Nueve Pasos Para Amar M\u00e1s Seg\u00fan La Teolog\u00eda Del Cuerpo \/ P. Adolfo G\u00fcemes Su\u00e1rez L.C."},"content":{"rendered":"<p>Nueve Pasos Para Amar M\u00e1s Seg\u00fan La Teolog\u00eda Del Cuerpo \/ P. Adolfo G\u00fcemes Su\u00e1rez L.C.<\/p>\n","protected":false},"excerpt":{"rendered":"<p>Nueve Pasos Para Amar M\u00e1s Seg\u00fan La Teolog\u00eda Del Cuerpo \/ P. Adolfo G\u00fcemes Su\u00e1rez L.C.<\/p>\n","protected":false},"featured_media":1044,"template":"","meta":[],"product_cat":[35],"product_tag":[],"featured_image_urls":{"full":["https:\/\/mariareynadelapaz.com\/wp-content\/uploads\/2024\/01\/WhatsApp-Image-2024-01-25-at-12.10.19-PM-1.jpeg",1147,1600,false],"thumbnail":["https:\/\/mariareynadelapaz.com\/wp-content\/uploads\/2024\/01\/WhatsApp-Image-2024-01-25-at-12.10.19-PM-1-150x150.jpeg",150,150,true],"medium":["https:\/\/mariareynadelapaz.com\/wp-content\/uploads\/2024\/01\/WhatsApp-Image-2024-01-25-at-12.10.19-PM-1-215x300.jpeg",215,300,true],"medium_large":["https:\/\/mariareynadelapaz.com\/wp-content\/uploads\/2024\/01\/WhatsApp-Image-2024-01-25-at-12.10.19-PM-1-768x1071.jpeg",768,1071,true],"large":["https:\/\/mariareynadelapaz.com\/wp-content\/uploads\/2024\/01\/WhatsApp-Image-2024-01-25-at-12.10.19-PM-1-734x1024.jpeg",734,1024,true],"1536x1536":["https:\/\/mariareynadelapaz.com\/wp-content\/uploads\/2024\/01\/WhatsApp-Image-2024-01-25-at-12.10.19-PM-1-1101x1536.jpeg",1101,1536,true],"2048x2048":["https:\/\/mariareynadelapaz.com\/wp-content\/uploads\/2024\/01\/WhatsApp-Image-2024-01-25-at-12.10.19-PM-1.jpeg",1147,1600,false],"woocommerce_archive_thumbnail":["https:\/\/mariareynadelapaz.com\/wp-content\/uploads\/2024\/01\/WhatsApp-Image-2024-01-25-at-12.10.19-PM-1-300x418.jpeg",300,418,true],"woocommerce_thumbnail":["https:\/\/mariareynadelapaz.com\/wp-content\/uploads\/2024\/01\/WhatsApp-Image-2024-01-25-at-12.10.19-PM-1-300x300.jpeg",300,300,true],"woocommerce_single":["https:\/\/mariareynadelapaz.com\/wp-content\/uploads\/2024\/01\/WhatsApp-Image-2024-01-25-at-12.10.19-PM-1-600x837.jpeg",600,837,true],"woocommerce_gallery_thumbnail":["https:\/\/mariareynadelapaz.com\/wp-content\/uploads\/2024\/01\/WhatsApp-Image-2024-01-25-at-12.10.19-PM-1-100x100.jpeg",100,100,true]},"post_excerpt_stackable":"<p>Nueve Pasos Para Amar M\u00e1s Seg\u00fan La Teolog\u00eda Del Cuerpo \/ P. Adolfo G\u00fcemes Su\u00e1rez L.C.<\/p>\n","category_list":"","author_info":{"name":"","url":""},"comments_num":"0 comments","_links":{"self":[{"href":"https:\/\/mariareynadelapaz.com\/index.php\/wp-json\/wp\/v2\/product\/1042"}],"collection":[{"href":"https:\/\/mariareynadelapaz.com\/index.php\/wp-json\/wp\/v2\/product"}],"about":[{"href":"https:\/\/mariareynadelapaz.com\/index.php\/wp-json\/wp\/v2\/types\/product"}],"wp:featuredmedia":[{"embeddable":true,"href":"https:\/\/mariareynadelapaz.com\/index.php\/wp-json\/wp\/v2\/media\/1044"}],"wp:attachment":[{"href":"https:\/\/mariareynadelapaz.com\/index.php\/wp-json\/wp\/v2\/media?parent=1042"}],"wp:term":[{"taxonomy":"product_cat","embeddable":true,"href":"https:\/\/mariareynadelapaz.com\/index.php\/wp-json\/wp\/v2\/product_cat?post=1042"},{"taxonomy":"product_tag","embeddable":true,"href":"https:\/\/mariareynadelapaz.com\/index.php\/wp-json\/wp\/v2\/product_tag?post=1042"}],"curies":[{"name":"wp","href":"https:\/\/api.w.org\/{rel}","templated":true}]}}