{"id":1008,"date":"2024-01-20T21:17:37","date_gmt":"2024-01-21T03:17:37","guid":{"rendered":"https:\/\/mariareynadelapaz.com\/?post_type=product&#038;p=1008"},"modified":"2024-03-08T12:15:55","modified_gmt":"2024-03-08T18:15:55","slug":"escapulario-de-la-virgen-del-carmen-y-sagrado-corazon-de-jesus-cordon-blanco-monte-carmelo","status":"publish","type":"product","link":"https:\/\/mariareynadelapaz.com\/index.php\/product\/escapulario-de-la-virgen-del-carmen-y-sagrado-corazon-de-jesus-cordon-blanco-monte-carmelo\/","title":{"rendered":"Escapulario de la Virgen del Carmen y Sagrado Coraz\u00f3n de Jes\u00fas cord\u00f3n blanco Monte Carmelo"},"content":{"rendered":"<p>Escapulario de la Virgen del Carmen y Sagrado Coraz\u00f3n de Jes\u00fas cord\u00f3n blanco Monte Carmelo.<\/p>\n<p>Se env\u00eda en sobre.<\/p>\n","protected":false},"excerpt":{"rendered":"<p>Escapulario de la Virgen del Carmen y Sagrado Coraz\u00f3n de Jes\u00fas cord\u00f3n blanco Monte Carmelo<\/p>\n","protected":false},"featured_media":1009,"template":"","meta":[],"product_cat":[59,42,40],"product_tag":[],"featured_image_urls":{"full":["https:\/\/mariareynadelapaz.com\/wp-content\/uploads\/2024\/01\/9940-ESCAPULARIO-DE-.jpg",720,684,false],"thumbnail":["https:\/\/mariareynadelapaz.com\/wp-content\/uploads\/2024\/01\/9940-ESCAPULARIO-DE--150x150.jpg",150,150,true],"medium":["https:\/\/mariareynadelapaz.com\/wp-content\/uploads\/2024\/01\/9940-ESCAPULARIO-DE--300x285.jpg",300,285,true],"medium_large":["https:\/\/mariareynadelapaz.com\/wp-content\/uploads\/2024\/01\/9940-ESCAPULARIO-DE-.jpg",720,684,false],"large":["https:\/\/mariareynadelapaz.com\/wp-content\/uploads\/2024\/01\/9940-ESCAPULARIO-DE-.jpg",720,684,false],"1536x1536":["https:\/\/mariareynadelapaz.com\/wp-content\/uploads\/2024\/01\/9940-ESCAPULARIO-DE-.jpg",720,684,false],"2048x2048":["https:\/\/mariareynadelapaz.com\/wp-content\/uploads\/2024\/01\/9940-ESCAPULARIO-DE-.jpg",720,684,false],"woocommerce_archive_thumbnail":["https:\/\/mariareynadelapaz.com\/wp-content\/uploads\/2024\/01\/9940-ESCAPULARIO-DE--300x285.jpg",300,285,true],"woocommerce_thumbnail":["https:\/\/mariareynadelapaz.com\/wp-content\/uploads\/2024\/01\/9940-ESCAPULARIO-DE--300x300.jpg",300,300,true],"woocommerce_single":["https:\/\/mariareynadelapaz.com\/wp-content\/uploads\/2024\/01\/9940-ESCAPULARIO-DE--600x570.jpg",600,570,true],"woocommerce_gallery_thumbnail":["https:\/\/mariareynadelapaz.com\/wp-content\/uploads\/2024\/01\/9940-ESCAPULARIO-DE--100x100.jpg",100,100,true]},"post_excerpt_stackable":"<p>Escapulario de la Virgen del Carmen y Sagrado Coraz\u00f3n de Jes\u00fas cord\u00f3n blanco Monte Carmelo<\/p>\n","category_list":"","author_info":{"name":"","url":""},"comments_num":"0 comments","_links":{"self":[{"href":"https:\/\/mariareynadelapaz.com\/index.php\/wp-json\/wp\/v2\/product\/1008"}],"collection":[{"href":"https:\/\/mariareynadelapaz.com\/index.php\/wp-json\/wp\/v2\/product"}],"about":[{"href":"https:\/\/mariareynadelapaz.com\/index.php\/wp-json\/wp\/v2\/types\/product"}],"wp:featuredmedia":[{"embeddable":true,"href":"https:\/\/mariareynadelapaz.com\/index.php\/wp-json\/wp\/v2\/media\/1009"}],"wp:attachment":[{"href":"https:\/\/mariareynadelapaz.com\/index.php\/wp-json\/wp\/v2\/media?parent=1008"}],"wp:term":[{"taxonomy":"product_cat","embeddable":true,"href":"https:\/\/mariareynadelapaz.com\/index.php\/wp-json\/wp\/v2\/product_cat?post=1008"},{"taxonomy":"product_tag","embeddable":true,"href":"https:\/\/mariareynadelapaz.com\/index.php\/wp-json\/wp\/v2\/product_tag?post=1008"}],"curies":[{"name":"wp","href":"https:\/\/api.w.org\/{rel}","templated":true}]}}