{"id":7,"date":"2024-01-06T18:01:43","date_gmt":"2024-01-06T18:01:43","guid":{"rendered":"http:\/\/mariareynadelapaz.com\/index.php\/cart\/"},"modified":"2024-01-07T13:43:27","modified_gmt":"2024-01-07T19:43:27","slug":"cart","status":"publish","type":"page","link":"https:\/\/mariareynadelapaz.com\/index.php\/cart\/","title":{"rendered":"Carrito"},"content":{"rendered":"<div data-block-name=\"woocommerce\/cart\" class=\"wp-block-woocommerce-cart alignwide is-loading\"><div data-block-name=\"woocommerce\/filled-cart-block\" class=\"wp-block-woocommerce-filled-cart-block\"><div data-block-name=\"woocommerce\/cart-items-block\" class=\"wp-block-woocommerce-cart-items-block\"><div data-block-name=\"woocommerce\/cart-line-items-block\" class=\"wp-block-woocommerce-cart-line-items-block\"><\/div>\n\n<div data-block-name=\"woocommerce\/cart-cross-sells-block\" class=\"wp-block-woocommerce-cart-cross-sells-block\">\n<h2 class=\"wp-block-heading has-large-font-size\">Podr\u00edan interesarte&#8230;<\/h2>\n\n\n<div data-block-name=\"woocommerce\/cart-cross-sells-products-block\" class=\"wp-block-woocommerce-cart-cross-sells-products-block\"><\/div><\/div><\/div>\n\n<div data-block-name=\"woocommerce\/cart-totals-block\" class=\"wp-block-woocommerce-cart-totals-block\"><div data-block-name=\"woocommerce\/cart-order-summary-block\" class=\"wp-block-woocommerce-cart-order-summary-block\"><div data-block-name=\"woocommerce\/cart-order-summary-heading-block\" class=\"wp-block-woocommerce-cart-order-summary-heading-block\"><\/div><div data-block-name=\"woocommerce\/cart-order-summary-coupon-form-block\" class=\"wp-block-woocommerce-cart-order-summary-coupon-form-block\"><\/div><div data-block-name=\"woocommerce\/cart-order-summary-totals-block\" class=\"wp-block-woocommerce-cart-order-summary-totals-block\">\n<div data-block-name=\"woocommerce\/cart-order-summary-subtotal-block\" class=\"wp-block-woocommerce-cart-order-summary-subtotal-block\"><\/div>\n<div data-block-name=\"woocommerce\/cart-order-summary-discount-block\" class=\"wp-block-woocommerce-cart-order-summary-discount-block\"><\/div>\n<div data-block-name=\"woocommerce\/cart-order-summary-fee-block\" class=\"wp-block-woocommerce-cart-order-summary-fee-block\"><\/div>\n<div data-block-name=\"woocommerce\/cart-order-summary-shipping-block\" class=\"wp-block-woocommerce-cart-order-summary-shipping-block\"><\/div>\n<div data-block-name=\"woocommerce\/cart-order-summary-taxes-block\" class=\"wp-block-woocommerce-cart-order-summary-taxes-block\"><\/div><\/div><\/div>\n\n<div data-block-name=\"woocommerce\/cart-express-payment-block\" class=\"wp-block-woocommerce-cart-express-payment-block\"><\/div>\n\n<div data-block-name=\"woocommerce\/proceed-to-checkout-block\" class=\"wp-block-woocommerce-proceed-to-checkout-block\"><\/div>\n\n<div data-block-name=\"woocommerce\/cart-accepted-payment-methods-block\" class=\"wp-block-woocommerce-cart-accepted-payment-methods-block\"><\/div><\/div><\/div>\n\n<div data-block-name=\"woocommerce\/empty-cart-block\" class=\"wp-block-woocommerce-empty-cart-block\">\n<h2 class=\"wp-block-heading has-text-align-center with-empty-cart-icon wc-block-cart__empty-cart__title\">Your cart is currently empty!<\/h2>\n\n\n\n<hr class=\"wp-block-separator has-alpha-channel-opacity is-style-dots\"\/>\n\n\n\n<h2 class=\"wp-block-heading has-text-align-center\">New in store<\/h2>\n\n\n<div data-block-name=\"woocommerce\/product-new\" data-columns=\"4\" data-rows=\"1\" class=\"wc-block-grid wp-block-product-new wc-block-product-new has-4-columns\"><ul class=\"wc-block-grid__products\"><li class=\"wc-block-grid__product\">\n\t\t\t\t<a href=\"https:\/\/mariareynadelapaz.com\/index.php\/product\/resucitame-en-los-demas-p-jose-r-valencia-gallegos-l-c-2\/\" class=\"wc-block-grid__product-link\">\n\t\t\t\t\t\n\t\t\t\t\t<div class=\"wc-block-grid__product-image\"><img loading=\"lazy\" decoding=\"async\" width=\"300\" height=\"300\" src=\"https:\/\/mariareynadelapaz.com\/wp-content\/uploads\/2025\/11\/WhatsApp-Image-2025-11-07-at-2.39.12-PM-300x300.jpeg\" class=\"attachment-woocommerce_thumbnail size-woocommerce_thumbnail\" alt=\"Resucitame en los Demas \/ P. Jos\u00e9 R. Valencia Gallegos L.C\" srcset=\"https:\/\/mariareynadelapaz.com\/wp-content\/uploads\/2025\/11\/WhatsApp-Image-2025-11-07-at-2.39.12-PM-300x300.jpeg 300w, https:\/\/mariareynadelapaz.com\/wp-content\/uploads\/2025\/11\/WhatsApp-Image-2025-11-07-at-2.39.12-PM-150x150.jpeg 150w, https:\/\/mariareynadelapaz.com\/wp-content\/uploads\/2025\/11\/WhatsApp-Image-2025-11-07-at-2.39.12-PM-100x100.jpeg 100w\" sizes=\"(max-width: 300px) 100vw, 300px\" \/><\/div>\n\t\t\t\t\t<div class=\"wc-block-grid__product-title\">Resucitame en los Demas \/ P. Jos\u00e9 R. Valencia Gallegos L.C<\/div>\n\t\t\t\t<\/a>\n\t\t\t\t<div class=\"wc-block-grid__product-price price\"><span class=\"woocommerce-Price-amount amount\"><span class=\"woocommerce-Price-currencySymbol\">&#036;<\/span>300.00<\/span><\/div>\n\t\t\t\t\n\t\t\t\t<div class=\"wp-block-button wc-block-grid__product-add-to-cart\"><a href=\"?add-to-cart=2471\" aria-label=\"Add to cart: &ldquo;Resucitame en los Demas \/ P. Jos\u00e9 R. Valencia Gallegos L.C&rdquo;\" data-quantity=\"1\" data-product_id=\"2471\" data-product_sku=\"3565\" data-price=\"300\" rel=\"nofollow\" class=\"wp-block-button__link  add_to_cart_button ajax_add_to_cart\">A\u00f1adir al carrito<\/a><\/div>\n\t\t\t<\/li><li class=\"wc-block-grid__product\">\n\t\t\t\t<a href=\"https:\/\/mariareynadelapaz.com\/index.php\/product\/calendario-catolico-para-escritorio-2026\/\" class=\"wc-block-grid__product-link\">\n\t\t\t\t\t\n\t\t\t\t\t<div class=\"wc-block-grid__product-image\"><img loading=\"lazy\" decoding=\"async\" width=\"300\" height=\"300\" src=\"https:\/\/mariareynadelapaz.com\/wp-content\/uploads\/2025\/11\/WhatsApp-Image-2025-11-01-at-1.44.34-PM-5-300x300.jpeg\" class=\"attachment-woocommerce_thumbnail size-woocommerce_thumbnail\" alt=\"Calendario Catolico para Escritorio 2026\" srcset=\"https:\/\/mariareynadelapaz.com\/wp-content\/uploads\/2025\/11\/WhatsApp-Image-2025-11-01-at-1.44.34-PM-5-300x300.jpeg 300w, https:\/\/mariareynadelapaz.com\/wp-content\/uploads\/2025\/11\/WhatsApp-Image-2025-11-01-at-1.44.34-PM-5-150x150.jpeg 150w, https:\/\/mariareynadelapaz.com\/wp-content\/uploads\/2025\/11\/WhatsApp-Image-2025-11-01-at-1.44.34-PM-5-100x100.jpeg 100w\" sizes=\"(max-width: 300px) 100vw, 300px\" \/><\/div>\n\t\t\t\t\t<div class=\"wc-block-grid__product-title\">Calendario Catolico para Escritorio 2026<\/div>\n\t\t\t\t<\/a>\n\t\t\t\t<div class=\"wc-block-grid__product-price price\"><span class=\"woocommerce-Price-amount amount\"><span class=\"woocommerce-Price-currencySymbol\">&#036;<\/span>170.00<\/span><\/div>\n\t\t\t\t\n\t\t\t\t<div class=\"wp-block-button wc-block-grid__product-add-to-cart\"><a href=\"?add-to-cart=2468\" aria-label=\"Add to cart: &ldquo;Calendario Catolico para Escritorio 2026&rdquo;\" data-quantity=\"1\" data-product_id=\"2468\" data-product_sku=\"6025\" data-price=\"170\" rel=\"nofollow\" class=\"wp-block-button__link  add_to_cart_button ajax_add_to_cart\">A\u00f1adir al carrito<\/a><\/div>\n\t\t\t<\/li><li class=\"wc-block-grid__product\">\n\t\t\t\t<a href=\"https:\/\/mariareynadelapaz.com\/index.php\/product\/calendario-valores-para-escritorio-2026\/\" class=\"wc-block-grid__product-link\">\n\t\t\t\t\t\n\t\t\t\t\t<div class=\"wc-block-grid__product-image\"><img loading=\"lazy\" decoding=\"async\" width=\"300\" height=\"300\" src=\"https:\/\/mariareynadelapaz.com\/wp-content\/uploads\/2025\/11\/WhatsApp-Image-2025-11-01-at-1.44.34-PM-6-300x300.jpeg\" class=\"attachment-woocommerce_thumbnail size-woocommerce_thumbnail\" alt=\"Calendario Valores para Escritorio 2026\" srcset=\"https:\/\/mariareynadelapaz.com\/wp-content\/uploads\/2025\/11\/WhatsApp-Image-2025-11-01-at-1.44.34-PM-6-300x300.jpeg 300w, https:\/\/mariareynadelapaz.com\/wp-content\/uploads\/2025\/11\/WhatsApp-Image-2025-11-01-at-1.44.34-PM-6-150x150.jpeg 150w, https:\/\/mariareynadelapaz.com\/wp-content\/uploads\/2025\/11\/WhatsApp-Image-2025-11-01-at-1.44.34-PM-6-100x100.jpeg 100w\" sizes=\"(max-width: 300px) 100vw, 300px\" \/><\/div>\n\t\t\t\t\t<div class=\"wc-block-grid__product-title\">Calendario Valores para Escritorio 2026<\/div>\n\t\t\t\t<\/a>\n\t\t\t\t<div class=\"wc-block-grid__product-price price\"><span class=\"woocommerce-Price-amount amount\"><span class=\"woocommerce-Price-currencySymbol\">&#036;<\/span>170.00<\/span><\/div>\n\t\t\t\t\n\t\t\t\t<div class=\"wp-block-button wc-block-grid__product-add-to-cart\"><a href=\"?add-to-cart=2467\" aria-label=\"Add to cart: &ldquo;Calendario Valores para Escritorio 2026&rdquo;\" data-quantity=\"1\" data-product_id=\"2467\" data-product_sku=\"5985\" data-price=\"170\" rel=\"nofollow\" class=\"wp-block-button__link  add_to_cart_button ajax_add_to_cart\">A\u00f1adir al carrito<\/a><\/div>\n\t\t\t<\/li><li class=\"wc-block-grid__product\">\n\t\t\t\t<a href=\"https:\/\/mariareynadelapaz.com\/index.php\/product\/agenda-valores-2026\/\" class=\"wc-block-grid__product-link\">\n\t\t\t\t\t\n\t\t\t\t\t<div class=\"wc-block-grid__product-image\"><img loading=\"lazy\" decoding=\"async\" width=\"300\" height=\"300\" src=\"https:\/\/mariareynadelapaz.com\/wp-content\/uploads\/2025\/11\/WhatsApp-Image-2025-11-01-at-1.44.34-PM-7-300x300.jpeg\" class=\"attachment-woocommerce_thumbnail size-woocommerce_thumbnail\" alt=\"Agenda Valores 2026\" srcset=\"https:\/\/mariareynadelapaz.com\/wp-content\/uploads\/2025\/11\/WhatsApp-Image-2025-11-01-at-1.44.34-PM-7-300x300.jpeg 300w, https:\/\/mariareynadelapaz.com\/wp-content\/uploads\/2025\/11\/WhatsApp-Image-2025-11-01-at-1.44.34-PM-7-150x150.jpeg 150w, https:\/\/mariareynadelapaz.com\/wp-content\/uploads\/2025\/11\/WhatsApp-Image-2025-11-01-at-1.44.34-PM-7-100x100.jpeg 100w\" sizes=\"(max-width: 300px) 100vw, 300px\" \/><\/div>\n\t\t\t\t\t<div class=\"wc-block-grid__product-title\">Agenda Valores 2026<\/div>\n\t\t\t\t<\/a>\n\t\t\t\t<div class=\"wc-block-grid__product-price price\"><span class=\"woocommerce-Price-amount amount\"><span class=\"woocommerce-Price-currencySymbol\">&#036;<\/span>300.00<\/span><\/div>\n\t\t\t\t\n\t\t\t\t<div class=\"wp-block-button wc-block-grid__product-add-to-cart\"><a href=\"?add-to-cart=2466\" aria-label=\"Add to cart: &ldquo;Agenda Valores 2026&rdquo;\" data-quantity=\"1\" data-product_id=\"2466\" data-product_sku=\"5806\" data-price=\"300\" rel=\"nofollow\" class=\"wp-block-button__link  add_to_cart_button ajax_add_to_cart\">A\u00f1adir al carrito<\/a><\/div>\n\t\t\t<\/li><\/ul><\/div><\/div><\/div>","protected":false},"excerpt":{"rendered":"","protected":false},"author":1,"featured_media":0,"parent":0,"menu_order":0,"comment_status":"closed","ping_status":"closed","template":"","meta":{"footnotes":""},"blocksy_meta":[],"featured_image_urls":{"full":"","thumbnail":"","medium":"","medium_large":"","large":"","1536x1536":"","2048x2048":"","woocommerce_archive_thumbnail":"","woocommerce_thumbnail":"","woocommerce_single":"","woocommerce_gallery_thumbnail":""},"post_excerpt_stackable":"<p>Podr\u00edan interesarte&#8230; Your cart is currently empty! New in store Resucitame en los Demas \/ P. Jos\u00e9 R. Valencia Gallegos L.C &#036;300.00 A\u00f1adir al carrito Calendario Catolico para Escritorio 2026 &#036;170.00 A\u00f1adir al carrito Calendario Valores para Escritorio 2026 &#036;170.00 A\u00f1adir al carrito Agenda Valores 2026 &#036;300.00 A\u00f1adir al carrito<\/p>\n","category_list":"","author_info":{"name":"mariareynadelapaz.com","url":"https:\/\/mariareynadelapaz.com\/index.php\/author\/mariareynadelapaz-com\/"},"comments_num":"0 comments","_links":{"self":[{"href":"https:\/\/mariareynadelapaz.com\/index.php\/wp-json\/wp\/v2\/pages\/7"}],"collection":[{"href":"https:\/\/mariareynadelapaz.com\/index.php\/wp-json\/wp\/v2\/pages"}],"about":[{"href":"https:\/\/mariareynadelapaz.com\/index.php\/wp-json\/wp\/v2\/types\/page"}],"author":[{"embeddable":true,"href":"https:\/\/mariareynadelapaz.com\/index.php\/wp-json\/wp\/v2\/users\/1"}],"replies":[{"embeddable":true,"href":"https:\/\/mariareynadelapaz.com\/index.php\/wp-json\/wp\/v2\/comments?post=7"}],"version-history":[{"count":1,"href":"https:\/\/mariareynadelapaz.com\/index.php\/wp-json\/wp\/v2\/pages\/7\/revisions"}],"predecessor-version":[{"id":885,"href":"https:\/\/mariareynadelapaz.com\/index.php\/wp-json\/wp\/v2\/pages\/7\/revisions\/885"}],"wp:attachment":[{"href":"https:\/\/mariareynadelapaz.com\/index.php\/wp-json\/wp\/v2\/media?parent=7"}],"curies":[{"name":"wp","href":"https:\/\/api.w.org\/{rel}","templated":true}]}}