{"id":410,"date":"2022-03-23T09:17:00","date_gmt":"2022-03-23T09:17:00","guid":{"rendered":"https:\/\/demo.creativethemes.com\/stagingseven\/?page_id=410"},"modified":"2025-03-09T20:57:29","modified_gmt":"2025-03-10T02:57:29","slug":"about-us","status":"publish","type":"page","link":"https:\/\/mariareynadelapaz.com\/index.php\/about-us\/","title":{"rendered":"Nosotros"},"content":{"rendered":"\n<div class=\"wp-block-stackable-columns aligncenter stk-block-columns stk-block stk-cf247fd stk-block-background stk--has-background-overlay\" data-block-id=\"cf247fd\"><style>.stk-cf247fd{background-color:var(--theme-palette-color-5,#edeff2) !important;background-image:url(http:\/\/mariareynadelapaz.com\/wp-content\/uploads\/2025\/03\/LOGO-SIMPLE-4-MARIA-REYNA-DE-LA-PAZ.png) !important;background-position:top left !important;background-repeat:no-repeat !important;border-top-left-radius:19px !important;border-top-right-radius:19px !important;border-bottom-right-radius:19px !important;border-bottom-left-radius:19px !important;overflow:hidden !important;box-shadow:none !important;min-height:102px !important;max-width:929px !important;padding-top:138px !important;padding-right:200px !important;padding-bottom:210px !important;padding-left:33px !important;margin-top:3px !important;margin-right:auto !important;margin-bottom:0px !important;margin-left:0px !important;top:-18px !important}.stk-cf247fd:before{background-color:var(--theme-palette-color-5,#edeff2) !important;opacity:0.4 !important}.stk-cf247fd-column{max-width:997px !important;margin-right:auto !important;margin-left:0px !important;--stk-columns-spacing:36px !important;row-gap:10px !important;justify-content:flex-start !important}@media screen and (max-width:1023px){.stk-cf247fd{padding-top:140px !important;padding-bottom:140px !important}}@media screen and (max-width:767px){.stk-cf247fd{min-height:0px !important;max-width:1500px !important;padding-top:0px !important;padding-right:0px !important;padding-bottom:0px !important;padding-left:0px !important;margin-top:5px !important;margin-bottom:0px !important;top:-23px !important;position:static !important;opacity:1 !important;z-index:-10 !important}}<\/style><div class=\"stk-row stk-inner-blocks has-text-align-left stk-block-content stk-content-align stk-cf247fd-column stk--flex\">\n<div class=\"wp-block-stackable-column stk-block-column stk-column stk-block stk-1d93b9f\" data-v=\"4\" data-block-id=\"1d93b9f\"><style>.stk-1d93b9f-container{margin-top:0px !important;margin-right:0px !important;margin-bottom:0px !important;margin-left:0px !important}<\/style><div class=\"stk-column-wrapper stk-block-column__content stk-container stk-1d93b9f-container stk--no-background stk--no-padding\"><div class=\"stk-block-content stk-inner-blocks stk-1d93b9f-inner-blocks\">\n<p><\/p>\n\n\n\n<p><\/p>\n\n\n\n<p class=\"has-medium-font-size\" style=\"margin-top:var(--wp--preset--spacing--50);margin-bottom:var(--wp--preset--spacing--50)\"><\/p>\n\n\n\n<p class=\"has-small-font-size\"><\/p>\n\n\n\n<p><\/p>\n\n\n\n<p class=\"has-medium-font-size\"><strong>Nosotros. Somos una tienda cat\u00f3lica, no lucrativa, ofrecemos una gran variedad de libros y art\u00edculos religiosos para ayudarte a vivir tu fe y espiritualidad al m\u00e1ximo. Tenemos Biblias, accesorios para Primera Comuni\u00f3n, Rosarios, Velas, Cuadros, Figuras e Im\u00e1genes,  Estampas, Llaveros, Separadores para libros, y mucho m\u00e1s. Nuestra p\u00e1gina est\u00e1 en constante crecimiento. Las utilidades se dedican a la formaci\u00f3n de sacerdotes, casas de religiosos, y otra obras de beneficiencia. Visita nuestras 2 tiendas f\u00edsicas en Av. Lomas Verdes, (Plaza Shopping)  y Prado Norte 565 (Casa Prado).<\/strong><\/p>\n<\/div><\/div><\/div>\n<\/div><\/div>\n","protected":false},"excerpt":{"rendered":"<p>Nosotros. Somos una tienda cat\u00f3lica, no lucrativa, ofrecemos una gran variedad de libros y art\u00edculos religiosos para ayudarte a vivir tu fe y espiritualidad al m\u00e1ximo. Tenemos Biblias, accesorios para Primera Comuni\u00f3n, Rosarios, Velas, Cuadros, Figuras e Im\u00e1genes, Estampas, Llaveros, Separadores para libros, y mucho m\u00e1s. Nuestra p\u00e1gina est\u00e1 en constante crecimiento. Las utilidades se [&hellip;]<\/p>\n","protected":false},"author":1,"featured_media":0,"parent":0,"menu_order":0,"comment_status":"closed","ping_status":"closed","template":"","meta":{"footnotes":""},"blocksy_meta":{"page_title_panel":"","has_hero_section":"disabled","d62764b6e9bb0aaea5ca5b89dbc46beb":"","hero_section":"type-1","hero_elements":[{"id":"custom_title","enabled":true,"heading_tag":"h1","title":"Home"},{"id":"custom_description","enabled":true,"description_visibility":{"desktop":true,"tablet":true,"mobile":false}},{"id":"custom_meta","enabled":false,"meta_elements":[{"id":"author","enabled":true,"label":"By","has_author_avatar":"yes","avatar_size":25},{"id":"post_date","enabled":true,"label":"On","date_format_source":"default","date_format":"M j, Y"},{"id":"updated_date","enabled":false,"label":"On","date_format_source":"default","date_format":"M j, Y"},{"id":"categories","enabled":false,"label":"In","style":"simple"},{"id":"comments","enabled":true}],"page_meta_elements":{"joined":true,"articles_count":true,"comments":true}},{"id":"breadcrumbs","enabled":false}],"fae67ca3721c76f07332a34e2e1279c1":"","hero_alignment1":"CT_CSS_SKIP_RULE","hero_margin":40,"hero_alignment2":"center","hero_vertical_alignment":"center","265681bca8ef66c998345d5f49e0a641":"","hero_structure":"narrow","9fd6ae2320326ef29e9de4a6fabe4476":"","page_title_bg_type":"featured_image","custom_hero_background":{"attachment_id":null},"parallax":{"desktop":false,"tablet":false,"mobile":false},"7b759c92badcf9bd8e5dad0e24feb678":"","hero_height":"250px","pageTitleFont":{"family":"Default","variation":"Default","size":"30px","line-height":"CT_CSS_SKIP_RULE","letter-spacing":"CT_CSS_SKIP_RULE","text-transform":"CT_CSS_SKIP_RULE","text-decoration":"CT_CSS_SKIP_RULE"},"pageTitleFontColor":{"default":{"color":"CT_CSS_SKIP_RULEDEFAULT"}},"pageMetaFont":{"family":"Default","variation":"n6","size":"12px","line-height":"1.3","letter-spacing":"CT_CSS_SKIP_RULE","text-transform":"uppercase","text-decoration":"CT_CSS_SKIP_RULE"},"pageMetaFontColor":{"default":{"color":"CT_CSS_SKIP_RULEDEFAULT"},"hover":{"color":"CT_CSS_SKIP_RULEDEFAULT"}},"page_meta_button_type_font_colors":{"default":{"color":"CT_CSS_SKIP_RULEDEFAULT"},"hover":{"color":"CT_CSS_SKIP_RULEDEFAULT"}},"page_meta_button_type_background_colors":{"default":{"color":"CT_CSS_SKIP_RULEDEFAULT"},"hover":{"color":"CT_CSS_SKIP_RULEDEFAULT"}},"pageExcerptFont":{"family":"Default","variation":"Default","size":"CT_CSS_SKIP_RULE","line-height":"CT_CSS_SKIP_RULE","letter-spacing":"CT_CSS_SKIP_RULE","text-transform":"CT_CSS_SKIP_RULE","text-decoration":"CT_CSS_SKIP_RULE"},"pageExcerptColor":{"default":{"color":"CT_CSS_SKIP_RULEDEFAULT"}},"breadcrumbsFont":{"family":"Default","variation":"Default","size":"CT_CSS_SKIP_RULE","line-height":"CT_CSS_SKIP_RULE","letter-spacing":"CT_CSS_SKIP_RULE","text-transform":"CT_CSS_SKIP_RULE","text-decoration":"CT_CSS_SKIP_RULE"},"breadcrumbsFontColor":{"default":{"color":"CT_CSS_SKIP_RULEDEFAULT"},"initial":{"color":"CT_CSS_SKIP_RULEDEFAULT"},"hover":{"color":"CT_CSS_SKIP_RULEDEFAULT"}},"pageTitleOverlay":{"background_type":"color","background_pattern":"type-1","background_image":{"attachment_id":null,"x":0,"y":0},"gradient":"linear-gradient(135deg,rgba(6,147,227,1) 0%,rgb(155,81,224) 100%)","background_repeat":"repeat","background_size":"auto","background_attachment":"scroll","patternColor":{"default":{"color":"#e5e7ea"}},"overlayColor":{"default":{"color":"CT_CSS_SKIP_RULE"}},"backgroundColor":{"default":{"color":"CT_CSS_SKIP_RULE"}}},"pageTitleBackground":{"background_type":"color","background_pattern":"type-1","background_image":{"attachment_id":null,"x":0,"y":0},"gradient":"linear-gradient(135deg,rgba(6,147,227,1) 0%,rgb(155,81,224) 100%)","background_repeat":"repeat","background_size":"auto","background_attachment":"scroll","patternColor":{"default":{"color":"#e5e7ea"}},"overlayColor":{"default":{"color":"CT_CSS_SKIP_RULE"}},"backgroundColor":{"default":{"color":"var(--theme-palette-color-6)"}}},"pageTitlePadding":{"top":"50px","bottom":"50px","left":"auto","right":"auto","linked":true},"f4fc0fcaa853d290d42c96e8f6d5b869":"","page_structure_type":"default","0b26d651a8d2ebb2a14a963ba8c4895c":"","content_style_source":"inherit","content_style":"wide","vertical_spacing_source":"custom","content_area_spacing":"none","background":{"background_type":"color","background_pattern":"type-1","background_image":{"attachment_id":null,"x":0,"y":0},"gradient":"linear-gradient(135deg,rgba(6,147,227,1) 0%,rgb(155,81,224) 100%)","background_repeat":"repeat","background_size":"auto","background_attachment":"scroll","patternColor":{"default":{"color":"#e5e7ea"}},"overlayColor":{"default":{"color":"CT_CSS_SKIP_RULE"}},"backgroundColor":{"default":{"color":"CT_CSS_SKIP_RULE"}}},"content_background":{"background_type":"color","background_pattern":"type-1","background_image":{"attachment_id":null,"x":0,"y":0},"gradient":"linear-gradient(135deg,rgba(6,147,227,1) 0%,rgb(155,81,224) 100%)","background_repeat":"repeat","background_size":"auto","background_attachment":"scroll","patternColor":{"default":{"color":"#e5e7ea"}},"overlayColor":{"default":{"color":"CT_CSS_SKIP_RULE"}},"backgroundColor":{"default":{"color":"var(--theme-palette-color-8)"}}},"content_boxed_shadow":{"inherit":false,"blur":18,"spread":-6,"v_offset":12,"h_offset":0,"inset":false,"enable":true,"color":{"color":"rgba(34, 56, 101, 0.04)"}},"boxed_content_spacing":{"desktop":{"top":"40px","bottom":"40px","left":"40px","right":"40px","linked":true},"tablet":{"top":"35px","bottom":"35px","left":"35px","right":"35px","linked":true},"mobile":{"top":"20px","bottom":"20px","left":"20px","right":"20px","linked":true}},"content_boxed_radius":{"top":"3px","bottom":"3px","left":"3px","right":"3px","linked":true},"d5f159e47b7a7b57e3af8576c3a511fa":"","disable_featured_image":"no","disable_share_box":"no","disable_header":"no","disable_footer":"no","styles_descriptor":{"styles":{"desktop":"","tablet":"","mobile":""},"google_fonts":[],"version":6}},"featured_image_urls":{"full":"","thumbnail":"","medium":"","medium_large":"","large":"","1536x1536":"","2048x2048":"","woocommerce_archive_thumbnail":"","woocommerce_thumbnail":"","woocommerce_single":"","woocommerce_gallery_thumbnail":""},"post_excerpt_stackable":"<p>Nosotros. Somos una tienda cat\u00f3lica, no lucrativa, ofrecemos una gran variedad de libros y art\u00edculos religiosos para ayudarte a vivir tu fe y espiritualidad al m\u00e1ximo. Tenemos Biblias, accesorios para Primera Comuni\u00f3n, Rosarios, Velas, Cuadros, Figuras e Im\u00e1genes, Estampas, Llaveros, Separadores para libros, y mucho m\u00e1s. Nuestra p\u00e1gina est\u00e1 en constante crecimiento. Las utilidades se dedican a la formaci\u00f3n de sacerdotes, casas de religiosos, y otra obras de beneficiencia. Visita nuestras 2 tiendas f\u00edsicas en Av. Lomas Verdes, (Plaza Shopping) y Prado Norte 565 (Casa Prado).<\/p>\n","category_list":"","author_info":{"name":"mariareynadelapaz.com","url":"https:\/\/mariareynadelapaz.com\/index.php\/author\/mariareynadelapaz-com\/"},"comments_num":"0 comments","_links":{"self":[{"href":"https:\/\/mariareynadelapaz.com\/index.php\/wp-json\/wp\/v2\/pages\/410"}],"collection":[{"href":"https:\/\/mariareynadelapaz.com\/index.php\/wp-json\/wp\/v2\/pages"}],"about":[{"href":"https:\/\/mariareynadelapaz.com\/index.php\/wp-json\/wp\/v2\/types\/page"}],"author":[{"embeddable":true,"href":"https:\/\/mariareynadelapaz.com\/index.php\/wp-json\/wp\/v2\/users\/1"}],"replies":[{"embeddable":true,"href":"https:\/\/mariareynadelapaz.com\/index.php\/wp-json\/wp\/v2\/comments?post=410"}],"version-history":[{"count":29,"href":"https:\/\/mariareynadelapaz.com\/index.php\/wp-json\/wp\/v2\/pages\/410\/revisions"}],"predecessor-version":[{"id":2274,"href":"https:\/\/mariareynadelapaz.com\/index.php\/wp-json\/wp\/v2\/pages\/410\/revisions\/2274"}],"wp:attachment":[{"href":"https:\/\/mariareynadelapaz.com\/index.php\/wp-json\/wp\/v2\/media?parent=410"}],"curies":[{"name":"wp","href":"https:\/\/api.w.org\/{rel}","templated":true}]}}